{"id":43,"date":"2023-02-05T17:02:14","date_gmt":"2023-02-05T16:02:14","guid":{"rendered":"http:\/\/nadinept.de\/blog\/"},"modified":"2024-03-12T13:24:45","modified_gmt":"2024-03-12T12:24:45","slug":"blog","status":"publish","type":"page","link":"https:\/\/nadinept.de\/en\/blog\/","title":{"rendered":"Blog"},"content":{"rendered":"<p><div class=\"fusion-fullwidth fullwidth-box fusion-builder-row-1 fusion-flex-container nonhundred-percent-fullwidth non-hundred-percent-height-scrolling\" style=\"--awb-border-color:var(--awb-color3);--awb-border-radius-top-left:0px;--awb-border-radius-top-right:0px;--awb-border-radius-bottom-right:0px;--awb-border-radius-bottom-left:0px;--awb-padding-top:60px;--awb-padding-bottom:60px;--awb-flex-wrap:wrap;\" ><div class=\"fusion-builder-row fusion-row fusion-flex-align-items-flex-start fusion-flex-content-wrap\" style=\"max-width:1248px;margin-left: calc(-4% \/ 2 );margin-right: calc(-4% \/ 2 );\"><div class=\"fusion-layout-column fusion_builder_column fusion-builder-column-0 fusion_builder_column_2_3 2_3 fusion-flex-column\" style=\"--awb-bg-size:cover;--awb-width-large:66.666666666667%;--awb-margin-top-large:0px;--awb-spacing-right-large:5.76%;--awb-margin-bottom-large:0px;--awb-spacing-left-large:2.88%;--awb-width-medium:66.666666666667%;--awb-order-medium:0;--awb-spacing-right-medium:5.76%;--awb-spacing-left-medium:2.88%;--awb-width-small:100%;--awb-order-small:0;--awb-spacing-right-small:1.92%;--awb-spacing-left-small:1.92%;\"><div class=\"fusion-column-wrapper fusion-column-has-shadow fusion-flex-justify-content-flex-start fusion-content-layout-column\"><\/div><\/div><div class=\"fusion-layout-column fusion_builder_column fusion-builder-column-1 fusion_builder_column_1_3 1_3 fusion-flex-column\" style=\"--awb-padding-left:5px;--awb-bg-size:cover;--awb-width-large:33.333333333333%;--awb-margin-top-large:0px;--awb-spacing-right-large:5.76%;--awb-margin-bottom-large:20px;--awb-spacing-left-large:5.76%;--awb-width-medium:33.333333333333%;--awb-order-medium:0;--awb-spacing-right-medium:5.76%;--awb-spacing-left-medium:5.76%;--awb-width-small:100%;--awb-order-small:0;--awb-spacing-right-small:1.92%;--awb-spacing-left-small:1.92%;\"><div class=\"fusion-column-wrapper fusion-column-has-shadow fusion-flex-justify-content-flex-start fusion-content-layout-column\"><div class=\"fusion-builder-row fusion-builder-row-inner fusion-row fusion-flex-align-items-flex-start fusion-flex-content-wrap\" style=\"--awb-flex-grow:0;--awb-flex-grow-medium:0;--awb-flex-grow-small:0;--awb-flex-shrink:0;--awb-flex-shrink-medium:0;--awb-flex-shrink-small:0;width:104% !important;max-width:104% !important;margin-left: calc(-4% \/ 2 );margin-right: calc(-4% \/ 2 );\"><div class=\"fusion-layout-column fusion_builder_column_inner fusion-builder-nested-column-0 fusion_builder_column_inner_1_1 1_1 fusion-flex-column\" style=\"--awb-padding-top:35px;--awb-padding-right:35px;--awb-padding-bottom:35px;--awb-padding-left:35px;--awb-bg-size:cover;--awb-border-color:hsla(var(--awb-color8-h),var(--awb-color8-s),var(--awb-color8-l),calc(var(--awb-color8-a) - 90%));--awb-border-top:1px;--awb-border-right:1px;--awb-border-bottom:1px;--awb-border-left:1px;--awb-border-style:solid;--awb-width-large:100%;--awb-margin-top-large:0px;--awb-spacing-right-large:1.92%;--awb-margin-bottom-large:40px;--awb-spacing-left-large:1.92%;--awb-width-medium:100%;--awb-order-medium:0;--awb-spacing-right-medium:1.92%;--awb-spacing-left-medium:1.92%;--awb-width-small:100%;--awb-order-small:0;--awb-spacing-right-small:1.92%;--awb-spacing-left-small:1.92%;\"><div class=\"fusion-column-wrapper fusion-column-has-shadow fusion-flex-justify-content-flex-start fusion-content-layout-column\"><div class=\"fusion-title title fusion-title-1 fusion-sep-none fusion-title-text fusion-title-size-five\" style=\"--awb-margin-bottom:30px;--awb-margin-top-small:10px;--awb-margin-right-small:0px;--awb-margin-bottom-small:10px;--awb-margin-left-small:0px;\"><h5 class=\"fusion-title-heading title-heading-left\" style=\"margin:0;\">Kategorien<\/h5><\/div><div class=\"fusion-post-cards fusion-post-cards-2 fusion-grid-columns-1 fusion-grid-flex-grow\" style=\"--awb-column-spacing:0px;--awb-columns:1;--awb-row-spacing:15px;\" data-post-type-label=\"posts\"><ul class=\"fusion-grid fusion-grid-1 fusion-flex-align-items-flex-start fusion-grid-posts-cards\"><li class=\"fusion-layout-column fusion_builder_column fusion-builder-column-2 fusion-flex-column post-card fusion-grid-column fusion-post-cards-grid-column\" style=\"--awb-bg-blend:overlay;--awb-bg-size:cover;--awb-flex-grow:0;--awb-flex-shrink:0;--awb-flex-grow-medium:0;--awb-flex-shrink-medium:0;--awb-flex-grow-small:0;--awb-flex-shrink-small:0;\"><div class=\"fusion-column-wrapper fusion-flex-justify-content-space-between fusion-content-layout-row fusion-flex-align-items-center\"><div class=\"fusion-title title fusion-title-2 fusion-sep-none fusion-title-text fusion-title-size-six\" style=\"--awb-margin-right:20px;--awb-margin-top-small:10px;--awb-margin-right-small:0px;--awb-margin-bottom-small:10px;--awb-margin-left-small:0px;\"><h6 class=\"fusion-title-heading title-heading-left\" style=\"margin:0;\"><a href=\"https:\/\/nadinept.de\/en\/category\/hautprobleme\/\" class=\"awb-custom-text-color awb-custom-text-hover-color\" target=\"_self\">Skin problems<\/a><\/h6><\/div><div class=\"fusion-title title fusion-title-3 fusion-sep-none fusion-title-text fusion-title-size-six\" style=\"--awb-margin-top-small:10px;--awb-margin-right-small:0px;--awb-margin-bottom-small:10px;--awb-margin-left-small:0px;\"><h6 class=\"fusion-title-heading title-heading-left\" style=\"margin:0;\">0<\/h6><\/div><\/div><div class=\"fusion-separator fusion-full-width-sep fusion-absolute-separator fusion-align-center fusion-single-px\" style=\"width:100%;max-width:100%;\"><div class=\"fusion-separator-border sep-single sep-solid\" style=\"--awb-height:20px;--awb-amount:20px;--awb-sep-color:hsla(var(--awb-color8-h),var(--awb-color8-s),var(--awb-color8-l),calc(var(--awb-color8-a) - 90%));border-color:hsla(var(--awb-color8-h),var(--awb-color8-s),var(--awb-color8-l),calc(var(--awb-color8-a) - 90%));border-top-width:1px;\"><\/div><\/div><\/li>\n<li class=\"fusion-layout-column fusion_builder_column fusion-builder-column-3 fusion-flex-column post-card fusion-grid-column fusion-post-cards-grid-column\" style=\"--awb-bg-blend:overlay;--awb-bg-size:cover;--awb-flex-grow:0;--awb-flex-shrink:0;--awb-flex-grow-medium:0;--awb-flex-shrink-medium:0;--awb-flex-grow-small:0;--awb-flex-shrink-small:0;\"><div class=\"fusion-column-wrapper fusion-flex-justify-content-space-between fusion-content-layout-row fusion-flex-align-items-center\"><div class=\"fusion-title title fusion-title-4 fusion-sep-none fusion-title-text fusion-title-size-six\" style=\"--awb-margin-right:20px;--awb-margin-top-small:10px;--awb-margin-right-small:0px;--awb-margin-bottom-small:10px;--awb-margin-left-small:0px;\"><h6 class=\"fusion-title-heading title-heading-left\" style=\"margin:0;\"><a href=\"https:\/\/nadinept.de\/en\/category\/fitness\/\" class=\"awb-custom-text-color awb-custom-text-hover-color\" target=\"_self\">Fitness<\/a><\/h6><\/div><div class=\"fusion-title title fusion-title-5 fusion-sep-none fusion-title-text fusion-title-size-six\" style=\"--awb-margin-top-small:10px;--awb-margin-right-small:0px;--awb-margin-bottom-small:10px;--awb-margin-left-small:0px;\"><h6 class=\"fusion-title-heading title-heading-left\" style=\"margin:0;\">0<\/h6><\/div><\/div><div class=\"fusion-separator fusion-full-width-sep fusion-absolute-separator fusion-align-center fusion-single-px\" style=\"width:100%;max-width:100%;\"><div class=\"fusion-separator-border sep-single sep-solid\" style=\"--awb-height:20px;--awb-amount:20px;--awb-sep-color:hsla(var(--awb-color8-h),var(--awb-color8-s),var(--awb-color8-l),calc(var(--awb-color8-a) - 90%));border-color:hsla(var(--awb-color8-h),var(--awb-color8-s),var(--awb-color8-l),calc(var(--awb-color8-a) - 90%));border-top-width:1px;\"><\/div><\/div><\/li>\n<li class=\"fusion-layout-column fusion_builder_column fusion-builder-column-4 fusion-flex-column post-card fusion-grid-column fusion-post-cards-grid-column\" style=\"--awb-bg-blend:overlay;--awb-bg-size:cover;--awb-flex-grow:0;--awb-flex-shrink:0;--awb-flex-grow-medium:0;--awb-flex-shrink-medium:0;--awb-flex-grow-small:0;--awb-flex-shrink-small:0;\"><div class=\"fusion-column-wrapper fusion-flex-justify-content-space-between fusion-content-layout-row fusion-flex-align-items-center\"><div class=\"fusion-title title fusion-title-6 fusion-sep-none fusion-title-text fusion-title-size-six\" style=\"--awb-margin-right:20px;--awb-margin-top-small:10px;--awb-margin-right-small:0px;--awb-margin-bottom-small:10px;--awb-margin-left-small:0px;\"><h6 class=\"fusion-title-heading title-heading-left\" style=\"margin:0;\"><a href=\"https:\/\/nadinept.de\/en\/category\/ernaehrung\/\" class=\"awb-custom-text-color awb-custom-text-hover-color\" target=\"_self\">Nutrition<\/a><\/h6><\/div><div class=\"fusion-title title fusion-title-7 fusion-sep-none fusion-title-text fusion-title-size-six\" style=\"--awb-margin-top-small:10px;--awb-margin-right-small:0px;--awb-margin-bottom-small:10px;--awb-margin-left-small:0px;\"><h6 class=\"fusion-title-heading title-heading-left\" style=\"margin:0;\">0<\/h6><\/div><\/div><div class=\"fusion-separator fusion-full-width-sep fusion-absolute-separator fusion-align-center fusion-single-px\" style=\"width:100%;max-width:100%;\"><div class=\"fusion-separator-border sep-single sep-solid\" style=\"--awb-height:20px;--awb-amount:20px;--awb-sep-color:hsla(var(--awb-color8-h),var(--awb-color8-s),var(--awb-color8-l),calc(var(--awb-color8-a) - 90%));border-color:hsla(var(--awb-color8-h),var(--awb-color8-s),var(--awb-color8-l),calc(var(--awb-color8-a) - 90%));border-top-width:1px;\"><\/div><\/div><\/li>\n<li class=\"fusion-layout-column fusion_builder_column fusion-builder-column-5 fusion-flex-column post-card fusion-grid-column fusion-post-cards-grid-column\" style=\"--awb-bg-blend:overlay;--awb-bg-size:cover;--awb-flex-grow:0;--awb-flex-shrink:0;--awb-flex-grow-medium:0;--awb-flex-shrink-medium:0;--awb-flex-grow-small:0;--awb-flex-shrink-small:0;\"><div class=\"fusion-column-wrapper fusion-flex-justify-content-space-between fusion-content-layout-row fusion-flex-align-items-center\"><div class=\"fusion-title title fusion-title-8 fusion-sep-none fusion-title-text fusion-title-size-six\" style=\"--awb-margin-right:20px;--awb-margin-top-small:10px;--awb-margin-right-small:0px;--awb-margin-bottom-small:10px;--awb-margin-left-small:0px;\"><h6 class=\"fusion-title-heading title-heading-left\" style=\"margin:0;\"><a href=\"https:\/\/nadinept.de\/en\/category\/ernaehrung\/blaehbauch\/\" class=\"awb-custom-text-color awb-custom-text-hover-color\" target=\"_self\">Bl\u00e4hbauch<\/a><\/h6><\/div><div class=\"fusion-title title fusion-title-9 fusion-sep-none fusion-title-text fusion-title-size-six\" style=\"--awb-margin-top-small:10px;--awb-margin-right-small:0px;--awb-margin-bottom-small:10px;--awb-margin-left-small:0px;\"><h6 class=\"fusion-title-heading title-heading-left\" style=\"margin:0;\">0<\/h6><\/div><\/div><div class=\"fusion-separator fusion-full-width-sep fusion-absolute-separator fusion-align-center fusion-single-px\" style=\"width:100%;max-width:100%;\"><div class=\"fusion-separator-border sep-single sep-solid\" style=\"--awb-height:20px;--awb-amount:20px;--awb-sep-color:hsla(var(--awb-color8-h),var(--awb-color8-s),var(--awb-color8-l),calc(var(--awb-color8-a) - 90%));border-color:hsla(var(--awb-color8-h),var(--awb-color8-s),var(--awb-color8-l),calc(var(--awb-color8-a) - 90%));border-top-width:1px;\"><\/div><\/div><\/li>\n<\/ul><\/div><\/div><\/div><\/div><div class=\"fusion-builder-row fusion-builder-row-inner fusion-row fusion-flex-align-items-flex-start fusion-flex-content-wrap\" style=\"--awb-flex-grow:0;--awb-flex-grow-medium:0;--awb-flex-grow-small:0;--awb-flex-shrink:0;--awb-flex-shrink-medium:0;--awb-flex-shrink-small:0;width:104% !important;max-width:104% !important;margin-left: calc(-4% \/ 2 );margin-right: calc(-4% \/ 2 );\"><div class=\"fusion-layout-column fusion_builder_column_inner fusion-builder-nested-column-1 fusion_builder_column_inner_1_1 1_1 fusion-flex-column\" style=\"--awb-bg-size:cover;--awb-width-large:100%;--awb-margin-top-large:0px;--awb-spacing-right-large:1.92%;--awb-margin-bottom-large:0px;--awb-spacing-left-large:1.92%;--awb-width-medium:100%;--awb-order-medium:0;--awb-spacing-right-medium:1.92%;--awb-spacing-left-medium:1.92%;--awb-width-small:100%;--awb-order-small:0;--awb-spacing-right-small:1.92%;--awb-spacing-left-small:1.92%;\"><div class=\"fusion-column-wrapper fusion-column-has-shadow fusion-flex-justify-content-flex-start fusion-content-layout-column\"><div class=\"fusion-title title fusion-title-10 fusion-sep-none fusion-title-text fusion-title-size-five\" style=\"--awb-margin-bottom:30px;--awb-margin-top-small:10px;--awb-margin-right-small:0px;--awb-margin-bottom-small:10px;--awb-margin-left-small:0px;\"><h5 class=\"fusion-title-heading title-heading-left\" style=\"margin:0;\">Featured posts<\/h5><\/div><\/div><\/div><\/div><\/div><\/div><\/div><\/div><div class=\"fusion-fullwidth fullwidth-box fusion-builder-row-2 fusion-flex-container nonhundred-percent-fullwidth non-hundred-percent-height-scrolling\" style=\"--awb-border-color:var(--awb-color1);--awb-border-radius-top-left:0px;--awb-border-radius-top-right:0px;--awb-border-radius-bottom-right:0px;--awb-border-radius-bottom-left:0px;--awb-padding-top:80px;--awb-padding-bottom:80px;--awb-padding-top-small:60px;--awb-padding-bottom-small:60px;--awb-background-color:hsla(var(--awb-color4-h),var(--awb-color4-s),calc(var(--awb-color4-l) + 17%),var(--awb-color4-a));--awb-flex-wrap:wrap;\" ><div class=\"fusion-builder-row fusion-row fusion-flex-align-items-flex-start fusion-flex-content-wrap\" style=\"max-width:calc( 1200px + 80px );margin-left: calc(-80px \/ 2 );margin-right: calc(-80px \/ 2 );\"><div class=\"fusion-layout-column fusion_builder_column fusion-builder-column-6 fusion_builder_column_1_1 1_1 fusion-flex-column fusion-flex-align-self-center\" style=\"--awb-bg-size:cover;--awb-width-large:100%;--awb-flex-grow:0;--awb-flex-shrink:0;--awb-margin-top-large:0px;--awb-spacing-right-large:40px;--awb-margin-bottom-large:40px;--awb-spacing-left-large:40px;--awb-width-medium:100%;--awb-order-medium:0;--awb-flex-grow-medium:0;--awb-flex-shrink-medium:0;--awb-spacing-right-medium:40px;--awb-spacing-left-medium:40px;--awb-width-small:100%;--awb-order-small:0;--awb-flex-grow-small:0;--awb-flex-shrink-small:0;--awb-spacing-right-small:40px;--awb-spacing-left-small:40px;\"><div class=\"fusion-column-wrapper fusion-column-has-shadow fusion-flex-justify-content-space-between fusion-content-layout-row\"><div class=\"fusion-title title fusion-title-11 fusion-sep-none fusion-title-text fusion-title-size-five\" style=\"--awb-margin-bottom:0px;--awb-margin-top-small:10px;--awb-margin-right-small:0px;--awb-margin-bottom-small:10px;--awb-margin-left-small:0px;\"><h5 class=\"fusion-title-heading title-heading-left\" style=\"margin:0;\">Editor&#8217;s pick<\/h5><\/div><\/div><\/div><div class=\"fusion-layout-column fusion_builder_column fusion-builder-column-7 fusion_builder_column_1_1 1_1 fusion-flex-column\" style=\"--awb-bg-size:cover;--awb-width-large:100%;--awb-flex-grow:0;--awb-flex-shrink:0;--awb-margin-top-large:0px;--awb-spacing-right-large:40px;--awb-margin-bottom-large:0px;--awb-spacing-left-large:40px;--awb-width-medium:100%;--awb-order-medium:0;--awb-flex-grow-medium:0;--awb-flex-shrink-medium:0;--awb-spacing-right-medium:40px;--awb-spacing-left-medium:40px;--awb-width-small:100%;--awb-order-small:0;--awb-flex-grow-small:0;--awb-flex-shrink-small:0;--awb-spacing-right-small:40px;--awb-spacing-left-small:40px;\"><div class=\"fusion-column-wrapper fusion-column-has-shadow fusion-flex-justify-content-flex-start fusion-content-layout-column\"><\/div><\/div><\/div><\/div><div class=\"fusion-fullwidth fullwidth-box fusion-builder-row-3 fusion-flex-container nonhundred-percent-fullwidth non-hundred-percent-height-scrolling\" style=\"--awb-border-color:var(--awb-color3);--awb-border-radius-top-left:0px;--awb-border-radius-top-right:0px;--awb-border-radius-bottom-right:0px;--awb-border-radius-bottom-left:0px;--awb-padding-top:100px;--awb-padding-bottom:100px;--awb-padding-top-small:60px;--awb-padding-bottom-small:60px;--awb-flex-wrap:wrap;\" ><div class=\"fusion-builder-row fusion-row fusion-flex-align-items-flex-start fusion-flex-content-wrap\" style=\"max-width:calc( 1200px + 80px );margin-left: calc(-80px \/ 2 );margin-right: calc(-80px \/ 2 );\"><div class=\"fusion-layout-column fusion_builder_column fusion-builder-column-8 fusion_builder_column_1_1 1_1 fusion-flex-column\" style=\"--awb-bg-size:cover;--awb-width-large:100%;--awb-flex-grow:0;--awb-flex-shrink:0;--awb-margin-top-large:0px;--awb-spacing-right-large:40px;--awb-margin-bottom-large:0px;--awb-spacing-left-large:40px;--awb-width-medium:100%;--awb-order-medium:0;--awb-flex-grow-medium:0;--awb-flex-shrink-medium:0;--awb-spacing-right-medium:40px;--awb-spacing-left-medium:40px;--awb-width-small:100%;--awb-order-small:0;--awb-flex-grow-small:0;--awb-flex-shrink-small:0;--awb-spacing-right-small:40px;--awb-spacing-left-small:40px;\"><div class=\"fusion-column-wrapper fusion-column-has-shadow fusion-flex-justify-content-flex-start fusion-content-layout-column\"><\/div><\/div><\/div><\/div><\/p>","protected":false},"excerpt":{"rendered":"","protected":false},"author":1,"featured_media":0,"parent":0,"menu_order":0,"comment_status":"closed","ping_status":"closed","template":"100-width.php","meta":{"footnotes":""},"class_list":["post-43","page","type-page","status-publish","hentry"],"yoast_head":"<!-- This site is optimized with the Yoast SEO plugin v27.5 - https:\/\/yoast.com\/product\/yoast-seo-wordpress\/ -->\n<title>Blog<\/title>\n<meta name=\"description\" content=\"Hier findest Du ausgew\u00e4hlte Inhalte meiner Instagram Posts. F\u00fcr noch mehr Inhalte besuche mein Instagram Profil @nadine__gina\" \/>\n<meta name=\"robots\" content=\"index, follow, max-snippet:-1, max-image-preview:large, max-video-preview:-1\" \/>\n<link rel=\"canonical\" href=\"https:\/\/nadinept.de\/en\/blog\/\" \/>\n<meta property=\"og:locale\" content=\"en_GB\" \/>\n<meta property=\"og:type\" content=\"article\" \/>\n<meta property=\"og:title\" content=\"Blog\" \/>\n<meta property=\"og:description\" content=\"Hier findest Du ausgew\u00e4hlte Inhalte meiner Instagram Posts. F\u00fcr noch mehr Inhalte besuche mein Instagram Profil @nadine__gina\" \/>\n<meta property=\"og:url\" content=\"https:\/\/nadinept.de\/en\/blog\/\" \/>\n<meta property=\"og:site_name\" content=\"Ern\u00e4hrungsberaterin Nadine Gina\" \/>\n<meta property=\"article:modified_time\" content=\"2024-03-12T12:24:45+00:00\" \/>\n<meta name=\"twitter:card\" content=\"summary_large_image\" \/>\n<meta name=\"twitter:label1\" content=\"Estimated reading time\" \/>\n\t<meta name=\"twitter:data1\" content=\"3 minutes\" \/>\n<script type=\"application\/ld+json\" class=\"yoast-schema-graph\">{\"@context\":\"https:\\\/\\\/schema.org\",\"@graph\":[{\"@type\":\"WebPage\",\"@id\":\"https:\\\/\\\/nadinept.de\\\/blog\\\/\",\"url\":\"https:\\\/\\\/nadinept.de\\\/blog\\\/\",\"name\":\"Blog\",\"isPartOf\":{\"@id\":\"https:\\\/\\\/nadinept.de\\\/#website\"},\"datePublished\":\"2023-02-05T16:02:14+00:00\",\"dateModified\":\"2024-03-12T12:24:45+00:00\",\"description\":\"Hier findest Du ausgew\u00e4hlte Inhalte meiner Instagram Posts. F\u00fcr noch mehr Inhalte besuche mein Instagram Profil @nadine__gina\",\"breadcrumb\":{\"@id\":\"https:\\\/\\\/nadinept.de\\\/blog\\\/#breadcrumb\"},\"inLanguage\":\"en-GB\",\"potentialAction\":[{\"@type\":\"ReadAction\",\"target\":[\"https:\\\/\\\/nadinept.de\\\/blog\\\/\"]}]},{\"@type\":\"BreadcrumbList\",\"@id\":\"https:\\\/\\\/nadinept.de\\\/blog\\\/#breadcrumb\",\"itemListElement\":[{\"@type\":\"ListItem\",\"position\":1,\"name\":\"Startseite\",\"item\":\"https:\\\/\\\/nadinept.de\\\/\"},{\"@type\":\"ListItem\",\"position\":2,\"name\":\"Blog\"}]},{\"@type\":\"WebSite\",\"@id\":\"https:\\\/\\\/nadinept.de\\\/#website\",\"url\":\"https:\\\/\\\/nadinept.de\\\/\",\"name\":\"Ern\u00e4hrungsberaterin Nadine Gina\",\"description\":\"Ich bringe Dich in Deine volle Energie und in einen stabilen Stoffwechsel. Bl\u00e4hbauch, Hautprobleme, M\u00fcdigkeit, Fett- und Wassereinlagerungen haben eine Ursache! Schon innerhalb von 4 Wochen kannst du sp\u00fcrbar mehr Lebensqualit\u00e4t erfahren.\",\"publisher\":{\"@id\":\"https:\\\/\\\/nadinept.de\\\/#\\\/schema\\\/person\\\/fa4a1aeb527f36d59c7294898a06956d\"},\"potentialAction\":[{\"@type\":\"SearchAction\",\"target\":{\"@type\":\"EntryPoint\",\"urlTemplate\":\"https:\\\/\\\/nadinept.de\\\/?s={search_term_string}\"},\"query-input\":{\"@type\":\"PropertyValueSpecification\",\"valueRequired\":true,\"valueName\":\"search_term_string\"}}],\"inLanguage\":\"en-GB\"},{\"@type\":[\"Person\",\"Organization\"],\"@id\":\"https:\\\/\\\/nadinept.de\\\/#\\\/schema\\\/person\\\/fa4a1aeb527f36d59c7294898a06956d\",\"name\":\"Nadine\",\"image\":{\"@type\":\"ImageObject\",\"inLanguage\":\"en-GB\",\"@id\":\"https:\\\/\\\/nadinept.de\\\/wp-content\\\/uploads\\\/2023\\\/08\\\/20220912_1347442-scaled-e1692357478941.jpg\",\"url\":\"https:\\\/\\\/nadinept.de\\\/wp-content\\\/uploads\\\/2023\\\/08\\\/20220912_1347442-scaled-e1692357478941.jpg\",\"contentUrl\":\"https:\\\/\\\/nadinept.de\\\/wp-content\\\/uploads\\\/2023\\\/08\\\/20220912_1347442-scaled-e1692357478941.jpg\",\"width\":1817,\"height\":2508,\"caption\":\"Nadine\"},\"logo\":{\"@id\":\"https:\\\/\\\/nadinept.de\\\/wp-content\\\/uploads\\\/2023\\\/08\\\/20220912_1347442-scaled-e1692357478941.jpg\"},\"description\":\"Als ehemalige Leistungssportlerin habe ich mich schon immer mit Sport, neuesten sportwissenschaftlichen Erkenntnissen, verschiedenen Trainingsmethoden und Ern\u00e4hrung besch\u00e4ftigt. Doch zum Gesundheitscoach wurde ich erst durch meine Geschichte. Gesundheit bedeutet nicht keine Krankheitssymptome zu haben, sondern Lebensenergie, Lebensqualit\u00e4t und Lebensfreude!\",\"sameAs\":[\"http:\\\/\\\/nadinept.de\",\"https:\\\/\\\/www.instagram.com\\\/darm_mit_plan\\\/\"]}]}<\/script>\n<!-- \/ Yoast SEO plugin. -->","yoast_head_json":{"title":"Blog","description":"Hier findest Du ausgew\u00e4hlte Inhalte meiner Instagram Posts. F\u00fcr noch mehr Inhalte besuche mein Instagram Profil @nadine__gina","robots":{"index":"index","follow":"follow","max-snippet":"max-snippet:-1","max-image-preview":"max-image-preview:large","max-video-preview":"max-video-preview:-1"},"canonical":"https:\/\/nadinept.de\/en\/blog\/","og_locale":"en_GB","og_type":"article","og_title":"Blog","og_description":"Hier findest Du ausgew\u00e4hlte Inhalte meiner Instagram Posts. F\u00fcr noch mehr Inhalte besuche mein Instagram Profil @nadine__gina","og_url":"https:\/\/nadinept.de\/en\/blog\/","og_site_name":"Ern\u00e4hrungsberaterin Nadine Gina","article_modified_time":"2024-03-12T12:24:45+00:00","twitter_card":"summary_large_image","twitter_misc":{"Estimated reading time":"3 minutes"},"schema":{"@context":"https:\/\/schema.org","@graph":[{"@type":"WebPage","@id":"https:\/\/nadinept.de\/blog\/","url":"https:\/\/nadinept.de\/blog\/","name":"Blog","isPartOf":{"@id":"https:\/\/nadinept.de\/#website"},"datePublished":"2023-02-05T16:02:14+00:00","dateModified":"2024-03-12T12:24:45+00:00","description":"Hier findest Du ausgew\u00e4hlte Inhalte meiner Instagram Posts. F\u00fcr noch mehr Inhalte besuche mein Instagram Profil @nadine__gina","breadcrumb":{"@id":"https:\/\/nadinept.de\/blog\/#breadcrumb"},"inLanguage":"en-GB","potentialAction":[{"@type":"ReadAction","target":["https:\/\/nadinept.de\/blog\/"]}]},{"@type":"BreadcrumbList","@id":"https:\/\/nadinept.de\/blog\/#breadcrumb","itemListElement":[{"@type":"ListItem","position":1,"name":"Startseite","item":"https:\/\/nadinept.de\/"},{"@type":"ListItem","position":2,"name":"Blog"}]},{"@type":"WebSite","@id":"https:\/\/nadinept.de\/#website","url":"https:\/\/nadinept.de\/","name":"Ern\u00e4hrungsberaterin Nadine Gina","description":"I will bring you to your full energy and a stable metabolism. Bloating, skin problems, fatigue, fat and water retention have a cause! Within 4 weeks you can experience a noticeably better quality of life.","publisher":{"@id":"https:\/\/nadinept.de\/#\/schema\/person\/fa4a1aeb527f36d59c7294898a06956d"},"potentialAction":[{"@type":"SearchAction","target":{"@type":"EntryPoint","urlTemplate":"https:\/\/nadinept.de\/?s={search_term_string}"},"query-input":{"@type":"PropertyValueSpecification","valueRequired":true,"valueName":"search_term_string"}}],"inLanguage":"en-GB"},{"@type":["Person","Organization"],"@id":"https:\/\/nadinept.de\/#\/schema\/person\/fa4a1aeb527f36d59c7294898a06956d","name":"Nadine","image":{"@type":"ImageObject","inLanguage":"en-GB","@id":"https:\/\/nadinept.de\/wp-content\/uploads\/2023\/08\/20220912_1347442-scaled-e1692357478941.jpg","url":"https:\/\/nadinept.de\/wp-content\/uploads\/2023\/08\/20220912_1347442-scaled-e1692357478941.jpg","contentUrl":"https:\/\/nadinept.de\/wp-content\/uploads\/2023\/08\/20220912_1347442-scaled-e1692357478941.jpg","width":1817,"height":2508,"caption":"Nadine"},"logo":{"@id":"https:\/\/nadinept.de\/wp-content\/uploads\/2023\/08\/20220912_1347442-scaled-e1692357478941.jpg"},"description":"Als ehemalige Leistungssportlerin habe ich mich schon immer mit Sport, neuesten sportwissenschaftlichen Erkenntnissen, verschiedenen Trainingsmethoden und Ern\u00e4hrung besch\u00e4ftigt. Doch zum Gesundheitscoach wurde ich erst durch meine Geschichte. Gesundheit bedeutet nicht keine Krankheitssymptome zu haben, sondern Lebensenergie, Lebensqualit\u00e4t und Lebensfreude!","sameAs":["http:\/\/nadinept.de","https:\/\/www.instagram.com\/darm_mit_plan\/"]}]}},"_links":{"self":[{"href":"https:\/\/nadinept.de\/en\/wp-json\/wp\/v2\/pages\/43","targetHints":{"allow":["GET"]}}],"collection":[{"href":"https:\/\/nadinept.de\/en\/wp-json\/wp\/v2\/pages"}],"about":[{"href":"https:\/\/nadinept.de\/en\/wp-json\/wp\/v2\/types\/page"}],"author":[{"embeddable":true,"href":"https:\/\/nadinept.de\/en\/wp-json\/wp\/v2\/users\/1"}],"replies":[{"embeddable":true,"href":"https:\/\/nadinept.de\/en\/wp-json\/wp\/v2\/comments?post=43"}],"version-history":[{"count":1,"href":"https:\/\/nadinept.de\/en\/wp-json\/wp\/v2\/pages\/43\/revisions"}],"predecessor-version":[{"id":5846,"href":"https:\/\/nadinept.de\/en\/wp-json\/wp\/v2\/pages\/43\/revisions\/5846"}],"wp:attachment":[{"href":"https:\/\/nadinept.de\/en\/wp-json\/wp\/v2\/media?parent=43"}],"curies":[{"name":"wp","href":"https:\/\/api.w.org\/{rel}","templated":true}]}}