{"id":5274,"date":"2023-03-09T12:48:18","date_gmt":"2023-03-09T11:48:18","guid":{"rendered":"https:\/\/nadinept.de\/?page_id=5274"},"modified":"2024-02-29T16:18:30","modified_gmt":"2024-02-29T15:18:30","slug":"impressum","status":"publish","type":"page","link":"https:\/\/nadinept.de\/en\/impressum\/","title":{"rendered":"Legal Notice"},"content":{"rendered":"<div class=\"impressum\">\n<h1>Legal Notice<\/h1>\n<p>Angaben gem\u00e4\u00df \u00a7 5 TMG<\/p>\n<p>Nadine Gina Kr\u00fcger<br \/>\nSpanische Allee 6A<br \/>\n14129 Berlin<\/p>\n<p><strong>Vertreten durch: <\/strong><br \/>\nNadine Gina Kr\u00fcger<\/p>\n<p><strong>Kontakt:<\/strong><br \/>\nTelefon: 0178-2093975<br \/>\nE-Mail: <a href=\"mailto:nadineberlinpt@gmail.com\">nadineberlinpt@gmail.com<\/a><\/p>\n<p>&nbsp;<\/p>\n<p><strong>Haftungsausschluss: <\/strong><\/p>\n<p><strong>Haftung f\u00fcr Inhalte<\/strong><\/p>\n<p>Die Inhalte unserer Seiten wurden mit gr\u00f6\u00dfter Sorgfalt erstellt. F\u00fcr die Richtigkeit, Vollst\u00e4ndigkeit und Aktualit\u00e4t der Inhalte k\u00f6nnen wir jedoch keine Gew\u00e4hr \u00fcbernehmen. Als Diensteanbieter sind wir gem\u00e4\u00df \u00a7 7 Abs.1 TMG f\u00fcr eigene Inhalte auf diesen Seiten nach den allgemeinen Gesetzen verantwortlich. Nach \u00a7\u00a7 8 bis 10 TMG sind wir als Diensteanbieter jedoch nicht verpflichtet, \u00fcbermittelte oder gespeicherte fremde Informationen zu \u00fcberwachen oder nach Umst\u00e4nden zu forschen, die auf eine rechtswidrige T\u00e4tigkeit hinweisen. Verpflichtungen zur Entfernung oder Sperrung der Nutzung von Informationen nach den allgemeinen Gesetzen bleiben hiervon unber\u00fchrt. Eine diesbez\u00fcgliche Haftung ist jedoch erst ab dem Zeitpunkt der Kenntnis einer konkreten Rechtsverletzung m\u00f6glich. Bei Bekanntwerden von entsprechenden Rechtsverletzungen werden wir diese Inhalte umgehend entfernen.<\/p>\n<p><strong>Haftung f\u00fcr Links<\/strong><\/p>\n<p>Unser Angebot enth\u00e4lt Links zu externen Webseiten Dritter, auf deren Inhalte wir keinen Einfluss haben. Deshalb k\u00f6nnen wir f\u00fcr diese fremden Inhalte auch keine Gew\u00e4hr \u00fcbernehmen. F\u00fcr die Inhalte der verlinkten Seiten ist stets der jeweilige Anbieter oder Betreiber der Seiten verantwortlich. Die verlinkten Seiten wurden zum Zeitpunkt der Verlinkung auf m\u00f6gliche Rechtsverst\u00f6\u00dfe \u00fcberpr\u00fcft. Rechtswidrige Inhalte waren zum Zeitpunkt der Verlinkung nicht erkennbar. Eine permanente inhaltliche Kontrolle der verlinkten Seiten ist jedoch ohne konkrete Anhaltspunkte einer Rechtsverletzung nicht zumutbar. Bei Bekanntwerden von Rechtsverletzungen werden wir derartige Links umgehend entfernen.<\/p>\n<p><strong>Urheberrecht<\/strong><\/p>\n<p>Die durch die Seitenbetreiber erstellten Inhalte und Werke auf diesen Seiten unterliegen dem deutschen Urheberrecht. Die Vervielf\u00e4ltigung, Bearbeitung, Verbreitung und jede Art der Verwertung au\u00dferhalb der Grenzen des Urheberrechtes bed\u00fcrfen der schriftlichen Zustimmung des jeweiligen Autors bzw. Erstellers. Downloads und Kopien dieser Seite sind nur f\u00fcr den privaten, nicht kommerziellen Gebrauch gestattet. Soweit die Inhalte auf dieser Seite nicht vom Betreiber erstellt wurden, werden die Urheberrechte Dritter beachtet. Insbesondere werden Inhalte Dritter als solche gekennzeichnet. Sollten Sie trotzdem auf eine Urheberrechtsverletzung aufmerksam werden, bitten wir um einen entsprechenden Hinweis. Bei Bekanntwerden von Rechtsverletzungen werden wir derartige Inhalte umgehend entfernen.<\/p>\n<p><strong>Google Analytics<\/strong><\/p>\n<p>Diese Website benutzt Google Analytics, einen Webanalysedienst der Google Inc. (&#8220;Google&#8220;). Google Analytics verwendet sog. &#8220;Cookies&#8220;, Textdateien, die auf Ihrem Computer gespeichert werden und die eine Analyse der Benutzung der Website durch Sie erm\u00f6glicht. Die durch den Cookie erzeugten Informationen \u00fcber Ihre Benutzung dieser Website (einschlie\u00dflich Ihrer IP-Adresse) wird an einen Server von Google in den USA \u00fcbertragen und dort gespeichert. Google wird diese Informationen benutzen, um Ihre Nutzung der Website auszuwerten, um Reports \u00fcber die Websiteaktivit\u00e4ten f\u00fcr die Websitebetreiber zusammenzustellen und um weitere mit der Websitenutzung und der Internetnutzung verbundene Dienstleistungen zu erbringen. Auch wird Google diese Informationen gegebenenfalls an Dritte \u00fcbertragen, sofern dies gesetzlich vorgeschrieben oder soweit Dritte diese Daten im Auftrag von Google verarbeiten. Google wird in keinem Fall Ihre IP-Adresse mit anderen Daten der Google in Verbindung bringen. Sie k\u00f6nnen die Installation der Cookies durch eine entsprechende Einstellung Ihrer Browser Software verhindern; wir weisen Sie jedoch darauf hin, dass Sie in diesem Fall gegebenenfalls nicht s\u00e4mtliche Funktionen dieser Website voll umf\u00e4nglich nutzen k\u00f6nnen. Durch die Nutzung dieser Website erkl\u00e4ren Sie sich mit der Bearbeitung der \u00fcber Sie erhobenen Daten durch Google in der zuvor beschriebenen Art und Weise und zu dem zuvor benannten Zweck einverstanden.<\/p>\n<p><strong>Google AdSense<\/strong><\/p>\n<p>Diese Website benutzt Google Adsense, einen Webanzeigendienst der Google Inc., USA (&#8220;Google&#8220;). Google Adsense verwendet sog. &#8220;Cookies&#8220; (Textdateien), die auf Ihrem Computer gespeichert werden und die eine Analyse der Benutzung der Website durch Sie erm\u00f6glicht. Google Adsense verwendet auch sog. &#8220;Web Beacons&#8220; (kleine unsichtbare Grafiken) zur Sammlung von Informationen. Durch die Verwendung des Web Beacons k\u00f6nnen einfache Aktionen wie der Besucherverkehr auf der Webseite aufgezeichnet und gesammelt werden. Die durch den Cookie und\/oder Web Beacon erzeugten Informationen \u00fcber Ihre Benutzung dieser Website (einschlie\u00dflich Ihrer IP-Adresse) werden an einen Server von Google in den USA \u00fcbertragen und dort gespeichert. Google wird diese Informationen benutzen, um Ihre Nutzung der Website im Hinblick auf die Anzeigen auszuwerten, um Reports \u00fcber die Websiteaktivit\u00e4ten und Anzeigen f\u00fcr die Websitebetreiber zusammenzustellen und um weitere mit der Websitenutzung und der Internetnutzung verbundene Dienstleistungen zu erbringen. Auch wird Google diese Informationen gegebenenfalls an Dritte \u00fcbertragen, sofern dies gesetzlich vorgeschrieben oder soweit Dritte diese Daten im Auftrag von Google verarbeiten. Google wird in keinem Fall Ihre IP-Adresse mit anderen Daten der Google in Verbindung bringen. Das Speichern von Cookies auf Ihrer Festplatte und die Anzeige von Web Beacons k\u00f6nnen Sie verhindern, indem Sie in Ihren Browser-Einstellungen &#8220;keine Cookies akzeptieren&#8220; w\u00e4hlen (Im MS Internet-Explorer unter &#8220;Extras &gt; Internetoptionen &gt; Datenschutz &gt; Einstellung&#8220;; im Firefox unter &#8220;Extras &gt; Einstellungen &gt; Datenschutz &gt; Cookies&#8220;); wir weisen Sie jedoch darauf hin, dass Sie in diesem Fall gegebenenfalls nicht s\u00e4mtliche Funktionen dieser Website voll umf\u00e4nglich nutzen k\u00f6nnen. Durch die Nutzung dieser Website erkl\u00e4ren Sie sich mit der Bearbeitung der \u00fcber Sie erhobenen Daten durch Google in der zuvor beschriebenen Art und Weise und zu dem zuvor benannten Zweck einverstanden.<\/p>\n<p>&nbsp;<\/p>\n<\/div>\n<div class=\"woocommerce woocommerce-gzd woocommerce-gzd-complaints-shortcode\">\n\t\t\t<h3>Alternative Dispute Resolution in accordance with Art. 14 (1) ODR-VO and \u00a7 36 VSBG:<\/h3>\n\t\nZur Teilnahme an einem Streitbeilegungsverfahren vor einer Verbraucherschlichtungsstelle sind wir nicht verpflichtet und nicht bereit.<\/div>","protected":false},"excerpt":{"rendered":"<p>Impressum Angaben gem\u00e4\u00df \u00a7 5 TMG Nadine Gina Kr\u00fcger Spanische  [&#8230;]<\/p>\n","protected":false},"author":1,"featured_media":0,"parent":0,"menu_order":0,"comment_status":"closed","ping_status":"closed","template":"100-width.php","meta":{"footnotes":""},"class_list":["post-5274","page","type-page","status-publish","hentry"],"yoast_head":"<!-- This site is optimized with the Yoast SEO plugin v27.3 - https:\/\/yoast.com\/product\/yoast-seo-wordpress\/ -->\n<title>Impressum - Ern\u00e4hrungsberaterin Nadine Gina<\/title>\n<meta name=\"robots\" content=\"noindex, follow\" \/>\n<meta property=\"og:locale\" content=\"en_GB\" \/>\n<meta property=\"og:type\" content=\"article\" \/>\n<meta property=\"og:title\" content=\"Impressum - Ern\u00e4hrungsberaterin Nadine Gina\" \/>\n<meta property=\"og:description\" content=\"Impressum Angaben gem\u00e4\u00df \u00a7 5 TMG Nadine Gina Kr\u00fcger Spanische [...]\" \/>\n<meta property=\"og:url\" content=\"https:\/\/nadinept.de\/en\/impressum\/\" \/>\n<meta property=\"og:site_name\" content=\"Ern\u00e4hrungsberaterin Nadine Gina\" \/>\n<meta property=\"article:modified_time\" content=\"2024-02-29T15:18:30+00:00\" \/>\n<meta name=\"twitter:card\" content=\"summary_large_image\" \/>\n<meta name=\"twitter:label1\" content=\"Estimated reading time\" \/>\n\t<meta name=\"twitter:data1\" content=\"5 minutes\" \/>\n<script type=\"application\/ld+json\" class=\"yoast-schema-graph\">{\"@context\":\"https:\\\/\\\/schema.org\",\"@graph\":[{\"@type\":\"WebPage\",\"@id\":\"https:\\\/\\\/nadinept.de\\\/impressum\\\/\",\"url\":\"https:\\\/\\\/nadinept.de\\\/impressum\\\/\",\"name\":\"Impressum - Ern\u00e4hrungsberaterin Nadine Gina\",\"isPartOf\":{\"@id\":\"https:\\\/\\\/nadinept.de\\\/#website\"},\"datePublished\":\"2023-03-09T11:48:18+00:00\",\"dateModified\":\"2024-02-29T15:18:30+00:00\",\"breadcrumb\":{\"@id\":\"https:\\\/\\\/nadinept.de\\\/impressum\\\/#breadcrumb\"},\"inLanguage\":\"en-GB\",\"potentialAction\":[{\"@type\":\"ReadAction\",\"target\":[\"https:\\\/\\\/nadinept.de\\\/impressum\\\/\"]}]},{\"@type\":\"BreadcrumbList\",\"@id\":\"https:\\\/\\\/nadinept.de\\\/impressum\\\/#breadcrumb\",\"itemListElement\":[{\"@type\":\"ListItem\",\"position\":1,\"name\":\"Startseite\",\"item\":\"https:\\\/\\\/nadinept.de\\\/\"},{\"@type\":\"ListItem\",\"position\":2,\"name\":\"Impressum\"}]},{\"@type\":\"WebSite\",\"@id\":\"https:\\\/\\\/nadinept.de\\\/#website\",\"url\":\"https:\\\/\\\/nadinept.de\\\/\",\"name\":\"Ern\u00e4hrungsberaterin Nadine Gina\",\"description\":\"Ich bringe Dich in Deine volle Energie und in einen stabilen Stoffwechsel. Bl\u00e4hbauch, Hautprobleme, M\u00fcdigkeit, Fett- und Wassereinlagerungen haben eine Ursache! Schon innerhalb von 4 Wochen kannst du sp\u00fcrbar mehr Lebensqualit\u00e4t erfahren.\",\"publisher\":{\"@id\":\"https:\\\/\\\/nadinept.de\\\/#\\\/schema\\\/person\\\/fa4a1aeb527f36d59c7294898a06956d\"},\"potentialAction\":[{\"@type\":\"SearchAction\",\"target\":{\"@type\":\"EntryPoint\",\"urlTemplate\":\"https:\\\/\\\/nadinept.de\\\/?s={search_term_string}\"},\"query-input\":{\"@type\":\"PropertyValueSpecification\",\"valueRequired\":true,\"valueName\":\"search_term_string\"}}],\"inLanguage\":\"en-GB\"},{\"@type\":[\"Person\",\"Organization\"],\"@id\":\"https:\\\/\\\/nadinept.de\\\/#\\\/schema\\\/person\\\/fa4a1aeb527f36d59c7294898a06956d\",\"name\":\"Nadine\",\"image\":{\"@type\":\"ImageObject\",\"inLanguage\":\"en-GB\",\"@id\":\"https:\\\/\\\/nadinept.de\\\/wp-content\\\/uploads\\\/2023\\\/08\\\/20220912_1347442-scaled-e1692357478941.jpg\",\"url\":\"https:\\\/\\\/nadinept.de\\\/wp-content\\\/uploads\\\/2023\\\/08\\\/20220912_1347442-scaled-e1692357478941.jpg\",\"contentUrl\":\"https:\\\/\\\/nadinept.de\\\/wp-content\\\/uploads\\\/2023\\\/08\\\/20220912_1347442-scaled-e1692357478941.jpg\",\"width\":1817,\"height\":2508,\"caption\":\"Nadine\"},\"logo\":{\"@id\":\"https:\\\/\\\/nadinept.de\\\/wp-content\\\/uploads\\\/2023\\\/08\\\/20220912_1347442-scaled-e1692357478941.jpg\"},\"description\":\"Als ehemalige Leistungssportlerin habe ich mich schon immer mit Sport, neuesten sportwissenschaftlichen Erkenntnissen, verschiedenen Trainingsmethoden und Ern\u00e4hrung besch\u00e4ftigt. Doch zum Gesundheitscoach wurde ich erst durch meine Geschichte. Gesundheit bedeutet nicht keine Krankheitssymptome zu haben, sondern Lebensenergie, Lebensqualit\u00e4t und Lebensfreude!\",\"sameAs\":[\"http:\\\/\\\/nadinept.de\",\"https:\\\/\\\/www.instagram.com\\\/darm_mit_plan\\\/\"]}]}<\/script>\n<!-- \/ Yoast SEO plugin. -->","yoast_head_json":{"title":"Impressum - Ern\u00e4hrungsberaterin Nadine Gina","robots":{"index":"noindex","follow":"follow"},"og_locale":"en_GB","og_type":"article","og_title":"Impressum - Ern\u00e4hrungsberaterin Nadine Gina","og_description":"Impressum Angaben gem\u00e4\u00df \u00a7 5 TMG Nadine Gina Kr\u00fcger Spanische [...]","og_url":"https:\/\/nadinept.de\/en\/impressum\/","og_site_name":"Ern\u00e4hrungsberaterin Nadine Gina","article_modified_time":"2024-02-29T15:18:30+00:00","twitter_card":"summary_large_image","twitter_misc":{"Estimated reading time":"5 minutes"},"schema":{"@context":"https:\/\/schema.org","@graph":[{"@type":"WebPage","@id":"https:\/\/nadinept.de\/impressum\/","url":"https:\/\/nadinept.de\/impressum\/","name":"Impressum - Ern\u00e4hrungsberaterin Nadine Gina","isPartOf":{"@id":"https:\/\/nadinept.de\/#website"},"datePublished":"2023-03-09T11:48:18+00:00","dateModified":"2024-02-29T15:18:30+00:00","breadcrumb":{"@id":"https:\/\/nadinept.de\/impressum\/#breadcrumb"},"inLanguage":"en-GB","potentialAction":[{"@type":"ReadAction","target":["https:\/\/nadinept.de\/impressum\/"]}]},{"@type":"BreadcrumbList","@id":"https:\/\/nadinept.de\/impressum\/#breadcrumb","itemListElement":[{"@type":"ListItem","position":1,"name":"Startseite","item":"https:\/\/nadinept.de\/"},{"@type":"ListItem","position":2,"name":"Impressum"}]},{"@type":"WebSite","@id":"https:\/\/nadinept.de\/#website","url":"https:\/\/nadinept.de\/","name":"Ern\u00e4hrungsberaterin Nadine Gina","description":"I will bring you to your full energy and a stable metabolism. Bloating, skin problems, fatigue, fat and water retention have a cause! Within 4 weeks you can experience a noticeably better quality of life.","publisher":{"@id":"https:\/\/nadinept.de\/#\/schema\/person\/fa4a1aeb527f36d59c7294898a06956d"},"potentialAction":[{"@type":"SearchAction","target":{"@type":"EntryPoint","urlTemplate":"https:\/\/nadinept.de\/?s={search_term_string}"},"query-input":{"@type":"PropertyValueSpecification","valueRequired":true,"valueName":"search_term_string"}}],"inLanguage":"en-GB"},{"@type":["Person","Organization"],"@id":"https:\/\/nadinept.de\/#\/schema\/person\/fa4a1aeb527f36d59c7294898a06956d","name":"Nadine","image":{"@type":"ImageObject","inLanguage":"en-GB","@id":"https:\/\/nadinept.de\/wp-content\/uploads\/2023\/08\/20220912_1347442-scaled-e1692357478941.jpg","url":"https:\/\/nadinept.de\/wp-content\/uploads\/2023\/08\/20220912_1347442-scaled-e1692357478941.jpg","contentUrl":"https:\/\/nadinept.de\/wp-content\/uploads\/2023\/08\/20220912_1347442-scaled-e1692357478941.jpg","width":1817,"height":2508,"caption":"Nadine"},"logo":{"@id":"https:\/\/nadinept.de\/wp-content\/uploads\/2023\/08\/20220912_1347442-scaled-e1692357478941.jpg"},"description":"Als ehemalige Leistungssportlerin habe ich mich schon immer mit Sport, neuesten sportwissenschaftlichen Erkenntnissen, verschiedenen Trainingsmethoden und Ern\u00e4hrung besch\u00e4ftigt. Doch zum Gesundheitscoach wurde ich erst durch meine Geschichte. Gesundheit bedeutet nicht keine Krankheitssymptome zu haben, sondern Lebensenergie, Lebensqualit\u00e4t und Lebensfreude!","sameAs":["http:\/\/nadinept.de","https:\/\/www.instagram.com\/darm_mit_plan\/"]}]}},"_links":{"self":[{"href":"https:\/\/nadinept.de\/en\/wp-json\/wp\/v2\/pages\/5274","targetHints":{"allow":["GET"]}}],"collection":[{"href":"https:\/\/nadinept.de\/en\/wp-json\/wp\/v2\/pages"}],"about":[{"href":"https:\/\/nadinept.de\/en\/wp-json\/wp\/v2\/types\/page"}],"author":[{"embeddable":true,"href":"https:\/\/nadinept.de\/en\/wp-json\/wp\/v2\/users\/1"}],"replies":[{"embeddable":true,"href":"https:\/\/nadinept.de\/en\/wp-json\/wp\/v2\/comments?post=5274"}],"version-history":[{"count":3,"href":"https:\/\/nadinept.de\/en\/wp-json\/wp\/v2\/pages\/5274\/revisions"}],"predecessor-version":[{"id":5583,"href":"https:\/\/nadinept.de\/en\/wp-json\/wp\/v2\/pages\/5274\/revisions\/5583"}],"wp:attachment":[{"href":"https:\/\/nadinept.de\/en\/wp-json\/wp\/v2\/media?parent=5274"}],"curies":[{"name":"wp","href":"https:\/\/api.w.org\/{rel}","templated":true}]}}