{"id":5312,"date":"2023-03-09T14:00:59","date_gmt":"2023-03-09T13:00:59","guid":{"rendered":"https:\/\/nadinept.de\/?post_type=product&#038;p=5312"},"modified":"2025-08-17T12:27:34","modified_gmt":"2025-08-17T10:27:34","slug":"barre-mobility","status":"publish","type":"product","link":"https:\/\/nadinept.de\/en\/product\/barre-mobility\/","title":{"rendered":"Barre Mobility"},"content":{"rendered":"<p><strong>Was ist der Vorteil von Barre Mobility?<\/strong><\/p>\n<p>Du bekommst das beste, punktuellste Faszientool, welches es auf dem Markt gibt. Schmerzen werden durch genaues, tiefgehendes triggern, ohne dass es ein wegrutschen wie mit zum Beispiel einem Faszienball gibt, gel\u00f6st! Dauerhafte R\u00fcckenschmerzen, Impigementsyndrom, Tennisellenbogen, Piriformissyndrom, Harmstringansatzentz\u00fcndungen sind nur einige Beispiele bei denen Barre Mobility schon vielen Kunden geholfen hat. Barre Mobility wird von Physiotherapeuten und \u00c4rzten empfohlen. Jeder sollte eine Mobility Barre neben seinem Schreibtisch zu stehen haben um dauerhaft schmerzfrei und beweglich zu sein.<\/p>\n<p><strong data-redactor-tag=\"strong\"><span data-verified=\"redactor\" data-redactor-tag=\"span\" data-redactor-style=\"font-size: 10px;\">Was erh\u00e4ltst Du beim Kauf?:<\/span><\/strong><\/p>\n<ul>\n<li><span data-verified=\"redactor\" data-redactor-tag=\"span\" data-redactor-style=\"font-size: 10px;\">Die Mobility Barre (ein Multitool f\u00fcr Faszien-, Mobility-, Muskel- und Functionaltraining). <\/span><\/li>\n<li><span data-verified=\"redactor\" data-redactor-tag=\"span\" data-redactor-style=\"font-size: 10px;\">Spezielle Trainingsvideos vom ganzheitlichen Barre Mobility Konzept. Du bekommst 3 Videos zum 1:1 mitmachen mit einer Gesamtl\u00e4nge von 90 Minuten!<\/span><\/li>\n<li><span data-verified=\"redactor\" data-redactor-tag=\"span\" data-redactor-style=\"font-size: 10px;\">Die Mobility Barre besteht aus 2 Teilen, so dass sie \u00fcberall mit hingenommen werden kann.<\/span><\/li>\n<li>Die Mobility Barre besteht aus leichtem, aber stabilen Alu, so dass man sich mit seinem kompletten K\u00f6rpergewicht drauf st\u00fctzen kann.<\/li>\n<li>Sie besitzt eine Gesamtl\u00e4nge von 1,50 m und Gewicht von 1,3 kg.<\/li>\n<li>Der gummierte Standfu\u00df verhindert jegliches wegrutschen.<\/li>\n<li>Der originale Lacrosse Ball ist in einer Aufh\u00e4ngung, so dass er sowohl punktuell tiefgehend, ohne wegzurutschen, im Muskel angesetzt, als auch zum massieren \u00fcber die Muskulatur gerollt werden kann.<\/li>\n<\/ul>\n<p><img decoding=\"async\" class=\"lazyload  wp-image-3543 alignleft\" src=\"https:\/\/www.nadinept.de\/wp-content\/uploads\/2022\/03\/made-in-germany-1.png\" data-orig-src=\"https:\/\/www.nadinept.de\/wp-content\/uploads\/2022\/03\/made-in-germany-1.png\" alt=\"\" width=\"119\" height=\"119\" srcset=\"data:image\/svg+xml,%3Csvg%20xmlns%3D%27http%3A%2F%2Fwww.w3.org%2F2000%2Fsvg%27%20width%3D%27119%27%20height%3D%27119%27%20viewBox%3D%270%200%20119%20119%27%3E%3Crect%20width%3D%27119%27%20height%3D%27119%27%20fill-opacity%3D%220%22%2F%3E%3C%2Fsvg%3E\" data-srcset=\"https:\/\/nadinept.de\/wp-content\/uploads\/2022\/03\/made-in-germany-1-66x66.png 66w, https:\/\/nadinept.de\/wp-content\/uploads\/2022\/03\/made-in-germany-1-150x150.png 150w, https:\/\/nadinept.de\/wp-content\/uploads\/2022\/03\/made-in-germany-1-200x200.png 200w, https:\/\/nadinept.de\/wp-content\/uploads\/2022\/03\/made-in-germany-1.png 282w\" data-sizes=\"auto\" data-orig-sizes=\"(max-width: 119px) 100vw, 119px\" \/><\/p>","protected":false},"excerpt":{"rendered":"<p><img decoding=\"async\" class=\"wp-image-3543 alignleft\" src=\"https:\/\/www.nadinept.de\/wp-content\/uploads\/2022\/03\/made-in-germany-1.png\" alt=\"\" width=\"119\" height=\"119\" srcset=\"https:\/\/nadinept.de\/wp-content\/uploads\/2022\/03\/made-in-germany-1-66x66.png 66w, https:\/\/nadinept.de\/wp-content\/uploads\/2022\/03\/made-in-germany-1-150x150.png 150w, https:\/\/nadinept.de\/wp-content\/uploads\/2022\/03\/made-in-germany-1-200x200.png 200w, https:\/\/nadinept.de\/wp-content\/uploads\/2022\/03\/made-in-germany-1.png 282w\" sizes=\"(max-width: 119px) 100vw, 119px\" \/><\/p>\n<h4><\/h4>\n<h4><\/h4>\n<h4><\/h4>\n<h4><strong>Was ist der Vorteil von Barre Mobility?<\/strong><\/h4>\n<p>Du bekommst das beste, punktuellste Faszientool, dass es auf dem Markt gibt. Schmerzen werden durch genaues, tiefgehendes triggern, ohne dass es ein wegrutschen wie mit zum Beispiel einem Faszienball gibt, gel\u00f6st! Dauerhafte R\u00fcckenschmerzen, Impigementsyndrom, Tennisellenbogen, Piriformissyndrom, Harmstringansatzentz\u00fcndungen sind nur einige Beispiele bei denen Barre Mobility schon vielen Kunden geholfen hat. Barre Mobility wird von Physiotherapeuten und \u00c4rzten empfohlen. Jeder sollte eine Mobility Barre neben seinem Schreibtisch zu stehen haben um dauerhaft schmerzfrei und beweglich zu sein.<\/p>","protected":false},"featured_media":5328,"comment_status":"open","ping_status":"closed","template":"","meta":[],"product_brand":[],"product_cat":[47],"product_tag":[52,53,54,55,48,49,50,51],"class_list":{"0":"post-5312","1":"product","2":"type-product","3":"status-publish","4":"has-post-thumbnail","6":"product_cat-sportgeraete","7":"product_tag-muskelentspannung","8":"product_tag-myofunctionalrelease","9":"product_tag-rehabilitation","10":"product_tag-triggerpunkt","11":"product_tag-faszien","12":"product_tag-functionaltraining","13":"product_tag-massage","14":"product_tag-mobility","16":"first","17":"outofstock","18":"downloadable","19":"shipping-taxable","20":"purchasable","21":"product-type-simple"},"yoast_head":"<!-- This site is optimized with the Yoast SEO plugin v27.3 - https:\/\/yoast.com\/product\/yoast-seo-wordpress\/ -->\n<title>Barre Mobility - Ern\u00e4hrungsberaterin Nadine Gina<\/title>\n<meta name=\"robots\" content=\"index, follow, max-snippet:-1, max-image-preview:large, max-video-preview:-1\" \/>\n<link rel=\"canonical\" href=\"https:\/\/nadinept.de\/en\/product\/barre-mobility\/\" \/>\n<meta property=\"og:locale\" content=\"en_GB\" \/>\n<meta property=\"og:type\" content=\"article\" \/>\n<meta property=\"og:title\" content=\"Barre Mobility - Ern\u00e4hrungsberaterin Nadine Gina\" \/>\n<meta property=\"og:description\" content=\"Was ist der Vorteil von Barre Mobility? Du bekommst das beste, punktuellste Faszientool, dass es auf dem Markt gibt. Schmerzen werden durch genaues, tiefgehendes triggern, ohne dass es ein wegrutschen wie mit zum Beispiel einem Faszienball gibt, gel\u00f6st! Dauerhafte R\u00fcckenschmerzen, Impigementsyndrom, Tennisellenbogen, Piriformissyndrom, Harmstringansatzentz\u00fcndungen sind nur einige Beispiele bei denen Barre Mobility schon vielen Kunden geholfen hat. Barre Mobility wird von Physiotherapeuten und \u00c4rzten empfohlen. Jeder sollte eine Mobility Barre neben seinem Schreibtisch zu stehen haben um dauerhaft schmerzfrei und beweglich zu sein.\" \/>\n<meta property=\"og:url\" content=\"https:\/\/nadinept.de\/en\/product\/barre-mobility\/\" \/>\n<meta property=\"og:site_name\" content=\"Ern\u00e4hrungsberaterin Nadine Gina\" \/>\n<meta property=\"article:modified_time\" content=\"2025-08-17T10:27:34+00:00\" \/>\n<meta property=\"og:image\" content=\"https:\/\/nadinept.de\/wp-content\/uploads\/2023\/03\/ich-unter-Schulterblatt-scaled-1.jpg\" \/>\n\t<meta property=\"og:image:width\" content=\"1922\" \/>\n\t<meta property=\"og:image:height\" content=\"2560\" \/>\n\t<meta property=\"og:image:type\" content=\"image\/jpeg\" \/>\n<meta name=\"twitter:card\" content=\"summary_large_image\" \/>\n<meta name=\"twitter:label1\" content=\"Estimated reading time\" \/>\n\t<meta name=\"twitter:data1\" content=\"2 minutes\" \/>\n<script type=\"application\/ld+json\" class=\"yoast-schema-graph\">{\"@context\":\"https:\\\/\\\/schema.org\",\"@graph\":[{\"@type\":\"WebPage\",\"@id\":\"https:\\\/\\\/nadinept.de\\\/produkt\\\/barre-mobility\\\/\",\"url\":\"https:\\\/\\\/nadinept.de\\\/produkt\\\/barre-mobility\\\/\",\"name\":\"Barre Mobility - Ern\u00e4hrungsberaterin Nadine Gina\",\"isPartOf\":{\"@id\":\"https:\\\/\\\/nadinept.de\\\/#website\"},\"primaryImageOfPage\":{\"@id\":\"https:\\\/\\\/nadinept.de\\\/produkt\\\/barre-mobility\\\/#primaryimage\"},\"image\":{\"@id\":\"https:\\\/\\\/nadinept.de\\\/produkt\\\/barre-mobility\\\/#primaryimage\"},\"thumbnailUrl\":\"https:\\\/\\\/nadinept.de\\\/wp-content\\\/uploads\\\/2023\\\/03\\\/ich-unter-Schulterblatt-scaled-1.jpg\",\"datePublished\":\"2023-03-09T13:00:59+00:00\",\"dateModified\":\"2025-08-17T10:27:34+00:00\",\"breadcrumb\":{\"@id\":\"https:\\\/\\\/nadinept.de\\\/produkt\\\/barre-mobility\\\/#breadcrumb\"},\"inLanguage\":\"en-GB\",\"potentialAction\":[{\"@type\":\"ReadAction\",\"target\":[\"https:\\\/\\\/nadinept.de\\\/produkt\\\/barre-mobility\\\/\"]}]},{\"@type\":\"ImageObject\",\"inLanguage\":\"en-GB\",\"@id\":\"https:\\\/\\\/nadinept.de\\\/produkt\\\/barre-mobility\\\/#primaryimage\",\"url\":\"https:\\\/\\\/nadinept.de\\\/wp-content\\\/uploads\\\/2023\\\/03\\\/ich-unter-Schulterblatt-scaled-1.jpg\",\"contentUrl\":\"https:\\\/\\\/nadinept.de\\\/wp-content\\\/uploads\\\/2023\\\/03\\\/ich-unter-Schulterblatt-scaled-1.jpg\",\"width\":1922,\"height\":2560},{\"@type\":\"BreadcrumbList\",\"@id\":\"https:\\\/\\\/nadinept.de\\\/produkt\\\/barre-mobility\\\/#breadcrumb\",\"itemListElement\":[{\"@type\":\"ListItem\",\"position\":1,\"name\":\"Startseite\",\"item\":\"https:\\\/\\\/nadinept.de\\\/\"},{\"@type\":\"ListItem\",\"position\":2,\"name\":\"Shop\",\"item\":\"https:\\\/\\\/nadinept.de\\\/shop\\\/\"},{\"@type\":\"ListItem\",\"position\":3,\"name\":\"Barre Mobility\"}]},{\"@type\":\"WebSite\",\"@id\":\"https:\\\/\\\/nadinept.de\\\/#website\",\"url\":\"https:\\\/\\\/nadinept.de\\\/\",\"name\":\"Ern\u00e4hrungsberaterin Nadine Gina\",\"description\":\"Ich bringe Dich in Deine volle Energie und in einen stabilen Stoffwechsel. Bl\u00e4hbauch, Hautprobleme, M\u00fcdigkeit, Fett- und Wassereinlagerungen haben eine Ursache! Schon innerhalb von 4 Wochen kannst du sp\u00fcrbar mehr Lebensqualit\u00e4t erfahren.\",\"publisher\":{\"@id\":\"https:\\\/\\\/nadinept.de\\\/#\\\/schema\\\/person\\\/fa4a1aeb527f36d59c7294898a06956d\"},\"potentialAction\":[{\"@type\":\"SearchAction\",\"target\":{\"@type\":\"EntryPoint\",\"urlTemplate\":\"https:\\\/\\\/nadinept.de\\\/?s={search_term_string}\"},\"query-input\":{\"@type\":\"PropertyValueSpecification\",\"valueRequired\":true,\"valueName\":\"search_term_string\"}}],\"inLanguage\":\"en-GB\"},{\"@type\":[\"Person\",\"Organization\"],\"@id\":\"https:\\\/\\\/nadinept.de\\\/#\\\/schema\\\/person\\\/fa4a1aeb527f36d59c7294898a06956d\",\"name\":\"Nadine\",\"image\":{\"@type\":\"ImageObject\",\"inLanguage\":\"en-GB\",\"@id\":\"https:\\\/\\\/nadinept.de\\\/wp-content\\\/uploads\\\/2023\\\/08\\\/20220912_1347442-scaled-e1692357478941.jpg\",\"url\":\"https:\\\/\\\/nadinept.de\\\/wp-content\\\/uploads\\\/2023\\\/08\\\/20220912_1347442-scaled-e1692357478941.jpg\",\"contentUrl\":\"https:\\\/\\\/nadinept.de\\\/wp-content\\\/uploads\\\/2023\\\/08\\\/20220912_1347442-scaled-e1692357478941.jpg\",\"width\":1817,\"height\":2508,\"caption\":\"Nadine\"},\"logo\":{\"@id\":\"https:\\\/\\\/nadinept.de\\\/wp-content\\\/uploads\\\/2023\\\/08\\\/20220912_1347442-scaled-e1692357478941.jpg\"},\"description\":\"Als ehemalige Leistungssportlerin habe ich mich schon immer mit Sport, neuesten sportwissenschaftlichen Erkenntnissen, verschiedenen Trainingsmethoden und Ern\u00e4hrung besch\u00e4ftigt. Doch zum Gesundheitscoach wurde ich erst durch meine Geschichte. Gesundheit bedeutet nicht keine Krankheitssymptome zu haben, sondern Lebensenergie, Lebensqualit\u00e4t und Lebensfreude!\",\"sameAs\":[\"http:\\\/\\\/nadinept.de\",\"https:\\\/\\\/www.instagram.com\\\/darm_mit_plan\\\/\"]}]}<\/script>\n<!-- \/ Yoast SEO plugin. -->","yoast_head_json":{"title":"Barre Mobility - Ern\u00e4hrungsberaterin Nadine Gina","robots":{"index":"index","follow":"follow","max-snippet":"max-snippet:-1","max-image-preview":"max-image-preview:large","max-video-preview":"max-video-preview:-1"},"canonical":"https:\/\/nadinept.de\/en\/product\/barre-mobility\/","og_locale":"en_GB","og_type":"article","og_title":"Barre Mobility - Ern\u00e4hrungsberaterin Nadine Gina","og_description":"Was ist der Vorteil von Barre Mobility? Du bekommst das beste, punktuellste Faszientool, dass es auf dem Markt gibt. Schmerzen werden durch genaues, tiefgehendes triggern, ohne dass es ein wegrutschen wie mit zum Beispiel einem Faszienball gibt, gel\u00f6st! Dauerhafte R\u00fcckenschmerzen, Impigementsyndrom, Tennisellenbogen, Piriformissyndrom, Harmstringansatzentz\u00fcndungen sind nur einige Beispiele bei denen Barre Mobility schon vielen Kunden geholfen hat. Barre Mobility wird von Physiotherapeuten und \u00c4rzten empfohlen. Jeder sollte eine Mobility Barre neben seinem Schreibtisch zu stehen haben um dauerhaft schmerzfrei und beweglich zu sein.","og_url":"https:\/\/nadinept.de\/en\/product\/barre-mobility\/","og_site_name":"Ern\u00e4hrungsberaterin Nadine Gina","article_modified_time":"2025-08-17T10:27:34+00:00","og_image":[{"width":1922,"height":2560,"url":"https:\/\/nadinept.de\/wp-content\/uploads\/2023\/03\/ich-unter-Schulterblatt-scaled-1.jpg","type":"image\/jpeg"}],"twitter_card":"summary_large_image","twitter_misc":{"Estimated reading time":"2 minutes"},"schema":{"@context":"https:\/\/schema.org","@graph":[{"@type":"WebPage","@id":"https:\/\/nadinept.de\/produkt\/barre-mobility\/","url":"https:\/\/nadinept.de\/produkt\/barre-mobility\/","name":"Barre Mobility - Ern\u00e4hrungsberaterin Nadine Gina","isPartOf":{"@id":"https:\/\/nadinept.de\/#website"},"primaryImageOfPage":{"@id":"https:\/\/nadinept.de\/produkt\/barre-mobility\/#primaryimage"},"image":{"@id":"https:\/\/nadinept.de\/produkt\/barre-mobility\/#primaryimage"},"thumbnailUrl":"https:\/\/nadinept.de\/wp-content\/uploads\/2023\/03\/ich-unter-Schulterblatt-scaled-1.jpg","datePublished":"2023-03-09T13:00:59+00:00","dateModified":"2025-08-17T10:27:34+00:00","breadcrumb":{"@id":"https:\/\/nadinept.de\/produkt\/barre-mobility\/#breadcrumb"},"inLanguage":"en-GB","potentialAction":[{"@type":"ReadAction","target":["https:\/\/nadinept.de\/produkt\/barre-mobility\/"]}]},{"@type":"ImageObject","inLanguage":"en-GB","@id":"https:\/\/nadinept.de\/produkt\/barre-mobility\/#primaryimage","url":"https:\/\/nadinept.de\/wp-content\/uploads\/2023\/03\/ich-unter-Schulterblatt-scaled-1.jpg","contentUrl":"https:\/\/nadinept.de\/wp-content\/uploads\/2023\/03\/ich-unter-Schulterblatt-scaled-1.jpg","width":1922,"height":2560},{"@type":"BreadcrumbList","@id":"https:\/\/nadinept.de\/produkt\/barre-mobility\/#breadcrumb","itemListElement":[{"@type":"ListItem","position":1,"name":"Startseite","item":"https:\/\/nadinept.de\/"},{"@type":"ListItem","position":2,"name":"Shop","item":"https:\/\/nadinept.de\/shop\/"},{"@type":"ListItem","position":3,"name":"Barre Mobility"}]},{"@type":"WebSite","@id":"https:\/\/nadinept.de\/#website","url":"https:\/\/nadinept.de\/","name":"Ern\u00e4hrungsberaterin Nadine Gina","description":"I will bring you to your full energy and a stable metabolism. Bloating, skin problems, fatigue, fat and water retention have a cause! Within 4 weeks you can experience a noticeably better quality of life.","publisher":{"@id":"https:\/\/nadinept.de\/#\/schema\/person\/fa4a1aeb527f36d59c7294898a06956d"},"potentialAction":[{"@type":"SearchAction","target":{"@type":"EntryPoint","urlTemplate":"https:\/\/nadinept.de\/?s={search_term_string}"},"query-input":{"@type":"PropertyValueSpecification","valueRequired":true,"valueName":"search_term_string"}}],"inLanguage":"en-GB"},{"@type":["Person","Organization"],"@id":"https:\/\/nadinept.de\/#\/schema\/person\/fa4a1aeb527f36d59c7294898a06956d","name":"Nadine","image":{"@type":"ImageObject","inLanguage":"en-GB","@id":"https:\/\/nadinept.de\/wp-content\/uploads\/2023\/08\/20220912_1347442-scaled-e1692357478941.jpg","url":"https:\/\/nadinept.de\/wp-content\/uploads\/2023\/08\/20220912_1347442-scaled-e1692357478941.jpg","contentUrl":"https:\/\/nadinept.de\/wp-content\/uploads\/2023\/08\/20220912_1347442-scaled-e1692357478941.jpg","width":1817,"height":2508,"caption":"Nadine"},"logo":{"@id":"https:\/\/nadinept.de\/wp-content\/uploads\/2023\/08\/20220912_1347442-scaled-e1692357478941.jpg"},"description":"Als ehemalige Leistungssportlerin habe ich mich schon immer mit Sport, neuesten sportwissenschaftlichen Erkenntnissen, verschiedenen Trainingsmethoden und Ern\u00e4hrung besch\u00e4ftigt. Doch zum Gesundheitscoach wurde ich erst durch meine Geschichte. Gesundheit bedeutet nicht keine Krankheitssymptome zu haben, sondern Lebensenergie, Lebensqualit\u00e4t und Lebensfreude!","sameAs":["http:\/\/nadinept.de","https:\/\/www.instagram.com\/darm_mit_plan\/"]}]}},"_links":{"self":[{"href":"https:\/\/nadinept.de\/en\/wp-json\/wp\/v2\/product\/5312","targetHints":{"allow":["GET"]}}],"collection":[{"href":"https:\/\/nadinept.de\/en\/wp-json\/wp\/v2\/product"}],"about":[{"href":"https:\/\/nadinept.de\/en\/wp-json\/wp\/v2\/types\/product"}],"replies":[{"embeddable":true,"href":"https:\/\/nadinept.de\/en\/wp-json\/wp\/v2\/comments?post=5312"}],"wp:featuredmedia":[{"embeddable":true,"href":"https:\/\/nadinept.de\/en\/wp-json\/wp\/v2\/media\/5328"}],"wp:attachment":[{"href":"https:\/\/nadinept.de\/en\/wp-json\/wp\/v2\/media?parent=5312"}],"wp:term":[{"taxonomy":"product_brand","embeddable":true,"href":"https:\/\/nadinept.de\/en\/wp-json\/wp\/v2\/product_brand?post=5312"},{"taxonomy":"product_cat","embeddable":true,"href":"https:\/\/nadinept.de\/en\/wp-json\/wp\/v2\/product_cat?post=5312"},{"taxonomy":"product_tag","embeddable":true,"href":"https:\/\/nadinept.de\/en\/wp-json\/wp\/v2\/product_tag?post=5312"}],"curies":[{"name":"wp","href":"https:\/\/api.w.org\/{rel}","templated":true}]}}