{"id":5313,"date":"2023-03-10T14:05:59","date_gmt":"2023-03-10T13:05:59","guid":{"rendered":"https:\/\/nadinept.de\/?post_type=product&#038;p=5313"},"modified":"2026-01-04T16:15:08","modified_gmt":"2026-01-04T15:15:08","slug":"gesundheitscoaching","status":"publish","type":"product","link":"https:\/\/nadinept.de\/en\/product\/gesundheitscoaching\/","title":{"rendered":"Health coaching"},"content":{"rendered":"<h4><strong>Mein ganzheitliches Gesundheitscoaching ist in die Kategorien <span style=\"color: #ffcc00;\">Gold<\/span>, <span style=\"color: #828282;\">Silber <\/span>und <span style=\"color: #bf8970;\">Bronze <\/span>unterteilt. <\/strong><\/h4>\n<h4><strong>Ein Darm mit Plan Programm (4 Wochen) ist bei <\/strong><strong>allen Paketen inkludiert.\u00a0<\/strong><\/h4>\n<p>&nbsp;<\/p>\n<h4><strong>In allen Paketen inkludiert:<\/strong><\/h4>\n<p class=\"has-text-align-left\">Anamnese, Zielbestimmung, F\u00fchrung eines Ern\u00e4hrungstagebuches mit Auswertung und Umstellungstipps sowie Erhalt der exklusiven Ern\u00e4hrungsfibel zum Verst\u00e4ndnis unserer Nahrungsmittel, Makro- und Mikron\u00e4hrstoffen, Erkl\u00e4rung von Aminos\u00e4uren und Supplementierung sowie vielem mehr.<\/p>\n<h4><span style=\"color: #bf8970;\"><strong>Bronze:<\/strong> <\/span><\/h4>\n<p><span style=\"color: #bf8970;\">Individuelle Ern\u00e4hrungspl\u00e4ne, Trainingspl\u00e4ne, Videos, Meditationen und vieles mehr! 1x\/Woche live Videocall\/ Training zur \u00dcberpr\u00fcfung und Festlegung der neuen \u00dcbungen, Pl\u00e4ne und Manifestationen. Du bekommst eine individuelle Betreuung mit rundum Support von mir pers\u00f6nlich. Immer auf deine Bed\u00fcrfnisse zugeschnitten. Kein vorgefertigtes Programm!<\/span><\/p>\n<h4><span style=\"color: #828282;\"><strong>Silber: <\/strong><\/span><\/h4>\n<p><span style=\"color: #828282;\">Individuelle Ern\u00e4hrungspl\u00e4ne, Trainingspl\u00e4ne, Videos, Mediationen und vieles mehr<strong>!<\/strong> 2x\/Woche live Videocall\/ Training zur \u00dcberpr\u00fcfung und Festlegung der neuen \u00dcbungen, Pl\u00e4ne, Manifestationen sowie Live Meditationen. Du erf\u00e4hrst eine individuelle, pers\u00f6nliche Betreuung. Immer auf deine Bed\u00fcrfnisse zugeschnitten. Kein vorgefertigtes Programm!<\/span><\/p>\n<h4><span style=\"color: #e6b800;\"><strong>Gold:<\/strong> <\/span><\/h4>\n<p><span style=\"color: #e6b800;\">Individuelle Ern\u00e4hrungspl\u00e4ne, Trainingspl\u00e4ne, Videos Meditationen und vieles mehr! 2x\/Woche Videocall mit Besprechung, Festlegung der neuen Pl\u00e4ne sowie Livemeditationen. Ganzheitliche Betreuung \u00fcber 6 Monate.<\/span><\/p>\n<h4><strong>Darm mit Plan Programm:\u00a0<\/strong><\/h4>\n<p>Je nach Bedarf f\u00fchre ich mit dir das 4 oder 6 w\u00f6chige Darm mit Plan Programm durch. Genau auf deine individuellen Probleme abgestimmt! Bl\u00e4hbauch und Bauchbeschwerden weg, Akne und andere Hauterkrankungen ade sowie vieles mehr. Mit meinem Darm mit Plan Programm bekommen wir es dauerhaft in den Griff! Kein Hungern, keine Di\u00e4t, kein ewiges rumprobieren oder Erstverschlechterung!<\/p>","protected":false},"excerpt":{"rendered":"<p>Mein ganzheitliches Gesundheitscoaching ist in die Kategorien <span style=\"color: #ffcc00;\">Gold<\/span>, <span style=\"color: #828282;\">Silber <\/span>und <span style=\"color: #bf8970;\">Bronze <\/span> unterteilt.<br \/>\nEin Darm mit Plan Programm (4 Wochen) ist bei allen Gesundheitscoaching-Paketen inkludiert.<\/p>","protected":false},"featured_media":5331,"comment_status":"open","ping_status":"closed","template":"","meta":[],"product_brand":[],"product_cat":[56],"product_tag":[152,153,154,155,156,146,157,147,158,148,159,149,160,150,161,151,162],"class_list":{"0":"post-5313","1":"product","2":"type-product","3":"status-publish","4":"has-post-thumbnail","6":"product_cat-gesundheitscoaching","7":"product_tag-psoriasis","8":"product_tag-allergien","9":"product_tag-nahrungsmittelunvertraeglichkeiten","10":"product_tag-onlinecoaching","11":"product_tag-verstopfungen","12":"product_tag-darmdetox","13":"product_tag-stoffwechselprobleme","14":"product_tag-darmgesundheit","15":"product_tag-abnehmen","16":"product_tag-enaehrungsumstellung","17":"product_tag-zunehmen","18":"product_tag-blaehbauch","19":"product_tag-muskelaufbau","20":"product_tag-blaehungen","21":"product_tag-abnehmenohnediaetatemuebungen","22":"product_tag-akne","23":"product_tag-onlinemeditationen","25":"first","26":"instock","27":"featured","28":"shipping-taxable","29":"purchasable","30":"product-type-variable"},"yoast_head":"<!-- This site is optimized with the Yoast SEO plugin v27.3 - https:\/\/yoast.com\/product\/yoast-seo-wordpress\/ -->\n<title>Gesundheitscoaching - Ern\u00e4hrungsberaterin Nadine Gina<\/title>\n<meta name=\"description\" content=\"Bl\u00e4hbauch, Akne, usw...? Finger weg von Di\u00e4ten, die den K\u00f6rper und Stoffwechsel unter Stress setzen... Vereinbare noch jetzt ein kostenloses Erstgespr\u00e4ch.\" \/>\n<meta name=\"robots\" content=\"index, follow, max-snippet:-1, max-image-preview:large, max-video-preview:-1\" \/>\n<link rel=\"canonical\" href=\"https:\/\/nadinept.de\/en\/product\/gesundheitscoaching\/\" \/>\n<meta property=\"og:locale\" content=\"en_GB\" \/>\n<meta property=\"og:type\" content=\"article\" \/>\n<meta property=\"og:title\" content=\"Gesundheitscoaching - Ern\u00e4hrungsberaterin Nadine Gina\" \/>\n<meta property=\"og:description\" content=\"Bl\u00e4hbauch, Akne, usw...? Finger weg von Di\u00e4ten, die den K\u00f6rper und Stoffwechsel unter Stress setzen... Vereinbare noch jetzt ein kostenloses Erstgespr\u00e4ch.\" \/>\n<meta property=\"og:url\" content=\"https:\/\/nadinept.de\/en\/product\/gesundheitscoaching\/\" \/>\n<meta property=\"og:site_name\" content=\"Ern\u00e4hrungsberaterin Nadine Gina\" \/>\n<meta property=\"article:modified_time\" content=\"2026-01-04T15:15:08+00:00\" \/>\n<meta property=\"og:image\" content=\"https:\/\/nadinept.de\/wp-content\/uploads\/2023\/03\/Profil-Rueck-gut-scaled-1.jpg\" \/>\n\t<meta property=\"og:image:width\" content=\"1922\" \/>\n\t<meta property=\"og:image:height\" content=\"2560\" \/>\n\t<meta property=\"og:image:type\" content=\"image\/jpeg\" \/>\n<meta name=\"twitter:card\" content=\"summary_large_image\" \/>\n<meta name=\"twitter:label1\" content=\"Estimated reading time\" \/>\n\t<meta name=\"twitter:data1\" content=\"2 minutes\" \/>\n<script type=\"application\/ld+json\" class=\"yoast-schema-graph\">{\"@context\":\"https:\\\/\\\/schema.org\",\"@graph\":[{\"@type\":\"WebPage\",\"@id\":\"https:\\\/\\\/nadinept.de\\\/produkt\\\/gesundheitscoaching\\\/\",\"url\":\"https:\\\/\\\/nadinept.de\\\/produkt\\\/gesundheitscoaching\\\/\",\"name\":\"Gesundheitscoaching - Ern\u00e4hrungsberaterin Nadine Gina\",\"isPartOf\":{\"@id\":\"https:\\\/\\\/nadinept.de\\\/#website\"},\"primaryImageOfPage\":{\"@id\":\"https:\\\/\\\/nadinept.de\\\/produkt\\\/gesundheitscoaching\\\/#primaryimage\"},\"image\":{\"@id\":\"https:\\\/\\\/nadinept.de\\\/produkt\\\/gesundheitscoaching\\\/#primaryimage\"},\"thumbnailUrl\":\"https:\\\/\\\/nadinept.de\\\/wp-content\\\/uploads\\\/2023\\\/03\\\/Profil-Rueck-gut-scaled-1.jpg\",\"datePublished\":\"2023-03-10T13:05:59+00:00\",\"dateModified\":\"2026-01-04T15:15:08+00:00\",\"description\":\"Bl\u00e4hbauch, Akne, usw...? Finger weg von Di\u00e4ten, die den K\u00f6rper und Stoffwechsel unter Stress setzen... Vereinbare noch jetzt ein kostenloses Erstgespr\u00e4ch.\",\"breadcrumb\":{\"@id\":\"https:\\\/\\\/nadinept.de\\\/produkt\\\/gesundheitscoaching\\\/#breadcrumb\"},\"inLanguage\":\"en-GB\",\"potentialAction\":[{\"@type\":\"ReadAction\",\"target\":[\"https:\\\/\\\/nadinept.de\\\/produkt\\\/gesundheitscoaching\\\/\"]}]},{\"@type\":\"ImageObject\",\"inLanguage\":\"en-GB\",\"@id\":\"https:\\\/\\\/nadinept.de\\\/produkt\\\/gesundheitscoaching\\\/#primaryimage\",\"url\":\"https:\\\/\\\/nadinept.de\\\/wp-content\\\/uploads\\\/2023\\\/03\\\/Profil-Rueck-gut-scaled-1.jpg\",\"contentUrl\":\"https:\\\/\\\/nadinept.de\\\/wp-content\\\/uploads\\\/2023\\\/03\\\/Profil-Rueck-gut-scaled-1.jpg\",\"width\":1922,\"height\":2560},{\"@type\":\"BreadcrumbList\",\"@id\":\"https:\\\/\\\/nadinept.de\\\/produkt\\\/gesundheitscoaching\\\/#breadcrumb\",\"itemListElement\":[{\"@type\":\"ListItem\",\"position\":1,\"name\":\"Startseite\",\"item\":\"https:\\\/\\\/nadinept.de\\\/\"},{\"@type\":\"ListItem\",\"position\":2,\"name\":\"Shop\",\"item\":\"https:\\\/\\\/nadinept.de\\\/shop\\\/\"},{\"@type\":\"ListItem\",\"position\":3,\"name\":\"Gesundheitscoaching\"}]},{\"@type\":\"WebSite\",\"@id\":\"https:\\\/\\\/nadinept.de\\\/#website\",\"url\":\"https:\\\/\\\/nadinept.de\\\/\",\"name\":\"Ern\u00e4hrungsberaterin Nadine Gina\",\"description\":\"Ich bringe Dich in Deine volle Energie und in einen stabilen Stoffwechsel. Bl\u00e4hbauch, Hautprobleme, M\u00fcdigkeit, Fett- und Wassereinlagerungen haben eine Ursache! Schon innerhalb von 4 Wochen kannst du sp\u00fcrbar mehr Lebensqualit\u00e4t erfahren.\",\"publisher\":{\"@id\":\"https:\\\/\\\/nadinept.de\\\/#\\\/schema\\\/person\\\/fa4a1aeb527f36d59c7294898a06956d\"},\"potentialAction\":[{\"@type\":\"SearchAction\",\"target\":{\"@type\":\"EntryPoint\",\"urlTemplate\":\"https:\\\/\\\/nadinept.de\\\/?s={search_term_string}\"},\"query-input\":{\"@type\":\"PropertyValueSpecification\",\"valueRequired\":true,\"valueName\":\"search_term_string\"}}],\"inLanguage\":\"en-GB\"},{\"@type\":[\"Person\",\"Organization\"],\"@id\":\"https:\\\/\\\/nadinept.de\\\/#\\\/schema\\\/person\\\/fa4a1aeb527f36d59c7294898a06956d\",\"name\":\"Nadine\",\"image\":{\"@type\":\"ImageObject\",\"inLanguage\":\"en-GB\",\"@id\":\"https:\\\/\\\/nadinept.de\\\/wp-content\\\/uploads\\\/2023\\\/08\\\/20220912_1347442-scaled-e1692357478941.jpg\",\"url\":\"https:\\\/\\\/nadinept.de\\\/wp-content\\\/uploads\\\/2023\\\/08\\\/20220912_1347442-scaled-e1692357478941.jpg\",\"contentUrl\":\"https:\\\/\\\/nadinept.de\\\/wp-content\\\/uploads\\\/2023\\\/08\\\/20220912_1347442-scaled-e1692357478941.jpg\",\"width\":1817,\"height\":2508,\"caption\":\"Nadine\"},\"logo\":{\"@id\":\"https:\\\/\\\/nadinept.de\\\/wp-content\\\/uploads\\\/2023\\\/08\\\/20220912_1347442-scaled-e1692357478941.jpg\"},\"description\":\"Als ehemalige Leistungssportlerin habe ich mich schon immer mit Sport, neuesten sportwissenschaftlichen Erkenntnissen, verschiedenen Trainingsmethoden und Ern\u00e4hrung besch\u00e4ftigt. Doch zum Gesundheitscoach wurde ich erst durch meine Geschichte. Gesundheit bedeutet nicht keine Krankheitssymptome zu haben, sondern Lebensenergie, Lebensqualit\u00e4t und Lebensfreude!\",\"sameAs\":[\"http:\\\/\\\/nadinept.de\",\"https:\\\/\\\/www.instagram.com\\\/darm_mit_plan\\\/\"]}]}<\/script>\n<!-- \/ Yoast SEO plugin. -->","yoast_head_json":{"title":"Gesundheitscoaching - Ern\u00e4hrungsberaterin Nadine Gina","description":"Bl\u00e4hbauch, Akne, usw...? Finger weg von Di\u00e4ten, die den K\u00f6rper und Stoffwechsel unter Stress setzen... Vereinbare noch jetzt ein kostenloses Erstgespr\u00e4ch.","robots":{"index":"index","follow":"follow","max-snippet":"max-snippet:-1","max-image-preview":"max-image-preview:large","max-video-preview":"max-video-preview:-1"},"canonical":"https:\/\/nadinept.de\/en\/product\/gesundheitscoaching\/","og_locale":"en_GB","og_type":"article","og_title":"Gesundheitscoaching - Ern\u00e4hrungsberaterin Nadine Gina","og_description":"Bl\u00e4hbauch, Akne, usw...? Finger weg von Di\u00e4ten, die den K\u00f6rper und Stoffwechsel unter Stress setzen... Vereinbare noch jetzt ein kostenloses Erstgespr\u00e4ch.","og_url":"https:\/\/nadinept.de\/en\/product\/gesundheitscoaching\/","og_site_name":"Ern\u00e4hrungsberaterin Nadine Gina","article_modified_time":"2026-01-04T15:15:08+00:00","og_image":[{"width":1922,"height":2560,"url":"https:\/\/nadinept.de\/wp-content\/uploads\/2023\/03\/Profil-Rueck-gut-scaled-1.jpg","type":"image\/jpeg"}],"twitter_card":"summary_large_image","twitter_misc":{"Estimated reading time":"2 minutes"},"schema":{"@context":"https:\/\/schema.org","@graph":[{"@type":"WebPage","@id":"https:\/\/nadinept.de\/produkt\/gesundheitscoaching\/","url":"https:\/\/nadinept.de\/produkt\/gesundheitscoaching\/","name":"Gesundheitscoaching - Ern\u00e4hrungsberaterin Nadine Gina","isPartOf":{"@id":"https:\/\/nadinept.de\/#website"},"primaryImageOfPage":{"@id":"https:\/\/nadinept.de\/produkt\/gesundheitscoaching\/#primaryimage"},"image":{"@id":"https:\/\/nadinept.de\/produkt\/gesundheitscoaching\/#primaryimage"},"thumbnailUrl":"https:\/\/nadinept.de\/wp-content\/uploads\/2023\/03\/Profil-Rueck-gut-scaled-1.jpg","datePublished":"2023-03-10T13:05:59+00:00","dateModified":"2026-01-04T15:15:08+00:00","description":"Bl\u00e4hbauch, Akne, usw...? Finger weg von Di\u00e4ten, die den K\u00f6rper und Stoffwechsel unter Stress setzen... Vereinbare noch jetzt ein kostenloses Erstgespr\u00e4ch.","breadcrumb":{"@id":"https:\/\/nadinept.de\/produkt\/gesundheitscoaching\/#breadcrumb"},"inLanguage":"en-GB","potentialAction":[{"@type":"ReadAction","target":["https:\/\/nadinept.de\/produkt\/gesundheitscoaching\/"]}]},{"@type":"ImageObject","inLanguage":"en-GB","@id":"https:\/\/nadinept.de\/produkt\/gesundheitscoaching\/#primaryimage","url":"https:\/\/nadinept.de\/wp-content\/uploads\/2023\/03\/Profil-Rueck-gut-scaled-1.jpg","contentUrl":"https:\/\/nadinept.de\/wp-content\/uploads\/2023\/03\/Profil-Rueck-gut-scaled-1.jpg","width":1922,"height":2560},{"@type":"BreadcrumbList","@id":"https:\/\/nadinept.de\/produkt\/gesundheitscoaching\/#breadcrumb","itemListElement":[{"@type":"ListItem","position":1,"name":"Startseite","item":"https:\/\/nadinept.de\/"},{"@type":"ListItem","position":2,"name":"Shop","item":"https:\/\/nadinept.de\/shop\/"},{"@type":"ListItem","position":3,"name":"Gesundheitscoaching"}]},{"@type":"WebSite","@id":"https:\/\/nadinept.de\/#website","url":"https:\/\/nadinept.de\/","name":"Ern\u00e4hrungsberaterin Nadine Gina","description":"I will bring you to your full energy and a stable metabolism. Bloating, skin problems, fatigue, fat and water retention have a cause! Within 4 weeks you can experience a noticeably better quality of life.","publisher":{"@id":"https:\/\/nadinept.de\/#\/schema\/person\/fa4a1aeb527f36d59c7294898a06956d"},"potentialAction":[{"@type":"SearchAction","target":{"@type":"EntryPoint","urlTemplate":"https:\/\/nadinept.de\/?s={search_term_string}"},"query-input":{"@type":"PropertyValueSpecification","valueRequired":true,"valueName":"search_term_string"}}],"inLanguage":"en-GB"},{"@type":["Person","Organization"],"@id":"https:\/\/nadinept.de\/#\/schema\/person\/fa4a1aeb527f36d59c7294898a06956d","name":"Nadine","image":{"@type":"ImageObject","inLanguage":"en-GB","@id":"https:\/\/nadinept.de\/wp-content\/uploads\/2023\/08\/20220912_1347442-scaled-e1692357478941.jpg","url":"https:\/\/nadinept.de\/wp-content\/uploads\/2023\/08\/20220912_1347442-scaled-e1692357478941.jpg","contentUrl":"https:\/\/nadinept.de\/wp-content\/uploads\/2023\/08\/20220912_1347442-scaled-e1692357478941.jpg","width":1817,"height":2508,"caption":"Nadine"},"logo":{"@id":"https:\/\/nadinept.de\/wp-content\/uploads\/2023\/08\/20220912_1347442-scaled-e1692357478941.jpg"},"description":"Als ehemalige Leistungssportlerin habe ich mich schon immer mit Sport, neuesten sportwissenschaftlichen Erkenntnissen, verschiedenen Trainingsmethoden und Ern\u00e4hrung besch\u00e4ftigt. Doch zum Gesundheitscoach wurde ich erst durch meine Geschichte. Gesundheit bedeutet nicht keine Krankheitssymptome zu haben, sondern Lebensenergie, Lebensqualit\u00e4t und Lebensfreude!","sameAs":["http:\/\/nadinept.de","https:\/\/www.instagram.com\/darm_mit_plan\/"]}]}},"_links":{"self":[{"href":"https:\/\/nadinept.de\/en\/wp-json\/wp\/v2\/product\/5313","targetHints":{"allow":["GET"]}}],"collection":[{"href":"https:\/\/nadinept.de\/en\/wp-json\/wp\/v2\/product"}],"about":[{"href":"https:\/\/nadinept.de\/en\/wp-json\/wp\/v2\/types\/product"}],"replies":[{"embeddable":true,"href":"https:\/\/nadinept.de\/en\/wp-json\/wp\/v2\/comments?post=5313"}],"wp:featuredmedia":[{"embeddable":true,"href":"https:\/\/nadinept.de\/en\/wp-json\/wp\/v2\/media\/5331"}],"wp:attachment":[{"href":"https:\/\/nadinept.de\/en\/wp-json\/wp\/v2\/media?parent=5313"}],"wp:term":[{"taxonomy":"product_brand","embeddable":true,"href":"https:\/\/nadinept.de\/en\/wp-json\/wp\/v2\/product_brand?post=5313"},{"taxonomy":"product_cat","embeddable":true,"href":"https:\/\/nadinept.de\/en\/wp-json\/wp\/v2\/product_cat?post=5313"},{"taxonomy":"product_tag","embeddable":true,"href":"https:\/\/nadinept.de\/en\/wp-json\/wp\/v2\/product_tag?post=5313"}],"curies":[{"name":"wp","href":"https:\/\/api.w.org\/{rel}","templated":true}]}}