{"id":5314,"date":"2023-03-09T14:08:00","date_gmt":"2023-03-09T13:08:00","guid":{"rendered":"https:\/\/nadinept.de\/?post_type=product&#038;p=5314"},"modified":"2024-03-23T08:06:54","modified_gmt":"2024-03-23T07:06:54","slug":"barre-mobility-trainingsstunde","status":"publish","type":"product","link":"https:\/\/nadinept.de\/en\/product\/barre-mobility-trainingsstunde\/","title":{"rendered":"Barre Mobility Trainingsstunde"},"content":{"rendered":"<p>Du kannst hier eine live Barre Mobility Trainingsstunde mit mir erwerben (Onlinetraining).<\/p>\n<p>Du kannst auch mehrere Stunden erwerben. Terminabsprache erfolgt direkt mit mir.<\/p>\n<p>Nach dem Kauf setze ich mich mit Dir in Verbindung. Bitte vergewissere Dich, eine g\u00fcltige E-Mailadresse zu verwenden.<\/p>","protected":false},"excerpt":{"rendered":"<p>Du kannst hier eine live Barre Mobility Trainingsstunde mit mir erwerben (Onlinetraining).<\/p>\n<p>Du kannst auch mehrere Stunden erwerben. Terminabsprache erfolgt direkt mit mir.<\/p>\n<p>Nach dem Kauf setze ich mich mit Dir in Verbindung. Bitte vergewissere Dich, eine g\u00fcltige E-Mailadresse zu verwenden.<\/p>","protected":false},"featured_media":5330,"comment_status":"open","ping_status":"closed","template":"","meta":[],"product_brand":[],"product_cat":[57],"product_tag":[],"class_list":{"0":"post-5314","1":"product","2":"type-product","3":"status-publish","4":"has-post-thumbnail","6":"product_cat-barre-mobility-training","8":"first","9":"instock","10":"virtual","11":"purchasable","12":"product-type-simple"},"yoast_head":"<!-- This site is optimized with the Yoast SEO plugin v27.3 - https:\/\/yoast.com\/product\/yoast-seo-wordpress\/ -->\n<title>Barre Mobility Trainingsstunde - Ern\u00e4hrungsberaterin Nadine Gina<\/title>\n<meta name=\"robots\" content=\"index, follow, max-snippet:-1, max-image-preview:large, max-video-preview:-1\" \/>\n<link rel=\"canonical\" href=\"https:\/\/nadinept.de\/en\/product\/barre-mobility-trainingsstunde\/\" \/>\n<meta property=\"og:locale\" content=\"en_GB\" \/>\n<meta property=\"og:type\" content=\"article\" \/>\n<meta property=\"og:title\" content=\"Barre Mobility Trainingsstunde - Ern\u00e4hrungsberaterin Nadine Gina\" \/>\n<meta property=\"og:description\" content=\"Du kannst hier eine live Barre Mobility Trainingsstunde mit mir erwerben (Onlinetraining).  Du kannst auch mehrere Stunden erwerben. Terminabsprache erfolgt direkt mit mir.  Nach dem Kauf setze ich mich mit Dir in Verbindung. Bitte vergewissere Dich, eine g\u00fcltige E-Mailadresse zu verwenden.\" \/>\n<meta property=\"og:url\" content=\"https:\/\/nadinept.de\/en\/product\/barre-mobility-trainingsstunde\/\" \/>\n<meta property=\"og:site_name\" content=\"Ern\u00e4hrungsberaterin Nadine Gina\" \/>\n<meta property=\"article:modified_time\" content=\"2024-03-23T07:06:54+00:00\" \/>\n<meta property=\"og:image\" content=\"https:\/\/nadinept.de\/wp-content\/uploads\/2023\/03\/Barre.jpg\" \/>\n\t<meta property=\"og:image:width\" content=\"1920\" \/>\n\t<meta property=\"og:image:height\" content=\"1080\" \/>\n\t<meta property=\"og:image:type\" content=\"image\/jpeg\" \/>\n<meta name=\"twitter:card\" content=\"summary_large_image\" \/>\n<meta name=\"twitter:label1\" content=\"Estimated reading time\" \/>\n\t<meta name=\"twitter:data1\" content=\"1 minute\" \/>\n<script type=\"application\/ld+json\" class=\"yoast-schema-graph\">{\"@context\":\"https:\\\/\\\/schema.org\",\"@graph\":[{\"@type\":\"WebPage\",\"@id\":\"https:\\\/\\\/nadinept.de\\\/produkt\\\/barre-mobility-trainingsstunde\\\/\",\"url\":\"https:\\\/\\\/nadinept.de\\\/produkt\\\/barre-mobility-trainingsstunde\\\/\",\"name\":\"Barre Mobility Trainingsstunde - Ern\u00e4hrungsberaterin Nadine Gina\",\"isPartOf\":{\"@id\":\"https:\\\/\\\/nadinept.de\\\/#website\"},\"primaryImageOfPage\":{\"@id\":\"https:\\\/\\\/nadinept.de\\\/produkt\\\/barre-mobility-trainingsstunde\\\/#primaryimage\"},\"image\":{\"@id\":\"https:\\\/\\\/nadinept.de\\\/produkt\\\/barre-mobility-trainingsstunde\\\/#primaryimage\"},\"thumbnailUrl\":\"https:\\\/\\\/nadinept.de\\\/wp-content\\\/uploads\\\/2023\\\/03\\\/Barre.jpg\",\"datePublished\":\"2023-03-09T13:08:00+00:00\",\"dateModified\":\"2024-03-23T07:06:54+00:00\",\"breadcrumb\":{\"@id\":\"https:\\\/\\\/nadinept.de\\\/produkt\\\/barre-mobility-trainingsstunde\\\/#breadcrumb\"},\"inLanguage\":\"en-GB\",\"potentialAction\":[{\"@type\":\"ReadAction\",\"target\":[\"https:\\\/\\\/nadinept.de\\\/produkt\\\/barre-mobility-trainingsstunde\\\/\"]}]},{\"@type\":\"ImageObject\",\"inLanguage\":\"en-GB\",\"@id\":\"https:\\\/\\\/nadinept.de\\\/produkt\\\/barre-mobility-trainingsstunde\\\/#primaryimage\",\"url\":\"https:\\\/\\\/nadinept.de\\\/wp-content\\\/uploads\\\/2023\\\/03\\\/Barre.jpg\",\"contentUrl\":\"https:\\\/\\\/nadinept.de\\\/wp-content\\\/uploads\\\/2023\\\/03\\\/Barre.jpg\",\"width\":1920,\"height\":1080},{\"@type\":\"BreadcrumbList\",\"@id\":\"https:\\\/\\\/nadinept.de\\\/produkt\\\/barre-mobility-trainingsstunde\\\/#breadcrumb\",\"itemListElement\":[{\"@type\":\"ListItem\",\"position\":1,\"name\":\"Startseite\",\"item\":\"https:\\\/\\\/nadinept.de\\\/\"},{\"@type\":\"ListItem\",\"position\":2,\"name\":\"Shop\",\"item\":\"https:\\\/\\\/nadinept.de\\\/shop\\\/\"},{\"@type\":\"ListItem\",\"position\":3,\"name\":\"Barre Mobility Trainingsstunde\"}]},{\"@type\":\"WebSite\",\"@id\":\"https:\\\/\\\/nadinept.de\\\/#website\",\"url\":\"https:\\\/\\\/nadinept.de\\\/\",\"name\":\"Ern\u00e4hrungsberaterin Nadine Gina\",\"description\":\"Ich bringe Dich in Deine volle Energie und in einen stabilen Stoffwechsel. Bl\u00e4hbauch, Hautprobleme, M\u00fcdigkeit, Fett- und Wassereinlagerungen haben eine Ursache! Schon innerhalb von 4 Wochen kannst du sp\u00fcrbar mehr Lebensqualit\u00e4t erfahren.\",\"publisher\":{\"@id\":\"https:\\\/\\\/nadinept.de\\\/#\\\/schema\\\/person\\\/fa4a1aeb527f36d59c7294898a06956d\"},\"potentialAction\":[{\"@type\":\"SearchAction\",\"target\":{\"@type\":\"EntryPoint\",\"urlTemplate\":\"https:\\\/\\\/nadinept.de\\\/?s={search_term_string}\"},\"query-input\":{\"@type\":\"PropertyValueSpecification\",\"valueRequired\":true,\"valueName\":\"search_term_string\"}}],\"inLanguage\":\"en-GB\"},{\"@type\":[\"Person\",\"Organization\"],\"@id\":\"https:\\\/\\\/nadinept.de\\\/#\\\/schema\\\/person\\\/fa4a1aeb527f36d59c7294898a06956d\",\"name\":\"Nadine\",\"image\":{\"@type\":\"ImageObject\",\"inLanguage\":\"en-GB\",\"@id\":\"https:\\\/\\\/nadinept.de\\\/wp-content\\\/uploads\\\/2023\\\/08\\\/20220912_1347442-scaled-e1692357478941.jpg\",\"url\":\"https:\\\/\\\/nadinept.de\\\/wp-content\\\/uploads\\\/2023\\\/08\\\/20220912_1347442-scaled-e1692357478941.jpg\",\"contentUrl\":\"https:\\\/\\\/nadinept.de\\\/wp-content\\\/uploads\\\/2023\\\/08\\\/20220912_1347442-scaled-e1692357478941.jpg\",\"width\":1817,\"height\":2508,\"caption\":\"Nadine\"},\"logo\":{\"@id\":\"https:\\\/\\\/nadinept.de\\\/wp-content\\\/uploads\\\/2023\\\/08\\\/20220912_1347442-scaled-e1692357478941.jpg\"},\"description\":\"Als ehemalige Leistungssportlerin habe ich mich schon immer mit Sport, neuesten sportwissenschaftlichen Erkenntnissen, verschiedenen Trainingsmethoden und Ern\u00e4hrung besch\u00e4ftigt. Doch zum Gesundheitscoach wurde ich erst durch meine Geschichte. Gesundheit bedeutet nicht keine Krankheitssymptome zu haben, sondern Lebensenergie, Lebensqualit\u00e4t und Lebensfreude!\",\"sameAs\":[\"http:\\\/\\\/nadinept.de\",\"https:\\\/\\\/www.instagram.com\\\/darm_mit_plan\\\/\"]}]}<\/script>\n<!-- \/ Yoast SEO plugin. -->","yoast_head_json":{"title":"Barre Mobility Trainingsstunde - Ern\u00e4hrungsberaterin Nadine Gina","robots":{"index":"index","follow":"follow","max-snippet":"max-snippet:-1","max-image-preview":"max-image-preview:large","max-video-preview":"max-video-preview:-1"},"canonical":"https:\/\/nadinept.de\/en\/product\/barre-mobility-trainingsstunde\/","og_locale":"en_GB","og_type":"article","og_title":"Barre Mobility Trainingsstunde - Ern\u00e4hrungsberaterin Nadine Gina","og_description":"Du kannst hier eine live Barre Mobility Trainingsstunde mit mir erwerben (Onlinetraining).  Du kannst auch mehrere Stunden erwerben. Terminabsprache erfolgt direkt mit mir.  Nach dem Kauf setze ich mich mit Dir in Verbindung. Bitte vergewissere Dich, eine g\u00fcltige E-Mailadresse zu verwenden.","og_url":"https:\/\/nadinept.de\/en\/product\/barre-mobility-trainingsstunde\/","og_site_name":"Ern\u00e4hrungsberaterin Nadine Gina","article_modified_time":"2024-03-23T07:06:54+00:00","og_image":[{"width":1920,"height":1080,"url":"https:\/\/nadinept.de\/wp-content\/uploads\/2023\/03\/Barre.jpg","type":"image\/jpeg"}],"twitter_card":"summary_large_image","twitter_misc":{"Estimated reading time":"1 minute"},"schema":{"@context":"https:\/\/schema.org","@graph":[{"@type":"WebPage","@id":"https:\/\/nadinept.de\/produkt\/barre-mobility-trainingsstunde\/","url":"https:\/\/nadinept.de\/produkt\/barre-mobility-trainingsstunde\/","name":"Barre Mobility Trainingsstunde - Ern\u00e4hrungsberaterin Nadine Gina","isPartOf":{"@id":"https:\/\/nadinept.de\/#website"},"primaryImageOfPage":{"@id":"https:\/\/nadinept.de\/produkt\/barre-mobility-trainingsstunde\/#primaryimage"},"image":{"@id":"https:\/\/nadinept.de\/produkt\/barre-mobility-trainingsstunde\/#primaryimage"},"thumbnailUrl":"https:\/\/nadinept.de\/wp-content\/uploads\/2023\/03\/Barre.jpg","datePublished":"2023-03-09T13:08:00+00:00","dateModified":"2024-03-23T07:06:54+00:00","breadcrumb":{"@id":"https:\/\/nadinept.de\/produkt\/barre-mobility-trainingsstunde\/#breadcrumb"},"inLanguage":"en-GB","potentialAction":[{"@type":"ReadAction","target":["https:\/\/nadinept.de\/produkt\/barre-mobility-trainingsstunde\/"]}]},{"@type":"ImageObject","inLanguage":"en-GB","@id":"https:\/\/nadinept.de\/produkt\/barre-mobility-trainingsstunde\/#primaryimage","url":"https:\/\/nadinept.de\/wp-content\/uploads\/2023\/03\/Barre.jpg","contentUrl":"https:\/\/nadinept.de\/wp-content\/uploads\/2023\/03\/Barre.jpg","width":1920,"height":1080},{"@type":"BreadcrumbList","@id":"https:\/\/nadinept.de\/produkt\/barre-mobility-trainingsstunde\/#breadcrumb","itemListElement":[{"@type":"ListItem","position":1,"name":"Startseite","item":"https:\/\/nadinept.de\/"},{"@type":"ListItem","position":2,"name":"Shop","item":"https:\/\/nadinept.de\/shop\/"},{"@type":"ListItem","position":3,"name":"Barre Mobility Trainingsstunde"}]},{"@type":"WebSite","@id":"https:\/\/nadinept.de\/#website","url":"https:\/\/nadinept.de\/","name":"Ern\u00e4hrungsberaterin Nadine Gina","description":"I will bring you to your full energy and a stable metabolism. Bloating, skin problems, fatigue, fat and water retention have a cause! Within 4 weeks you can experience a noticeably better quality of life.","publisher":{"@id":"https:\/\/nadinept.de\/#\/schema\/person\/fa4a1aeb527f36d59c7294898a06956d"},"potentialAction":[{"@type":"SearchAction","target":{"@type":"EntryPoint","urlTemplate":"https:\/\/nadinept.de\/?s={search_term_string}"},"query-input":{"@type":"PropertyValueSpecification","valueRequired":true,"valueName":"search_term_string"}}],"inLanguage":"en-GB"},{"@type":["Person","Organization"],"@id":"https:\/\/nadinept.de\/#\/schema\/person\/fa4a1aeb527f36d59c7294898a06956d","name":"Nadine","image":{"@type":"ImageObject","inLanguage":"en-GB","@id":"https:\/\/nadinept.de\/wp-content\/uploads\/2023\/08\/20220912_1347442-scaled-e1692357478941.jpg","url":"https:\/\/nadinept.de\/wp-content\/uploads\/2023\/08\/20220912_1347442-scaled-e1692357478941.jpg","contentUrl":"https:\/\/nadinept.de\/wp-content\/uploads\/2023\/08\/20220912_1347442-scaled-e1692357478941.jpg","width":1817,"height":2508,"caption":"Nadine"},"logo":{"@id":"https:\/\/nadinept.de\/wp-content\/uploads\/2023\/08\/20220912_1347442-scaled-e1692357478941.jpg"},"description":"Als ehemalige Leistungssportlerin habe ich mich schon immer mit Sport, neuesten sportwissenschaftlichen Erkenntnissen, verschiedenen Trainingsmethoden und Ern\u00e4hrung besch\u00e4ftigt. Doch zum Gesundheitscoach wurde ich erst durch meine Geschichte. Gesundheit bedeutet nicht keine Krankheitssymptome zu haben, sondern Lebensenergie, Lebensqualit\u00e4t und Lebensfreude!","sameAs":["http:\/\/nadinept.de","https:\/\/www.instagram.com\/darm_mit_plan\/"]}]}},"_links":{"self":[{"href":"https:\/\/nadinept.de\/en\/wp-json\/wp\/v2\/product\/5314","targetHints":{"allow":["GET"]}}],"collection":[{"href":"https:\/\/nadinept.de\/en\/wp-json\/wp\/v2\/product"}],"about":[{"href":"https:\/\/nadinept.de\/en\/wp-json\/wp\/v2\/types\/product"}],"replies":[{"embeddable":true,"href":"https:\/\/nadinept.de\/en\/wp-json\/wp\/v2\/comments?post=5314"}],"wp:featuredmedia":[{"embeddable":true,"href":"https:\/\/nadinept.de\/en\/wp-json\/wp\/v2\/media\/5330"}],"wp:attachment":[{"href":"https:\/\/nadinept.de\/en\/wp-json\/wp\/v2\/media?parent=5314"}],"wp:term":[{"taxonomy":"product_brand","embeddable":true,"href":"https:\/\/nadinept.de\/en\/wp-json\/wp\/v2\/product_brand?post=5314"},{"taxonomy":"product_cat","embeddable":true,"href":"https:\/\/nadinept.de\/en\/wp-json\/wp\/v2\/product_cat?post=5314"},{"taxonomy":"product_tag","embeddable":true,"href":"https:\/\/nadinept.de\/en\/wp-json\/wp\/v2\/product_tag?post=5314"}],"curies":[{"name":"wp","href":"https:\/\/api.w.org\/{rel}","templated":true}]}}