{"id":5316,"date":"2023-03-10T14:08:00","date_gmt":"2023-03-10T13:08:00","guid":{"rendered":"https:\/\/nadinept.de\/?post_type=product&#038;p=5316"},"modified":"2026-04-09T16:25:11","modified_gmt":"2026-04-09T14:25:11","slug":"darm-mit-plan","status":"publish","type":"product","link":"https:\/\/nadinept.de\/en\/product\/darm-mit-plan\/","title":{"rendered":"\"Darm mit Plan\" Program"},"content":{"rendered":"<h3>Mit meinem ganzheitlichen &#8222;Darm mit Plan&#8220; Programm, mit dem ich inzwischen f\u00fcr ganzheitliche \u00c4rzte in Berlin arbeite, verhelfe ich dir in kurzer Zeit zu mehr Lebensqualit\u00e4t.<\/h3>\n<ul>\n<li>Du f\u00fchlst dich oft\u00a0ersch\u00f6pft\u00a0und\u00a0m\u00fcde<\/li>\n<li>Du bist frustriert vom ewigen herumprobieren<\/li>\n<li>Du f\u00fchlst dich oft aufgebl\u00e4ht und hast Bauchschmerzen<\/li>\n<li>Du hast Hautprobleme (Akne, Pickelchen, Allergien)<\/li>\n<\/ul>\n<h3>Deine\u00a0Vorteile\u00a0vom &#8222;Darm mit Plan&#8220; Programm:<\/h3>\n<ul>\n<li>Sofortige Verbesserung deines Stoffwechsels.<\/li>\n<li>Endlich Schluss mit l\u00e4stigem Bl\u00e4hbauch, Kr\u00e4mpfen, Verstopfung oder Durchfall.<\/li>\n<li>Keine Erstverschlechterung und ewiges rumprobieren.<\/li>\n<li>Sofortige Minimierung von Herzinfarkt- und Schlaganfall-Risiko.<\/li>\n<\/ul>\n<h4>Der Darm ist das Zentrum der Gesundheit und unseres Stoffwechsels. Dabei geht es nicht darum eine komplizierte Darmpilz-Di\u00e4t oder gar eine Fastenkur zu machen. Es darf leicht sein!<\/h4>\n<p>Wir werden durch\u00a0Social Media\u00a0und von der Werbung an Mittelchen und\u00a0Di\u00e4ten\u00a0erschlagen. Verlieren selbst wenn wir gewillt sind etwas zu \u00e4ndern schnell die\u00a0Motivation. Dabei ist es wissenschaftlich l\u00e4ngst belegt, wie wir \u00fcber unsere Ern\u00e4hrung sofort unsere\u00a0Darmgesundheit\u00a0verbessern, unser\u00a0Krebsrisiko, Herzinfarkt- und Schlaganfallrisiko minimieren k\u00f6nnen.<\/p>\n<h4>Du willst endlich einen flachen Bauch, reine Haut und einen nachhaltig gesunden Stoffwechsel? Dann lass uns zusammen arbeiten!<\/h4>\n<p>Ich analysiere deine Bed\u00fcrfnisse und entwickle auf Grundlage einer ausf\u00fchrlichen Anamnese, individuell auf deine Ziele abgestimmt, dein ganzheitliches Darm mit Plan Programm!<\/p>\n<h3>In nur 4 Wochen zu sp\u00fcrbar mehr Lebensqualit\u00e4t<\/h3>\n<h3>Ich freue mich Dich kennenzulernen!<\/h3>\n<h4>Das erwartet dich im Darm mit Plan Programm:<\/h4>\n<ul>\n<li>Pers\u00f6nliche Anamnese und Zielbestimmung<\/li>\n<li>Auswertung eines Ern\u00e4hrungstagebuchs<\/li>\n<li>Auf dich und deinen Alltag individuell abgestimmte Ern\u00e4hrungspl\u00e4ne<\/li>\n<li>Einfache und leckere Rezepte<\/li>\n<li>Einkaufsliste und einfache Linkliste<\/li>\n<li>Mindset\u00fcbungen mit Videos<\/li>\n<li>Pers\u00f6nlicher Support via Videocall, Email etc.<\/li>\n<li>Alle 2 Wochen Anpassung der Pl\u00e4ne, neue Rezepte nach pers\u00f6nlicher Besprechung<\/li>\n<\/ul>\n<h3>Du erh\u00e4ltst von Anfang an f\u00fcr dich passende \u00dcbungen von mir &#8211; Mindsetaufgaben, Atem\u00fcbungen etc.<\/h3>\n<p>Ein gesunder Darm braucht einen gesunden Mind (Verstand\/Bewusstsein)!<\/p>","protected":false},"excerpt":{"rendered":"<h4>Das erwartet dich im Darm mit Plan Programm:<\/h4>\n<ul>\n<li>Pers\u00f6nliche Anamnese und Zielbestimmung<\/li>\n<li>Auswertung eines Ern\u00e4hrungstagebuchs<\/li>\n<li>Auf dich und deinen Alltag individuell abgestimmte Ern\u00e4hrungspl\u00e4ne<\/li>\n<li>Einfache und leckere Rezepte<\/li>\n<li>Einkaufsliste und einfache Linkliste<\/li>\n<li>Mindset\u00fcbungen mit Videos<\/li>\n<li>Pers\u00f6nlicher Support via Videocall, Email etc.<\/li>\n<li>Alle 2 Wochen Anpassung der Pl\u00e4ne, neue Rezepte nach pers\u00f6nlicher Besprechung<\/li>\n<\/ul>","protected":false},"featured_media":5332,"comment_status":"open","ping_status":"closed","template":"","meta":[],"product_brand":[],"product_cat":[58],"product_tag":[153,154,155,156,146,157,147,158,148,159,149,160,150,161,151,162,152],"class_list":{"0":"post-5316","1":"product","2":"type-product","3":"status-publish","4":"has-post-thumbnail","6":"product_cat-detox","7":"product_tag-allergien","8":"product_tag-nahrungsmittelunvertraeglichkeiten","9":"product_tag-onlinecoaching","10":"product_tag-verstopfungen","11":"product_tag-darmdetox","12":"product_tag-stoffwechselprobleme","13":"product_tag-darmgesundheit","14":"product_tag-abnehmen","15":"product_tag-enaehrungsumstellung","16":"product_tag-zunehmen","17":"product_tag-blaehbauch","18":"product_tag-muskelaufbau","19":"product_tag-blaehungen","20":"product_tag-abnehmenohnediaetatemuebungen","21":"product_tag-akne","22":"product_tag-onlinemeditationen","23":"product_tag-psoriasis","25":"first","26":"instock","27":"shipping-taxable","28":"purchasable","29":"product-type-variable","30":"has-default-attributes"},"yoast_head":"<!-- This site is optimized with the Yoast SEO plugin v27.3 - https:\/\/yoast.com\/product\/yoast-seo-wordpress\/ -->\n<title>Darm mit Plan<\/title>\n<meta name=\"description\" content=\"Das Darm mit Plan Programm besteht aus einem ausf\u00fchrlichen Erstgespr\u00e4ch, einer Anamnese sowie Auswertung eines Ern\u00e4hrungstagebuchs. Auf dieser Grundlage...\" \/>\n<meta name=\"robots\" content=\"index, follow, max-snippet:-1, max-image-preview:large, max-video-preview:-1\" \/>\n<link rel=\"canonical\" href=\"https:\/\/nadinept.de\/en\/product\/darm-mit-plan\/\" \/>\n<meta property=\"og:locale\" content=\"en_GB\" \/>\n<meta property=\"og:type\" content=\"article\" \/>\n<meta property=\"og:title\" content=\"Darm mit Plan\" \/>\n<meta property=\"og:description\" content=\"Das Darm mit Plan Programm besteht aus einem ausf\u00fchrlichen Erstgespr\u00e4ch, einer Anamnese sowie Auswertung eines Ern\u00e4hrungstagebuchs. Auf dieser Grundlage...\" \/>\n<meta property=\"og:url\" content=\"https:\/\/nadinept.de\/en\/product\/darm-mit-plan\/\" \/>\n<meta property=\"og:site_name\" content=\"Ern\u00e4hrungsberaterin Nadine Gina\" \/>\n<meta property=\"article:modified_time\" content=\"2026-04-09T14:25:11+00:00\" \/>\n<meta property=\"og:image\" content=\"https:\/\/nadinept.de\/wp-content\/uploads\/2023\/03\/box-Final-1024x819.png\" \/>\n\t<meta property=\"og:image:width\" content=\"1024\" \/>\n\t<meta property=\"og:image:height\" content=\"819\" \/>\n\t<meta property=\"og:image:type\" content=\"image\/png\" \/>\n<meta name=\"twitter:card\" content=\"summary_large_image\" \/>\n<meta name=\"twitter:label1\" content=\"Estimated reading time\" \/>\n\t<meta name=\"twitter:data1\" content=\"2 minutes\" \/>\n<script type=\"application\/ld+json\" class=\"yoast-schema-graph\">{\"@context\":\"https:\\\/\\\/schema.org\",\"@graph\":[{\"@type\":\"WebPage\",\"@id\":\"https:\\\/\\\/nadinept.de\\\/en\\\/product\\\/darm-mit-plan\\\/\",\"url\":\"https:\\\/\\\/nadinept.de\\\/en\\\/product\\\/darm-mit-plan\\\/\",\"name\":\"Darm mit Plan\",\"isPartOf\":{\"@id\":\"https:\\\/\\\/nadinept.de\\\/#website\"},\"primaryImageOfPage\":{\"@id\":\"https:\\\/\\\/nadinept.de\\\/en\\\/product\\\/darm-mit-plan\\\/#primaryimage\"},\"image\":{\"@id\":\"https:\\\/\\\/nadinept.de\\\/en\\\/product\\\/darm-mit-plan\\\/#primaryimage\"},\"thumbnailUrl\":\"https:\\\/\\\/nadinept.de\\\/wp-content\\\/uploads\\\/2023\\\/03\\\/box-Final.png\",\"datePublished\":\"2023-03-10T13:08:00+00:00\",\"dateModified\":\"2026-04-09T14:25:11+00:00\",\"description\":\"Das Darm mit Plan Programm besteht aus einem ausf\u00fchrlichen Erstgespr\u00e4ch, einer Anamnese sowie Auswertung eines Ern\u00e4hrungstagebuchs. Auf dieser Grundlage...\",\"breadcrumb\":{\"@id\":\"https:\\\/\\\/nadinept.de\\\/en\\\/product\\\/darm-mit-plan\\\/#breadcrumb\"},\"inLanguage\":\"en-GB\",\"potentialAction\":[{\"@type\":\"ReadAction\",\"target\":[\"https:\\\/\\\/nadinept.de\\\/en\\\/product\\\/darm-mit-plan\\\/\"]}]},{\"@type\":\"ImageObject\",\"inLanguage\":\"en-GB\",\"@id\":\"https:\\\/\\\/nadinept.de\\\/en\\\/product\\\/darm-mit-plan\\\/#primaryimage\",\"url\":\"https:\\\/\\\/nadinept.de\\\/wp-content\\\/uploads\\\/2023\\\/03\\\/box-Final.png\",\"contentUrl\":\"https:\\\/\\\/nadinept.de\\\/wp-content\\\/uploads\\\/2023\\\/03\\\/box-Final.png\",\"width\":4500,\"height\":3600,\"caption\":\"Darm mit Plan Programm\"},{\"@type\":\"BreadcrumbList\",\"@id\":\"https:\\\/\\\/nadinept.de\\\/en\\\/product\\\/darm-mit-plan\\\/#breadcrumb\",\"itemListElement\":[{\"@type\":\"ListItem\",\"position\":1,\"name\":\"Startseite\",\"item\":\"https:\\\/\\\/nadinept.de\\\/\"},{\"@type\":\"ListItem\",\"position\":2,\"name\":\"Shop\",\"item\":\"https:\\\/\\\/nadinept.de\\\/shop\\\/\"},{\"@type\":\"ListItem\",\"position\":3,\"name\":\"Darm mit Plan\"}]},{\"@type\":\"WebSite\",\"@id\":\"https:\\\/\\\/nadinept.de\\\/#website\",\"url\":\"https:\\\/\\\/nadinept.de\\\/\",\"name\":\"Ern\u00e4hrungsberaterin Nadine Gina\",\"description\":\"Ich bringe Dich in Deine volle Energie und in einen stabilen Stoffwechsel. Bl\u00e4hbauch, Hautprobleme, M\u00fcdigkeit, Fett- und Wassereinlagerungen haben eine Ursache! Schon innerhalb von 4 Wochen kannst du sp\u00fcrbar mehr Lebensqualit\u00e4t erfahren.\",\"publisher\":{\"@id\":\"https:\\\/\\\/nadinept.de\\\/#\\\/schema\\\/person\\\/fa4a1aeb527f36d59c7294898a06956d\"},\"potentialAction\":[{\"@type\":\"SearchAction\",\"target\":{\"@type\":\"EntryPoint\",\"urlTemplate\":\"https:\\\/\\\/nadinept.de\\\/?s={search_term_string}\"},\"query-input\":{\"@type\":\"PropertyValueSpecification\",\"valueRequired\":true,\"valueName\":\"search_term_string\"}}],\"inLanguage\":\"en-GB\"},{\"@type\":[\"Person\",\"Organization\"],\"@id\":\"https:\\\/\\\/nadinept.de\\\/#\\\/schema\\\/person\\\/fa4a1aeb527f36d59c7294898a06956d\",\"name\":\"Nadine\",\"image\":{\"@type\":\"ImageObject\",\"inLanguage\":\"en-GB\",\"@id\":\"https:\\\/\\\/nadinept.de\\\/wp-content\\\/uploads\\\/2023\\\/08\\\/20220912_1347442-scaled-e1692357478941.jpg\",\"url\":\"https:\\\/\\\/nadinept.de\\\/wp-content\\\/uploads\\\/2023\\\/08\\\/20220912_1347442-scaled-e1692357478941.jpg\",\"contentUrl\":\"https:\\\/\\\/nadinept.de\\\/wp-content\\\/uploads\\\/2023\\\/08\\\/20220912_1347442-scaled-e1692357478941.jpg\",\"width\":1817,\"height\":2508,\"caption\":\"Nadine\"},\"logo\":{\"@id\":\"https:\\\/\\\/nadinept.de\\\/wp-content\\\/uploads\\\/2023\\\/08\\\/20220912_1347442-scaled-e1692357478941.jpg\"},\"description\":\"Als ehemalige Leistungssportlerin habe ich mich schon immer mit Sport, neuesten sportwissenschaftlichen Erkenntnissen, verschiedenen Trainingsmethoden und Ern\u00e4hrung besch\u00e4ftigt. Doch zum Gesundheitscoach wurde ich erst durch meine Geschichte. Gesundheit bedeutet nicht keine Krankheitssymptome zu haben, sondern Lebensenergie, Lebensqualit\u00e4t und Lebensfreude!\",\"sameAs\":[\"http:\\\/\\\/nadinept.de\",\"https:\\\/\\\/www.instagram.com\\\/darm_mit_plan\\\/\"]}]}<\/script>\n<!-- \/ Yoast SEO plugin. -->","yoast_head_json":{"title":"\"Darm mit Plan\" Program","description":"Das Darm mit Plan Programm besteht aus einem ausf\u00fchrlichen Erstgespr\u00e4ch, einer Anamnese sowie Auswertung eines Ern\u00e4hrungstagebuchs. Auf dieser Grundlage...","robots":{"index":"index","follow":"follow","max-snippet":"max-snippet:-1","max-image-preview":"max-image-preview:large","max-video-preview":"max-video-preview:-1"},"canonical":"https:\/\/nadinept.de\/en\/product\/darm-mit-plan\/","og_locale":"en_GB","og_type":"article","og_title":"Darm mit Plan","og_description":"Das Darm mit Plan Programm besteht aus einem ausf\u00fchrlichen Erstgespr\u00e4ch, einer Anamnese sowie Auswertung eines Ern\u00e4hrungstagebuchs. Auf dieser Grundlage...","og_url":"https:\/\/nadinept.de\/en\/product\/darm-mit-plan\/","og_site_name":"Ern\u00e4hrungsberaterin Nadine Gina","article_modified_time":"2026-04-09T14:25:11+00:00","og_image":[{"width":1024,"height":819,"url":"https:\/\/nadinept.de\/wp-content\/uploads\/2023\/03\/box-Final-1024x819.png","type":"image\/png"}],"twitter_card":"summary_large_image","twitter_misc":{"Estimated reading time":"2 minutes"},"schema":{"@context":"https:\/\/schema.org","@graph":[{"@type":"WebPage","@id":"https:\/\/nadinept.de\/en\/product\/darm-mit-plan\/","url":"https:\/\/nadinept.de\/en\/product\/darm-mit-plan\/","name":"\"Darm mit Plan\" Program","isPartOf":{"@id":"https:\/\/nadinept.de\/#website"},"primaryImageOfPage":{"@id":"https:\/\/nadinept.de\/en\/product\/darm-mit-plan\/#primaryimage"},"image":{"@id":"https:\/\/nadinept.de\/en\/product\/darm-mit-plan\/#primaryimage"},"thumbnailUrl":"https:\/\/nadinept.de\/wp-content\/uploads\/2023\/03\/box-Final.png","datePublished":"2023-03-10T13:08:00+00:00","dateModified":"2026-04-09T14:25:11+00:00","description":"Das Darm mit Plan Programm besteht aus einem ausf\u00fchrlichen Erstgespr\u00e4ch, einer Anamnese sowie Auswertung eines Ern\u00e4hrungstagebuchs. Auf dieser Grundlage...","breadcrumb":{"@id":"https:\/\/nadinept.de\/en\/product\/darm-mit-plan\/#breadcrumb"},"inLanguage":"en-GB","potentialAction":[{"@type":"ReadAction","target":["https:\/\/nadinept.de\/en\/product\/darm-mit-plan\/"]}]},{"@type":"ImageObject","inLanguage":"en-GB","@id":"https:\/\/nadinept.de\/en\/product\/darm-mit-plan\/#primaryimage","url":"https:\/\/nadinept.de\/wp-content\/uploads\/2023\/03\/box-Final.png","contentUrl":"https:\/\/nadinept.de\/wp-content\/uploads\/2023\/03\/box-Final.png","width":4500,"height":3600,"caption":"Darm mit Plan Programm"},{"@type":"BreadcrumbList","@id":"https:\/\/nadinept.de\/en\/product\/darm-mit-plan\/#breadcrumb","itemListElement":[{"@type":"ListItem","position":1,"name":"Startseite","item":"https:\/\/nadinept.de\/"},{"@type":"ListItem","position":2,"name":"Shop","item":"https:\/\/nadinept.de\/shop\/"},{"@type":"ListItem","position":3,"name":"Darm mit Plan"}]},{"@type":"WebSite","@id":"https:\/\/nadinept.de\/#website","url":"https:\/\/nadinept.de\/","name":"Ern\u00e4hrungsberaterin Nadine Gina","description":"I will bring you to your full energy and a stable metabolism. Bloating, skin problems, fatigue, fat and water retention have a cause! Within 4 weeks you can experience a noticeably better quality of life.","publisher":{"@id":"https:\/\/nadinept.de\/#\/schema\/person\/fa4a1aeb527f36d59c7294898a06956d"},"potentialAction":[{"@type":"SearchAction","target":{"@type":"EntryPoint","urlTemplate":"https:\/\/nadinept.de\/?s={search_term_string}"},"query-input":{"@type":"PropertyValueSpecification","valueRequired":true,"valueName":"search_term_string"}}],"inLanguage":"en-GB"},{"@type":["Person","Organization"],"@id":"https:\/\/nadinept.de\/#\/schema\/person\/fa4a1aeb527f36d59c7294898a06956d","name":"Nadine","image":{"@type":"ImageObject","inLanguage":"en-GB","@id":"https:\/\/nadinept.de\/wp-content\/uploads\/2023\/08\/20220912_1347442-scaled-e1692357478941.jpg","url":"https:\/\/nadinept.de\/wp-content\/uploads\/2023\/08\/20220912_1347442-scaled-e1692357478941.jpg","contentUrl":"https:\/\/nadinept.de\/wp-content\/uploads\/2023\/08\/20220912_1347442-scaled-e1692357478941.jpg","width":1817,"height":2508,"caption":"Nadine"},"logo":{"@id":"https:\/\/nadinept.de\/wp-content\/uploads\/2023\/08\/20220912_1347442-scaled-e1692357478941.jpg"},"description":"Als ehemalige Leistungssportlerin habe ich mich schon immer mit Sport, neuesten sportwissenschaftlichen Erkenntnissen, verschiedenen Trainingsmethoden und Ern\u00e4hrung besch\u00e4ftigt. Doch zum Gesundheitscoach wurde ich erst durch meine Geschichte. Gesundheit bedeutet nicht keine Krankheitssymptome zu haben, sondern Lebensenergie, Lebensqualit\u00e4t und Lebensfreude!","sameAs":["http:\/\/nadinept.de","https:\/\/www.instagram.com\/darm_mit_plan\/"]}]}},"_links":{"self":[{"href":"https:\/\/nadinept.de\/en\/wp-json\/wp\/v2\/product\/5316","targetHints":{"allow":["GET"]}}],"collection":[{"href":"https:\/\/nadinept.de\/en\/wp-json\/wp\/v2\/product"}],"about":[{"href":"https:\/\/nadinept.de\/en\/wp-json\/wp\/v2\/types\/product"}],"replies":[{"embeddable":true,"href":"https:\/\/nadinept.de\/en\/wp-json\/wp\/v2\/comments?post=5316"}],"wp:featuredmedia":[{"embeddable":true,"href":"https:\/\/nadinept.de\/en\/wp-json\/wp\/v2\/media\/5332"}],"wp:attachment":[{"href":"https:\/\/nadinept.de\/en\/wp-json\/wp\/v2\/media?parent=5316"}],"wp:term":[{"taxonomy":"product_brand","embeddable":true,"href":"https:\/\/nadinept.de\/en\/wp-json\/wp\/v2\/product_brand?post=5316"},{"taxonomy":"product_cat","embeddable":true,"href":"https:\/\/nadinept.de\/en\/wp-json\/wp\/v2\/product_cat?post=5316"},{"taxonomy":"product_tag","embeddable":true,"href":"https:\/\/nadinept.de\/en\/wp-json\/wp\/v2\/product_tag?post=5316"}],"curies":[{"name":"wp","href":"https:\/\/api.w.org\/{rel}","templated":true}]}}