{"id":5616,"date":"2023-12-29T15:06:46","date_gmt":"2023-12-29T14:06:46","guid":{"rendered":"https:\/\/nadinept.de\/?post_type=product&#038;p=5616"},"modified":"2026-03-31T23:43:42","modified_gmt":"2026-03-31T21:43:42","slug":"darm-mit-plan-2","status":"publish","type":"product","link":"https:\/\/nadinept.de\/en\/product\/darm-mit-plan-2\/","title":{"rendered":"Darm mit Plan 2.0"},"content":{"rendered":"<div dir=\"auto\">\n<h2 dir=\"auto\"><strong>Das Darm mit Plan 2.0 Programm\u00a0<\/strong><\/h2>\n<div dir=\"auto\"><\/div>\n<div dir=\"auto\">Deine ganzheitliche Anleitung f\u00fcr nachhaltige Gesundheit, Energie und Wohlbefinden.<\/div>\n<div dir=\"auto\"><\/div>\n<div dir=\"auto\">Wenn du verstanden hast, dass echte Heilung im Darm beginnt \u2013 dann ist dieses Programm f\u00fcr dich gemacht.<\/div>\n<div dir=\"auto\"><\/div>\n<div dir=\"auto\">Du bekommst keine 08\/15-Pl\u00e4ne, sondern eine lebensver\u00e4ndernde Gesundheitsanleitung, die du immer wieder anwenden kannst \u2013 wie ein Reset f\u00fcr K\u00f6rper, Verdauung und Hormone. Egal, ob du abnehmen, zunehmen oder einfach heilen m\u00f6chtest \u2013 dieses Programm passt sich deinem K\u00f6rper an.<\/div>\n<div dir=\"auto\"><\/div>\n<div dir=\"auto\"><strong>Das erwartet dich im Darm mit Plan 2.0 Programm:<\/strong><\/div>\n<div dir=\"auto\"><\/div>\n<div dir=\"auto\"><em><strong>6-Wochen-Komplettsystem:<\/strong><\/em><\/div>\n<div dir=\"auto\">Mit ganz konkreten Essenspl\u00e4nen und Anleitungen f\u00fcr jeden einzelnen Tag \u2013 so einfach, dass du sofort starten kannst.<\/div>\n<div dir=\"auto\">Im Programm werden diverse Unvertr\u00e4glichkeiten, Vorerkrankungen gesondert beachtet (Endomitriose, Haschimoto, Gluten, Laktose, Histamin etc.).<\/div>\n<div dir=\"auto\"><\/div>\n<div dir=\"auto\"><em><strong>Leckere, darmfreundliche, hypoallergene genaue Rezepte:<\/strong><\/em><\/div>\n<div dir=\"auto\">F\u00fcr Veganer:innen, Vegetarier:innen und Mischk\u00f6stler \u2013 du entdeckst viele neue, entz\u00fcndungshemmende und aufbauende Lebensmittel.<\/div>\n<div dir=\"auto\"><\/div>\n<div dir=\"auto\"><em><strong>Einkaufslisten\u00a0 und Stundenplanhilfe + praktische Linkliste:<\/strong><\/em><\/div>\n<div dir=\"auto\">Nie wieder planlos \u2013 du bekommst alles an die Hand, was du brauchst.<\/div>\n<div dir=\"auto\"><\/div>\n<div dir=\"auto\"><em><strong>Alle 2 Wochen neue Tagespl\u00e4ne, Rezepte und ein Wechsel der Routinen:<\/strong><\/em><\/div>\n<div dir=\"auto\">Damit dein K\u00f6rper optimal entlastet und dein Darm Schritt f\u00fcr Schritt aufgebaut wird.<\/div>\n<div dir=\"auto\"><\/div>\n<div dir=\"auto\"><em><strong>Mindset-Impulse &amp; Bewegungs\u00fcbungen:<\/strong><\/em><\/div>\n<div dir=\"auto\">Denn dein Darm heilt besser, wenn K\u00f6rper &amp; Geist zusammenarbeiten.<\/div>\n<div dir=\"auto\"><\/div>\n<div dir=\"auto\"><em><strong>Videos mit Atem- und K\u00f6rperbewusstseins\u00fcbungen:<\/strong><\/em><\/div>\n<div dir=\"auto\">F\u00fcr mehr Entspannung, bessere Verdauung und tiefere Verbindung zu dir selbst.<\/div>\n<\/div>\n<div dir=\"auto\"><\/div>\n<div dir=\"auto\"><\/div>\n<div dir=\"auto\">\n<h3 dir=\"auto\"><em><strong>Pers\u00f6nlicher Support:<\/strong><\/em><\/h3>\n<div dir=\"auto\">Du bist nicht allein \u2013 Ich bin f\u00fcr dich da!<\/div>\n<div dir=\"auto\"><\/div>\n<div dir=\"auto\"><\/div>\n<h4 dir=\"auto\"><em><strong><img decoding=\"async\" class=\"lazyload an1\" draggable=\"false\" src=\"data:image\/gif;base64,R0lGODlhAQABAAAAACH5BAEKAAEALAAAAAABAAEAAAICTAEAOw==\" data-orig-src=\"https:\/\/fonts.gstatic.com\/s\/e\/notoemoji\/16.0\/1f4da\/32.png\" alt=\"\ud83d\udcda\" data-emoji=\"\ud83d\udcda\" aria-label=\"\ud83d\udcda\" \/>\u00a0ALLE Unterlagen f\u00fcr IMMER:<\/strong><\/em><\/h4>\n<div dir=\"auto\">Du kannst das Programm jedes Jahr wiederholen, wie ich es selbst mit ganzheitlichen \u00c4rzten praktiziere. Es ist dein Werkzeugkasten f\u00fcr langfristige Gesundheit \u2013 egal, mit welchem Symptom du k\u00e4mpfst.<\/div>\n<div dir=\"auto\"><\/div>\n<div dir=\"auto\"><\/div>\n<div dir=\"auto\"><strong>Bonus:<\/strong><\/div>\n<div dir=\"auto\"><\/div>\n<div dir=\"auto\">Es sind sogar\u00a0 zwei Programme in einem:<\/div>\n<div dir=\"auto\">F\u00fcr Menschen mit Ziel Abnahme \u2013 und f\u00fcr Menschen mit Ziel Gewichtsstabilit\u00e4t oder Zunahme (z.\u202fB. bei Mangelern\u00e4hrung oder langem Krankheitsverlauf). Du kannst flexibel w\u00e4hlen, was zu dir passt.<\/div>\n<div dir=\"auto\"><\/div>\n<div dir=\"auto\"><\/div>\n<div dir=\"auto\"><strong>Einmal zahlen \u2013 f\u00fcr immer profitieren.<\/strong><\/div>\n<div dir=\"auto\">Du erh\u00e4ltst das gesamte Programm als PDF \u2013 dauerhaft verf\u00fcgbar. Kein Abo, keine Verpflichtungen.<\/div>\n<div dir=\"auto\"><\/div>\n<div dir=\"auto\"><\/div>\n<div dir=\"auto\"><strong>Das Darm mit Plan 2.0 Programm ist kein Trend \u2013 sondern dein pers\u00f6nlicher Gesundheits-Reset, den du dein Leben lang nutzen kannst.<\/strong><\/div>\n<div dir=\"auto\"><strong>Starte jetzt \u2013 und bring deinen Darm, deine Energie, dein Gewicht und deine Haut auf ein neues Level.<\/strong><\/div>\n<\/div>","protected":false},"excerpt":{"rendered":"<h4>Das Darm mit Plan 2.0 Programm<\/h4>\n<div dir=\"auto\">Deine ganzheitliche Anleitung f\u00fcr nachhaltige Gesundheit, Energie und Wohlbefinden<\/div>\n<h4>Das erwartet Dich im Darm mit Plan 2.0 Programm:<\/h4>\n<ul>\n<li>Genaue Essenspl\u00e4ne f\u00fcr jeden Tag f\u00fcr 6 Wochen<\/li>\n<li>Einfache und leckere Rezepte<\/li>\n<li>Einkaufsliste mit Supermarkttipps und einfache Linkliste<\/li>\n<li>Alle 2 Wochen wechseln die Pl\u00e4ne und du bekommst immer ein paar neue Rezepte<\/li>\n<li>Mindset- und Bewegungs\u00fcbungen<\/li>\n<li>Videoanleitungen mit Atem- und K\u00f6rperbewusstseins\u00fcbungen<\/li>\n<li>Pers\u00f6nlicher Support<\/li>\n<li>Weiteres s.u. genaue Beschreibung<\/li>\n<\/ul>","protected":false},"featured_media":5332,"comment_status":"open","ping_status":"closed","template":"","meta":[],"product_brand":[],"product_cat":[163,56,58,145],"product_tag":[162,152,153,154,155,156,146,157,147,158,148,159,149,160,150,161,151],"class_list":{"0":"post-5616","1":"product","2":"type-product","3":"status-publish","4":"has-post-thumbnail","6":"product_cat-ernaehrung","7":"product_cat-gesundheitscoaching","8":"product_cat-detox","9":"product_cat-retreat","10":"product_tag-onlinemeditationen","11":"product_tag-psoriasis","12":"product_tag-allergien","13":"product_tag-nahrungsmittelunvertraeglichkeiten","14":"product_tag-onlinecoaching","15":"product_tag-verstopfungen","16":"product_tag-darmdetox","17":"product_tag-stoffwechselprobleme","18":"product_tag-darmgesundheit","19":"product_tag-abnehmen","20":"product_tag-enaehrungsumstellung","21":"product_tag-zunehmen","22":"product_tag-blaehbauch","23":"product_tag-muskelaufbau","24":"product_tag-blaehungen","25":"product_tag-abnehmenohnediaetatemuebungen","26":"product_tag-akne","28":"first","29":"instock","30":"featured","31":"downloadable","32":"virtual","33":"purchasable","34":"product-type-simple"},"yoast_head":"<!-- This site is optimized with the Yoast SEO plugin v27.3 - https:\/\/yoast.com\/product\/yoast-seo-wordpress\/ -->\n<title>Darm mit Plan 2.0<\/title>\n<meta name=\"description\" content=\"Das Darm mit Plan Programm besteht aus einem ausf\u00fchrlichen Erstgespr\u00e4ch, einer Anamnese sowie Auswertung eines Ern\u00e4hrungstagebuchs. Auf dieser Grundlage...\" \/>\n<meta name=\"robots\" content=\"index, follow, max-snippet:-1, max-image-preview:large, max-video-preview:-1\" \/>\n<link rel=\"canonical\" href=\"https:\/\/nadinept.de\/en\/product\/darm-mit-plan-2\/\" \/>\n<meta property=\"og:locale\" content=\"en_GB\" \/>\n<meta property=\"og:type\" content=\"article\" \/>\n<meta property=\"og:title\" content=\"Darm mit Plan 2.0\" \/>\n<meta property=\"og:description\" content=\"Das Darm mit Plan Programm besteht aus einem ausf\u00fchrlichen Erstgespr\u00e4ch, einer Anamnese sowie Auswertung eines Ern\u00e4hrungstagebuchs. Auf dieser Grundlage...\" \/>\n<meta property=\"og:url\" content=\"https:\/\/nadinept.de\/en\/product\/darm-mit-plan-2\/\" \/>\n<meta property=\"og:site_name\" content=\"Ern\u00e4hrungsberaterin Nadine Gina\" \/>\n<meta property=\"article:modified_time\" content=\"2026-03-31T21:43:42+00:00\" \/>\n<meta property=\"og:image\" content=\"https:\/\/nadinept.de\/wp-content\/uploads\/2023\/03\/box-Final-1024x819.png\" \/>\n\t<meta property=\"og:image:width\" content=\"1024\" \/>\n\t<meta property=\"og:image:height\" content=\"819\" \/>\n\t<meta property=\"og:image:type\" content=\"image\/png\" \/>\n<meta name=\"twitter:card\" content=\"summary_large_image\" \/>\n<meta name=\"twitter:label1\" content=\"Estimated reading time\" \/>\n\t<meta name=\"twitter:data1\" content=\"3 minutes\" \/>\n<script type=\"application\/ld+json\" class=\"yoast-schema-graph\">{\"@context\":\"https:\\\/\\\/schema.org\",\"@graph\":[{\"@type\":\"WebPage\",\"@id\":\"https:\\\/\\\/nadinept.de\\\/produkt\\\/darm-mit-plan-2\\\/\",\"url\":\"https:\\\/\\\/nadinept.de\\\/produkt\\\/darm-mit-plan-2\\\/\",\"name\":\"Darm mit Plan 2.0\",\"isPartOf\":{\"@id\":\"https:\\\/\\\/nadinept.de\\\/#website\"},\"primaryImageOfPage\":{\"@id\":\"https:\\\/\\\/nadinept.de\\\/produkt\\\/darm-mit-plan-2\\\/#primaryimage\"},\"image\":{\"@id\":\"https:\\\/\\\/nadinept.de\\\/produkt\\\/darm-mit-plan-2\\\/#primaryimage\"},\"thumbnailUrl\":\"https:\\\/\\\/nadinept.de\\\/wp-content\\\/uploads\\\/2023\\\/03\\\/box-Final.png\",\"datePublished\":\"2023-12-29T14:06:46+00:00\",\"dateModified\":\"2026-03-31T21:43:42+00:00\",\"description\":\"Das Darm mit Plan Programm besteht aus einem ausf\u00fchrlichen Erstgespr\u00e4ch, einer Anamnese sowie Auswertung eines Ern\u00e4hrungstagebuchs. Auf dieser Grundlage...\",\"breadcrumb\":{\"@id\":\"https:\\\/\\\/nadinept.de\\\/produkt\\\/darm-mit-plan-2\\\/#breadcrumb\"},\"inLanguage\":\"en-GB\",\"potentialAction\":[{\"@type\":\"ReadAction\",\"target\":[\"https:\\\/\\\/nadinept.de\\\/produkt\\\/darm-mit-plan-2\\\/\"]}]},{\"@type\":\"ImageObject\",\"inLanguage\":\"en-GB\",\"@id\":\"https:\\\/\\\/nadinept.de\\\/produkt\\\/darm-mit-plan-2\\\/#primaryimage\",\"url\":\"https:\\\/\\\/nadinept.de\\\/wp-content\\\/uploads\\\/2023\\\/03\\\/box-Final.png\",\"contentUrl\":\"https:\\\/\\\/nadinept.de\\\/wp-content\\\/uploads\\\/2023\\\/03\\\/box-Final.png\",\"width\":4500,\"height\":3600,\"caption\":\"Darm mit Plan Programm\"},{\"@type\":\"BreadcrumbList\",\"@id\":\"https:\\\/\\\/nadinept.de\\\/produkt\\\/darm-mit-plan-2\\\/#breadcrumb\",\"itemListElement\":[{\"@type\":\"ListItem\",\"position\":1,\"name\":\"Startseite\",\"item\":\"https:\\\/\\\/nadinept.de\\\/\"},{\"@type\":\"ListItem\",\"position\":2,\"name\":\"Shop\",\"item\":\"https:\\\/\\\/nadinept.de\\\/shop\\\/\"},{\"@type\":\"ListItem\",\"position\":3,\"name\":\"Darm mit Plan 2.0\"}]},{\"@type\":\"WebSite\",\"@id\":\"https:\\\/\\\/nadinept.de\\\/#website\",\"url\":\"https:\\\/\\\/nadinept.de\\\/\",\"name\":\"Ern\u00e4hrungsberaterin Nadine Gina\",\"description\":\"Ich bringe Dich in Deine volle Energie und in einen stabilen Stoffwechsel. Bl\u00e4hbauch, Hautprobleme, M\u00fcdigkeit, Fett- und Wassereinlagerungen haben eine Ursache! Schon innerhalb von 4 Wochen kannst du sp\u00fcrbar mehr Lebensqualit\u00e4t erfahren.\",\"publisher\":{\"@id\":\"https:\\\/\\\/nadinept.de\\\/#\\\/schema\\\/person\\\/fa4a1aeb527f36d59c7294898a06956d\"},\"potentialAction\":[{\"@type\":\"SearchAction\",\"target\":{\"@type\":\"EntryPoint\",\"urlTemplate\":\"https:\\\/\\\/nadinept.de\\\/?s={search_term_string}\"},\"query-input\":{\"@type\":\"PropertyValueSpecification\",\"valueRequired\":true,\"valueName\":\"search_term_string\"}}],\"inLanguage\":\"en-GB\"},{\"@type\":[\"Person\",\"Organization\"],\"@id\":\"https:\\\/\\\/nadinept.de\\\/#\\\/schema\\\/person\\\/fa4a1aeb527f36d59c7294898a06956d\",\"name\":\"Nadine\",\"image\":{\"@type\":\"ImageObject\",\"inLanguage\":\"en-GB\",\"@id\":\"https:\\\/\\\/nadinept.de\\\/wp-content\\\/uploads\\\/2023\\\/08\\\/20220912_1347442-scaled-e1692357478941.jpg\",\"url\":\"https:\\\/\\\/nadinept.de\\\/wp-content\\\/uploads\\\/2023\\\/08\\\/20220912_1347442-scaled-e1692357478941.jpg\",\"contentUrl\":\"https:\\\/\\\/nadinept.de\\\/wp-content\\\/uploads\\\/2023\\\/08\\\/20220912_1347442-scaled-e1692357478941.jpg\",\"width\":1817,\"height\":2508,\"caption\":\"Nadine\"},\"logo\":{\"@id\":\"https:\\\/\\\/nadinept.de\\\/wp-content\\\/uploads\\\/2023\\\/08\\\/20220912_1347442-scaled-e1692357478941.jpg\"},\"description\":\"Als ehemalige Leistungssportlerin habe ich mich schon immer mit Sport, neuesten sportwissenschaftlichen Erkenntnissen, verschiedenen Trainingsmethoden und Ern\u00e4hrung besch\u00e4ftigt. Doch zum Gesundheitscoach wurde ich erst durch meine Geschichte. Gesundheit bedeutet nicht keine Krankheitssymptome zu haben, sondern Lebensenergie, Lebensqualit\u00e4t und Lebensfreude!\",\"sameAs\":[\"http:\\\/\\\/nadinept.de\",\"https:\\\/\\\/www.instagram.com\\\/darm_mit_plan\\\/\"]}]}<\/script>\n<!-- \/ Yoast SEO plugin. -->","yoast_head_json":{"title":"Darm mit Plan 2.0","description":"Das Darm mit Plan Programm besteht aus einem ausf\u00fchrlichen Erstgespr\u00e4ch, einer Anamnese sowie Auswertung eines Ern\u00e4hrungstagebuchs. Auf dieser Grundlage...","robots":{"index":"index","follow":"follow","max-snippet":"max-snippet:-1","max-image-preview":"max-image-preview:large","max-video-preview":"max-video-preview:-1"},"canonical":"https:\/\/nadinept.de\/en\/product\/darm-mit-plan-2\/","og_locale":"en_GB","og_type":"article","og_title":"Darm mit Plan 2.0","og_description":"Das Darm mit Plan Programm besteht aus einem ausf\u00fchrlichen Erstgespr\u00e4ch, einer Anamnese sowie Auswertung eines Ern\u00e4hrungstagebuchs. Auf dieser Grundlage...","og_url":"https:\/\/nadinept.de\/en\/product\/darm-mit-plan-2\/","og_site_name":"Ern\u00e4hrungsberaterin Nadine Gina","article_modified_time":"2026-03-31T21:43:42+00:00","og_image":[{"width":1024,"height":819,"url":"https:\/\/nadinept.de\/wp-content\/uploads\/2023\/03\/box-Final-1024x819.png","type":"image\/png"}],"twitter_card":"summary_large_image","twitter_misc":{"Estimated reading time":"3 minutes"},"schema":{"@context":"https:\/\/schema.org","@graph":[{"@type":"WebPage","@id":"https:\/\/nadinept.de\/produkt\/darm-mit-plan-2\/","url":"https:\/\/nadinept.de\/produkt\/darm-mit-plan-2\/","name":"Darm mit Plan 2.0","isPartOf":{"@id":"https:\/\/nadinept.de\/#website"},"primaryImageOfPage":{"@id":"https:\/\/nadinept.de\/produkt\/darm-mit-plan-2\/#primaryimage"},"image":{"@id":"https:\/\/nadinept.de\/produkt\/darm-mit-plan-2\/#primaryimage"},"thumbnailUrl":"https:\/\/nadinept.de\/wp-content\/uploads\/2023\/03\/box-Final.png","datePublished":"2023-12-29T14:06:46+00:00","dateModified":"2026-03-31T21:43:42+00:00","description":"Das Darm mit Plan Programm besteht aus einem ausf\u00fchrlichen Erstgespr\u00e4ch, einer Anamnese sowie Auswertung eines Ern\u00e4hrungstagebuchs. Auf dieser Grundlage...","breadcrumb":{"@id":"https:\/\/nadinept.de\/produkt\/darm-mit-plan-2\/#breadcrumb"},"inLanguage":"en-GB","potentialAction":[{"@type":"ReadAction","target":["https:\/\/nadinept.de\/produkt\/darm-mit-plan-2\/"]}]},{"@type":"ImageObject","inLanguage":"en-GB","@id":"https:\/\/nadinept.de\/produkt\/darm-mit-plan-2\/#primaryimage","url":"https:\/\/nadinept.de\/wp-content\/uploads\/2023\/03\/box-Final.png","contentUrl":"https:\/\/nadinept.de\/wp-content\/uploads\/2023\/03\/box-Final.png","width":4500,"height":3600,"caption":"Darm mit Plan Programm"},{"@type":"BreadcrumbList","@id":"https:\/\/nadinept.de\/produkt\/darm-mit-plan-2\/#breadcrumb","itemListElement":[{"@type":"ListItem","position":1,"name":"Startseite","item":"https:\/\/nadinept.de\/"},{"@type":"ListItem","position":2,"name":"Shop","item":"https:\/\/nadinept.de\/shop\/"},{"@type":"ListItem","position":3,"name":"Darm mit Plan 2.0"}]},{"@type":"WebSite","@id":"https:\/\/nadinept.de\/#website","url":"https:\/\/nadinept.de\/","name":"Ern\u00e4hrungsberaterin Nadine Gina","description":"I will bring you to your full energy and a stable metabolism. Bloating, skin problems, fatigue, fat and water retention have a cause! Within 4 weeks you can experience a noticeably better quality of life.","publisher":{"@id":"https:\/\/nadinept.de\/#\/schema\/person\/fa4a1aeb527f36d59c7294898a06956d"},"potentialAction":[{"@type":"SearchAction","target":{"@type":"EntryPoint","urlTemplate":"https:\/\/nadinept.de\/?s={search_term_string}"},"query-input":{"@type":"PropertyValueSpecification","valueRequired":true,"valueName":"search_term_string"}}],"inLanguage":"en-GB"},{"@type":["Person","Organization"],"@id":"https:\/\/nadinept.de\/#\/schema\/person\/fa4a1aeb527f36d59c7294898a06956d","name":"Nadine","image":{"@type":"ImageObject","inLanguage":"en-GB","@id":"https:\/\/nadinept.de\/wp-content\/uploads\/2023\/08\/20220912_1347442-scaled-e1692357478941.jpg","url":"https:\/\/nadinept.de\/wp-content\/uploads\/2023\/08\/20220912_1347442-scaled-e1692357478941.jpg","contentUrl":"https:\/\/nadinept.de\/wp-content\/uploads\/2023\/08\/20220912_1347442-scaled-e1692357478941.jpg","width":1817,"height":2508,"caption":"Nadine"},"logo":{"@id":"https:\/\/nadinept.de\/wp-content\/uploads\/2023\/08\/20220912_1347442-scaled-e1692357478941.jpg"},"description":"Als ehemalige Leistungssportlerin habe ich mich schon immer mit Sport, neuesten sportwissenschaftlichen Erkenntnissen, verschiedenen Trainingsmethoden und Ern\u00e4hrung besch\u00e4ftigt. Doch zum Gesundheitscoach wurde ich erst durch meine Geschichte. Gesundheit bedeutet nicht keine Krankheitssymptome zu haben, sondern Lebensenergie, Lebensqualit\u00e4t und Lebensfreude!","sameAs":["http:\/\/nadinept.de","https:\/\/www.instagram.com\/darm_mit_plan\/"]}]}},"_links":{"self":[{"href":"https:\/\/nadinept.de\/en\/wp-json\/wp\/v2\/product\/5616","targetHints":{"allow":["GET"]}}],"collection":[{"href":"https:\/\/nadinept.de\/en\/wp-json\/wp\/v2\/product"}],"about":[{"href":"https:\/\/nadinept.de\/en\/wp-json\/wp\/v2\/types\/product"}],"replies":[{"embeddable":true,"href":"https:\/\/nadinept.de\/en\/wp-json\/wp\/v2\/comments?post=5616"}],"wp:featuredmedia":[{"embeddable":true,"href":"https:\/\/nadinept.de\/en\/wp-json\/wp\/v2\/media\/5332"}],"wp:attachment":[{"href":"https:\/\/nadinept.de\/en\/wp-json\/wp\/v2\/media?parent=5616"}],"wp:term":[{"taxonomy":"product_brand","embeddable":true,"href":"https:\/\/nadinept.de\/en\/wp-json\/wp\/v2\/product_brand?post=5616"},{"taxonomy":"product_cat","embeddable":true,"href":"https:\/\/nadinept.de\/en\/wp-json\/wp\/v2\/product_cat?post=5616"},{"taxonomy":"product_tag","embeddable":true,"href":"https:\/\/nadinept.de\/en\/wp-json\/wp\/v2\/product_tag?post=5616"}],"curies":[{"name":"wp","href":"https:\/\/api.w.org\/{rel}","templated":true}]}}