{"id":5896,"date":"2024-03-29T14:04:24","date_gmt":"2024-03-29T13:04:24","guid":{"rendered":"https:\/\/nadinept.de\/?post_type=product&#038;p=5896"},"modified":"2026-02-03T16:29:36","modified_gmt":"2026-02-03T15:29:36","slug":"die-ernaehrungsfibel","status":"publish","type":"product","link":"https:\/\/nadinept.de\/en\/product\/die-ernaehrungsfibel\/","title":{"rendered":"Die Ern\u00e4hrungsfibel"},"content":{"rendered":"<p>Die Ern\u00e4hrungsfibel (E-Book)<\/p>\n<p>&nbsp;<\/p>\n<p>Erfahre alles \u00fcber die optimalen Makro- und Mikron\u00e4hrstoffe f\u00fcr deine Darm- und Lebergesundheit, welche gerade ab 40 Jahren f\u00fcr deine langfristige Gesundheit entscheidend sind.<\/p>\n<p>Lerne die Formel f\u00fcr deinen individuellen Kalorienbedarf und erfahre auf was es bei der Supplementierung von N\u00e4hrstoffen wirklich ankommt sowie alles \u00fcber Aminos\u00e4uren und biologische Wertigkeit.<\/p>","protected":false},"excerpt":{"rendered":"<p>Die Ern\u00e4hrungsfibel (E-Book)<\/p>\n<p>&nbsp;<\/p>\n<p>Erfahre alles \u00fcber die optimalen Makro- und Mikron\u00e4hrstoffe f\u00fcr deine Darm- und Lebergesundheit, welche gerade ab 40 Jahren f\u00fcr deine langfristige Gesundheit entscheidend sind.<\/p>\n<p>Lerne die Formel f\u00fcr deinen individuellen Kalorienbedarf und erfahre auf was es bei der Supplementierung von N\u00e4hrstoffen wirklich ankommt sowie alles \u00fcber Aminos\u00e4uren und biologische Wertigkeit.<\/p>","protected":false},"featured_media":5154,"comment_status":"open","ping_status":"closed","template":"","meta":[],"product_brand":[],"product_cat":[56,58,163],"product_tag":[],"class_list":{"0":"post-5896","1":"product","2":"type-product","3":"status-publish","4":"has-post-thumbnail","6":"product_cat-gesundheitscoaching","7":"product_cat-detox","8":"product_cat-ernaehrung","10":"first","11":"instock","12":"featured","13":"downloadable","14":"virtual","15":"purchasable","16":"product-type-simple"},"yoast_head":"<!-- This site is optimized with the Yoast SEO plugin v27.3 - https:\/\/yoast.com\/product\/yoast-seo-wordpress\/ -->\n<title>Die Ern\u00e4hrungsfibel<\/title>\n<meta name=\"description\" content=\"Ern\u00e4hrungsfibel: Erfahre alles \u00fcber die optimalen Makro- u. Mikron\u00e4hrstoffe welche gerade ab 40 Jahren f\u00fcr deine langfristige Gesundheit entscheidend sind.\" \/>\n<meta name=\"robots\" content=\"index, follow, max-snippet:-1, max-image-preview:large, max-video-preview:-1\" \/>\n<link rel=\"canonical\" href=\"https:\/\/nadinept.de\/en\/product\/die-ernaehrungsfibel\/\" \/>\n<meta property=\"og:locale\" content=\"en_GB\" \/>\n<meta property=\"og:type\" content=\"article\" \/>\n<meta property=\"og:title\" content=\"Die Ern\u00e4hrungsfibel\" \/>\n<meta property=\"og:description\" content=\"Ern\u00e4hrungsfibel: Erfahre alles \u00fcber die optimalen Makro- u. Mikron\u00e4hrstoffe welche gerade ab 40 Jahren f\u00fcr deine langfristige Gesundheit entscheidend sind.\" \/>\n<meta property=\"og:url\" content=\"https:\/\/nadinept.de\/en\/product\/die-ernaehrungsfibel\/\" \/>\n<meta property=\"og:site_name\" content=\"Ern\u00e4hrungsberaterin Nadine Gina\" \/>\n<meta property=\"article:modified_time\" content=\"2026-02-03T15:29:36+00:00\" \/>\n<meta property=\"og:image\" content=\"https:\/\/nadinept.de\/wp-content\/uploads\/2023\/03\/Fibel-768x576-1.png\" \/>\n\t<meta property=\"og:image:width\" content=\"768\" \/>\n\t<meta property=\"og:image:height\" content=\"576\" \/>\n\t<meta property=\"og:image:type\" content=\"image\/png\" \/>\n<meta name=\"twitter:card\" content=\"summary_large_image\" \/>\n<meta name=\"twitter:label1\" content=\"Estimated reading time\" \/>\n\t<meta name=\"twitter:data1\" content=\"1 minute\" \/>\n<script type=\"application\/ld+json\" class=\"yoast-schema-graph\">{\"@context\":\"https:\\\/\\\/schema.org\",\"@graph\":[{\"@type\":\"WebPage\",\"@id\":\"https:\\\/\\\/nadinept.de\\\/produkt\\\/die-ernaehrungsfibel\\\/\",\"url\":\"https:\\\/\\\/nadinept.de\\\/produkt\\\/die-ernaehrungsfibel\\\/\",\"name\":\"Die Ern\u00e4hrungsfibel\",\"isPartOf\":{\"@id\":\"https:\\\/\\\/nadinept.de\\\/#website\"},\"primaryImageOfPage\":{\"@id\":\"https:\\\/\\\/nadinept.de\\\/produkt\\\/die-ernaehrungsfibel\\\/#primaryimage\"},\"image\":{\"@id\":\"https:\\\/\\\/nadinept.de\\\/produkt\\\/die-ernaehrungsfibel\\\/#primaryimage\"},\"thumbnailUrl\":\"https:\\\/\\\/nadinept.de\\\/wp-content\\\/uploads\\\/2023\\\/03\\\/Fibel-768x576-1.png\",\"datePublished\":\"2024-03-29T13:04:24+00:00\",\"dateModified\":\"2026-02-03T15:29:36+00:00\",\"description\":\"Ern\u00e4hrungsfibel: Erfahre alles \u00fcber die optimalen Makro- u. Mikron\u00e4hrstoffe welche gerade ab 40 Jahren f\u00fcr deine langfristige Gesundheit entscheidend sind.\",\"breadcrumb\":{\"@id\":\"https:\\\/\\\/nadinept.de\\\/produkt\\\/die-ernaehrungsfibel\\\/#breadcrumb\"},\"inLanguage\":\"en-GB\",\"potentialAction\":[{\"@type\":\"ReadAction\",\"target\":[\"https:\\\/\\\/nadinept.de\\\/produkt\\\/die-ernaehrungsfibel\\\/\"]}]},{\"@type\":\"ImageObject\",\"inLanguage\":\"en-GB\",\"@id\":\"https:\\\/\\\/nadinept.de\\\/produkt\\\/die-ernaehrungsfibel\\\/#primaryimage\",\"url\":\"https:\\\/\\\/nadinept.de\\\/wp-content\\\/uploads\\\/2023\\\/03\\\/Fibel-768x576-1.png\",\"contentUrl\":\"https:\\\/\\\/nadinept.de\\\/wp-content\\\/uploads\\\/2023\\\/03\\\/Fibel-768x576-1.png\",\"width\":768,\"height\":576},{\"@type\":\"BreadcrumbList\",\"@id\":\"https:\\\/\\\/nadinept.de\\\/produkt\\\/die-ernaehrungsfibel\\\/#breadcrumb\",\"itemListElement\":[{\"@type\":\"ListItem\",\"position\":1,\"name\":\"Startseite\",\"item\":\"https:\\\/\\\/nadinept.de\\\/\"},{\"@type\":\"ListItem\",\"position\":2,\"name\":\"Shop\",\"item\":\"https:\\\/\\\/nadinept.de\\\/shop\\\/\"},{\"@type\":\"ListItem\",\"position\":3,\"name\":\"Die Ern\u00e4hrungsfibel\"}]},{\"@type\":\"WebSite\",\"@id\":\"https:\\\/\\\/nadinept.de\\\/#website\",\"url\":\"https:\\\/\\\/nadinept.de\\\/\",\"name\":\"Ern\u00e4hrungsberaterin Nadine Gina\",\"description\":\"Ich bringe Dich in Deine volle Energie und in einen stabilen Stoffwechsel. Bl\u00e4hbauch, Hautprobleme, M\u00fcdigkeit, Fett- und Wassereinlagerungen haben eine Ursache! Schon innerhalb von 4 Wochen kannst du sp\u00fcrbar mehr Lebensqualit\u00e4t erfahren.\",\"publisher\":{\"@id\":\"https:\\\/\\\/nadinept.de\\\/#\\\/schema\\\/person\\\/fa4a1aeb527f36d59c7294898a06956d\"},\"potentialAction\":[{\"@type\":\"SearchAction\",\"target\":{\"@type\":\"EntryPoint\",\"urlTemplate\":\"https:\\\/\\\/nadinept.de\\\/?s={search_term_string}\"},\"query-input\":{\"@type\":\"PropertyValueSpecification\",\"valueRequired\":true,\"valueName\":\"search_term_string\"}}],\"inLanguage\":\"en-GB\"},{\"@type\":[\"Person\",\"Organization\"],\"@id\":\"https:\\\/\\\/nadinept.de\\\/#\\\/schema\\\/person\\\/fa4a1aeb527f36d59c7294898a06956d\",\"name\":\"Nadine\",\"image\":{\"@type\":\"ImageObject\",\"inLanguage\":\"en-GB\",\"@id\":\"https:\\\/\\\/nadinept.de\\\/wp-content\\\/uploads\\\/2023\\\/08\\\/20220912_1347442-scaled-e1692357478941.jpg\",\"url\":\"https:\\\/\\\/nadinept.de\\\/wp-content\\\/uploads\\\/2023\\\/08\\\/20220912_1347442-scaled-e1692357478941.jpg\",\"contentUrl\":\"https:\\\/\\\/nadinept.de\\\/wp-content\\\/uploads\\\/2023\\\/08\\\/20220912_1347442-scaled-e1692357478941.jpg\",\"width\":1817,\"height\":2508,\"caption\":\"Nadine\"},\"logo\":{\"@id\":\"https:\\\/\\\/nadinept.de\\\/wp-content\\\/uploads\\\/2023\\\/08\\\/20220912_1347442-scaled-e1692357478941.jpg\"},\"description\":\"Als ehemalige Leistungssportlerin habe ich mich schon immer mit Sport, neuesten sportwissenschaftlichen Erkenntnissen, verschiedenen Trainingsmethoden und Ern\u00e4hrung besch\u00e4ftigt. Doch zum Gesundheitscoach wurde ich erst durch meine Geschichte. Gesundheit bedeutet nicht keine Krankheitssymptome zu haben, sondern Lebensenergie, Lebensqualit\u00e4t und Lebensfreude!\",\"sameAs\":[\"http:\\\/\\\/nadinept.de\",\"https:\\\/\\\/www.instagram.com\\\/darm_mit_plan\\\/\"]}]}<\/script>\n<!-- \/ Yoast SEO plugin. -->","yoast_head_json":{"title":"Die Ern\u00e4hrungsfibel","description":"Ern\u00e4hrungsfibel: Erfahre alles \u00fcber die optimalen Makro- u. Mikron\u00e4hrstoffe welche gerade ab 40 Jahren f\u00fcr deine langfristige Gesundheit entscheidend sind.","robots":{"index":"index","follow":"follow","max-snippet":"max-snippet:-1","max-image-preview":"max-image-preview:large","max-video-preview":"max-video-preview:-1"},"canonical":"https:\/\/nadinept.de\/en\/product\/die-ernaehrungsfibel\/","og_locale":"en_GB","og_type":"article","og_title":"Die Ern\u00e4hrungsfibel","og_description":"Ern\u00e4hrungsfibel: Erfahre alles \u00fcber die optimalen Makro- u. Mikron\u00e4hrstoffe welche gerade ab 40 Jahren f\u00fcr deine langfristige Gesundheit entscheidend sind.","og_url":"https:\/\/nadinept.de\/en\/product\/die-ernaehrungsfibel\/","og_site_name":"Ern\u00e4hrungsberaterin Nadine Gina","article_modified_time":"2026-02-03T15:29:36+00:00","og_image":[{"width":768,"height":576,"url":"https:\/\/nadinept.de\/wp-content\/uploads\/2023\/03\/Fibel-768x576-1.png","type":"image\/png"}],"twitter_card":"summary_large_image","twitter_misc":{"Estimated reading time":"1 minute"},"schema":{"@context":"https:\/\/schema.org","@graph":[{"@type":"WebPage","@id":"https:\/\/nadinept.de\/produkt\/die-ernaehrungsfibel\/","url":"https:\/\/nadinept.de\/produkt\/die-ernaehrungsfibel\/","name":"Die Ern\u00e4hrungsfibel","isPartOf":{"@id":"https:\/\/nadinept.de\/#website"},"primaryImageOfPage":{"@id":"https:\/\/nadinept.de\/produkt\/die-ernaehrungsfibel\/#primaryimage"},"image":{"@id":"https:\/\/nadinept.de\/produkt\/die-ernaehrungsfibel\/#primaryimage"},"thumbnailUrl":"https:\/\/nadinept.de\/wp-content\/uploads\/2023\/03\/Fibel-768x576-1.png","datePublished":"2024-03-29T13:04:24+00:00","dateModified":"2026-02-03T15:29:36+00:00","description":"Ern\u00e4hrungsfibel: Erfahre alles \u00fcber die optimalen Makro- u. Mikron\u00e4hrstoffe welche gerade ab 40 Jahren f\u00fcr deine langfristige Gesundheit entscheidend sind.","breadcrumb":{"@id":"https:\/\/nadinept.de\/produkt\/die-ernaehrungsfibel\/#breadcrumb"},"inLanguage":"en-GB","potentialAction":[{"@type":"ReadAction","target":["https:\/\/nadinept.de\/produkt\/die-ernaehrungsfibel\/"]}]},{"@type":"ImageObject","inLanguage":"en-GB","@id":"https:\/\/nadinept.de\/produkt\/die-ernaehrungsfibel\/#primaryimage","url":"https:\/\/nadinept.de\/wp-content\/uploads\/2023\/03\/Fibel-768x576-1.png","contentUrl":"https:\/\/nadinept.de\/wp-content\/uploads\/2023\/03\/Fibel-768x576-1.png","width":768,"height":576},{"@type":"BreadcrumbList","@id":"https:\/\/nadinept.de\/produkt\/die-ernaehrungsfibel\/#breadcrumb","itemListElement":[{"@type":"ListItem","position":1,"name":"Startseite","item":"https:\/\/nadinept.de\/"},{"@type":"ListItem","position":2,"name":"Shop","item":"https:\/\/nadinept.de\/shop\/"},{"@type":"ListItem","position":3,"name":"Die Ern\u00e4hrungsfibel"}]},{"@type":"WebSite","@id":"https:\/\/nadinept.de\/#website","url":"https:\/\/nadinept.de\/","name":"Ern\u00e4hrungsberaterin Nadine Gina","description":"I will bring you to your full energy and a stable metabolism. Bloating, skin problems, fatigue, fat and water retention have a cause! Within 4 weeks you can experience a noticeably better quality of life.","publisher":{"@id":"https:\/\/nadinept.de\/#\/schema\/person\/fa4a1aeb527f36d59c7294898a06956d"},"potentialAction":[{"@type":"SearchAction","target":{"@type":"EntryPoint","urlTemplate":"https:\/\/nadinept.de\/?s={search_term_string}"},"query-input":{"@type":"PropertyValueSpecification","valueRequired":true,"valueName":"search_term_string"}}],"inLanguage":"en-GB"},{"@type":["Person","Organization"],"@id":"https:\/\/nadinept.de\/#\/schema\/person\/fa4a1aeb527f36d59c7294898a06956d","name":"Nadine","image":{"@type":"ImageObject","inLanguage":"en-GB","@id":"https:\/\/nadinept.de\/wp-content\/uploads\/2023\/08\/20220912_1347442-scaled-e1692357478941.jpg","url":"https:\/\/nadinept.de\/wp-content\/uploads\/2023\/08\/20220912_1347442-scaled-e1692357478941.jpg","contentUrl":"https:\/\/nadinept.de\/wp-content\/uploads\/2023\/08\/20220912_1347442-scaled-e1692357478941.jpg","width":1817,"height":2508,"caption":"Nadine"},"logo":{"@id":"https:\/\/nadinept.de\/wp-content\/uploads\/2023\/08\/20220912_1347442-scaled-e1692357478941.jpg"},"description":"Als ehemalige Leistungssportlerin habe ich mich schon immer mit Sport, neuesten sportwissenschaftlichen Erkenntnissen, verschiedenen Trainingsmethoden und Ern\u00e4hrung besch\u00e4ftigt. Doch zum Gesundheitscoach wurde ich erst durch meine Geschichte. Gesundheit bedeutet nicht keine Krankheitssymptome zu haben, sondern Lebensenergie, Lebensqualit\u00e4t und Lebensfreude!","sameAs":["http:\/\/nadinept.de","https:\/\/www.instagram.com\/darm_mit_plan\/"]}]}},"_links":{"self":[{"href":"https:\/\/nadinept.de\/en\/wp-json\/wp\/v2\/product\/5896","targetHints":{"allow":["GET"]}}],"collection":[{"href":"https:\/\/nadinept.de\/en\/wp-json\/wp\/v2\/product"}],"about":[{"href":"https:\/\/nadinept.de\/en\/wp-json\/wp\/v2\/types\/product"}],"replies":[{"embeddable":true,"href":"https:\/\/nadinept.de\/en\/wp-json\/wp\/v2\/comments?post=5896"}],"wp:featuredmedia":[{"embeddable":true,"href":"https:\/\/nadinept.de\/en\/wp-json\/wp\/v2\/media\/5154"}],"wp:attachment":[{"href":"https:\/\/nadinept.de\/en\/wp-json\/wp\/v2\/media?parent=5896"}],"wp:term":[{"taxonomy":"product_brand","embeddable":true,"href":"https:\/\/nadinept.de\/en\/wp-json\/wp\/v2\/product_brand?post=5896"},{"taxonomy":"product_cat","embeddable":true,"href":"https:\/\/nadinept.de\/en\/wp-json\/wp\/v2\/product_cat?post=5896"},{"taxonomy":"product_tag","embeddable":true,"href":"https:\/\/nadinept.de\/en\/wp-json\/wp\/v2\/product_tag?post=5896"}],"curies":[{"name":"wp","href":"https:\/\/api.w.org\/{rel}","templated":true}]}}