{"id":6233,"date":"2026-01-22T00:10:24","date_gmt":"2026-01-21T23:10:24","guid":{"rendered":"https:\/\/nadinept.de\/?post_type=product&#038;p=6233"},"modified":"2026-03-30T14:52:27","modified_gmt":"2026-03-30T12:52:27","slug":"mobility-flow-programm","status":"publish","type":"product","link":"https:\/\/nadinept.de\/en\/product\/mobility-flow-programm\/","title":{"rendered":"Mobility-Flow Programm"},"content":{"rendered":"<h3 style=\"text-align: left;\" data-start=\"1009\" data-end=\"1040\">Mobility von Fu\u00df bis Kopf<\/h3>\n<h4 data-start=\"1041\" data-end=\"1131\"><strong data-start=\"1041\" data-end=\"1131\">Dein Online-Trainingsplan f\u00fcr gesunde Gelenke, mehr Energie &amp; einen beweglichen K\u00f6rper<\/strong><\/h4>\n<p data-start=\"1133\" data-end=\"1306\">Unser K\u00f6rper ist nicht daf\u00fcr gemacht, den ganzen Tag zu sitzen, zu kompensieren oder steif zu werden.<br data-start=\"1234\" data-end=\"1237\" \/>Er ist daf\u00fcr gemacht, sich zu bewegen \u2013 flie\u00dfend, rotierend, federnd.<\/p>\n<p data-start=\"1308\" data-end=\"1358\">Genau hier setzt dieser Mobility-Trainingsplan an.<\/p>\n<p data-start=\"1360\" data-end=\"1694\">Als <strong data-start=\"1364\" data-end=\"1406\">Personal Trainerin seit \u00fcber 20 Jahren<\/strong> und <strong data-start=\"1411\" data-end=\"1432\">Mobility-Expertin<\/strong> verbinde ich in meiner Arbeit schon immer Bewegung, Gelenkgesundheit, K\u00f6rperfluss, Nervensystem und ganzheitliche Gesundheit.<br data-start=\"1558\" data-end=\"1561\" \/>In meinen 1-zu-1-Coachings geh\u00f6rte das nie getrennt \u2013 und jetzt ist es Zeit, dieses Wissen <strong data-start=\"1652\" data-end=\"1683\">f\u00fcr alle einfach zug\u00e4nglich<\/strong> zu machen.<\/p>\n<h3 data-start=\"1696\" data-end=\"1729\">Warum Mobility so wichtig ist<\/h3>\n<p data-start=\"1730\" data-end=\"1794\">Steife Gelenke sind kein isoliertes Problem.<br data-start=\"1774\" data-end=\"1777\" \/>Sie beeinflussen:<\/p>\n<ul data-start=\"1795\" data-end=\"1923\">\n<li data-start=\"1795\" data-end=\"1822\">\n<p data-start=\"1797\" data-end=\"1822\">Lymphfluss &amp; Entgiftung<\/p>\n<\/li>\n<li data-start=\"1823\" data-end=\"1849\">\n<p data-start=\"1825\" data-end=\"1849\">Stoffwechsel &amp; Energie<\/p>\n<\/li>\n<li data-start=\"1850\" data-end=\"1883\">\n<p data-start=\"1852\" data-end=\"1883\">Haltung, Gangbild &amp; Schmerzen<\/p>\n<\/li>\n<li data-start=\"1884\" data-end=\"1923\">\n<p data-start=\"1886\" data-end=\"1923\">Nervensystem, Regeneration &amp; Schlaf<\/p>\n<\/li>\n<\/ul>\n<p data-start=\"1925\" data-end=\"2015\">Mobility ist die <strong data-start=\"1942\" data-end=\"1979\">Basis f\u00fcr langfristige Gesundheit<\/strong> \u2013 im Alltag, nicht nur im Training.<\/p>\n<hr data-start=\"2017\" data-end=\"2020\" \/>\n<h3 data-start=\"2022\" data-end=\"2055\">Das erwartet dich im Programm<\/h3>\n<p data-start=\"2057\" data-end=\"2275\">Der Trainingsplan ist klar strukturiert mit Videoanleitung zu jedem Teil und f\u00fchrt dich <strong data-start=\"2112\" data-end=\"2132\">von Fu\u00df bis Kopf<\/strong> durch die wichtigsten Bewegungsbereiche des K\u00f6rpers.<br data-start=\"2185\" data-end=\"2188\" \/>Alle Einheiten sind <strong data-start=\"2208\" data-end=\"2223\">ohne Ger\u00e4te<\/strong>, \u00fcberall durchf\u00fchrbar und f\u00fcr jedes Level geeignet.<\/p>\n<h4 data-start=\"2277\" data-end=\"2308\"><strong data-start=\"2282\" data-end=\"2308\">1\ufe0f\u20e3 Quick-Minutes-Flow<\/strong><\/h4>\n<p data-start=\"2309\" data-end=\"2483\">Kurze, effektive Flows (5\u201310 Minuten) zur t\u00e4glichen Aktivierung von<br data-start=\"2376\" data-end=\"2379\" \/>Lymphfluss, Stoffwechsel, Immunsystem, Energie &amp; Schlaf.<br data-start=\"2435\" data-end=\"2438\" \/>Ideal f\u00fcr morgens, zwischendurch oder abends.<\/p>\n<h4 data-start=\"2485\" data-end=\"2518\"><strong data-start=\"2490\" data-end=\"2518\">2\ufe0f\u20e3 F\u00fc\u00dfe &amp; Sprunggelenke<\/strong><\/h4>\n<p data-start=\"2519\" data-end=\"2698\">Die Basis jeder Bewegung.<br data-start=\"2544\" data-end=\"2547\" \/>Gezielte Mobilisation der F\u00fc\u00dfe und Sprunggelenke \u2013 inklusive Einf\u00fchrung in die <strong data-start=\"2626\" data-end=\"2641\">tiefe Hocke<\/strong>, eine nat\u00fcrliche Grundhaltung, die viele verlernt haben.<\/p>\n<h4 data-start=\"2700\" data-end=\"2732\"><strong data-start=\"2705\" data-end=\"2732\">3\ufe0f\u20e3 Knie- &amp; H\u00fcftgelenke<\/strong><\/h4>\n<p data-start=\"2733\" data-end=\"2845\">Mobility-\u00dcbungen, CARS-Bewegungen, Flows &amp; Dehnungen f\u00fcr mehr Beweglichkeit, Stabilit\u00e4t und einen gesunden Gang.<\/p>\n<h4 data-start=\"2847\" data-end=\"2878\"><strong data-start=\"2852\" data-end=\"2878\">4\ufe0f\u20e3 R\u00fccken &amp; Schultern<\/strong><\/h4>\n<p data-start=\"2879\" data-end=\"3004\">Mobilisation f\u00fcr Wirbels\u00e4ule, Schulterg\u00fcrtel und oberen R\u00fccken \u2013 f\u00fcr bessere Haltung, freiere Atmung und weniger Verspannung.<\/p>\n<div class=\"relative basis-auto flex-col -mb-(--composer-overlap-px) [--composer-overlap-px:28px] grow flex\">\n<div class=\"flex flex-col text-sm pb-25\">\n<article class=\"text-token-text-primary w-full focus:outline-none [--shadow-height:45px] has-data-writing-block:pointer-events-none has-data-writing-block:-mt-(--shadow-height) has-data-writing-block:pt-(--shadow-height) [&amp;:has([data-writing-block])&gt;*]:pointer-events-auto [content-visibility:auto] supports-[content-visibility:auto]:[contain-intrinsic-size:auto_100lvh] scroll-mt-[calc(var(--header-height)+min(200px,max(70px,20svh)))]\" dir=\"auto\" tabindex=\"-1\" data-turn-id=\"762d6e7b-9725-437c-aa14-4bf8d7e62871\" data-testid=\"conversation-turn-30\" data-scroll-anchor=\"false\" data-turn=\"assistant\">\n<div class=\"text-base my-auto mx-auto [--thread-content-margin:--spacing(4)] @w-sm\/main:[--thread-content-margin:--spacing(6)] @w-lg\/main:[--thread-content-margin:--spacing(16)] px-(--thread-content-margin)\">\n<div class=\"[--thread-content-max-width:40rem] @w-lg\/main:[--thread-content-max-width:48rem] mx-auto max-w-(--thread-content-max-width) flex-1 group\/turn-messages focus-visible:outline-hidden relative flex w-full min-w-0 flex-col agent-turn\" tabindex=\"-1\">\n<div class=\"flex max-w-full flex-col grow\">\n<div class=\"min-h-8 text-message relative flex w-full flex-col items-end gap-2 text-start break-words whitespace-normal [.text-message+&amp;]:mt-1\" dir=\"auto\" data-message-author-role=\"assistant\" data-message-id=\"762d6e7b-9725-437c-aa14-4bf8d7e62871\" data-message-model-slug=\"gpt-5-2\">\n<div class=\"flex w-full flex-col gap-1 empty:hidden first:pt-[1px]\">\n<div class=\"markdown prose dark:prose-invert w-full break-words light markdown-new-styling\">\n<h3 data-start=\"3011\" data-end=\"3030\">Was du bekommst<\/h3>\n<p data-start=\"3031\" data-end=\"3187\">\u2714\ufe0f strukturierte Trainingspl\u00e4ne<br data-start=\"3062\" data-end=\"3065\" \/>\u2714\ufe0f klare Video-Anleitungen<br data-start=\"3091\" data-end=\"3094\" \/>\u2714\ufe0f kurze &amp; l\u00e4ngere Mobility-Sequenzen<br data-start=\"3131\" data-end=\"3134\" \/>\u2714\ufe0f alltagstaugliche Umsetzung \u2013 jederzeit &amp; \u00fcberall<\/p>\n<p data-start=\"3189\" data-end=\"3330\">Dieses Programm ist bewusst <strong data-start=\"3217\" data-end=\"3238\">nicht kompliziert<\/strong>, sondern so aufgebaut,<br data-start=\"3261\" data-end=\"3264\" \/>dass du deinen K\u00f6rper regelm\u00e4\u00dfig bewegst, ohne ihn zu \u00fcberfordern.<\/p>\n<hr data-start=\"3332\" data-end=\"3335\" \/>\n<h3 data-start=\"3337\" data-end=\"3374\">F\u00fcr wen ist dieser Plan geeignet?<\/h3>\n<p data-start=\"3375\" data-end=\"3553\">\u2714\ufe0f f\u00fcr jedes Alter<br data-start=\"3393\" data-end=\"3396\" \/>\u2714\ufe0f f\u00fcr Anf\u00e4nger &amp; Fortgeschrittene<br data-start=\"3430\" data-end=\"3433\" \/>\u2714\ufe0f als t\u00e4gliche Routine oder Erg\u00e4nzung zu Training &amp; Coaching<br data-start=\"3494\" data-end=\"3497\" \/>\u2714\ufe0f f\u00fcr mehr Beweglichkeit, Wohlbefinden &amp; K\u00f6rpergef\u00fchl<\/p>\n<hr data-start=\"3555\" data-end=\"3558\" \/>\n<h3 data-start=\"3560\" data-end=\"3576\">Dein Vorteil<\/h3>\n<p data-start=\"3577\" data-end=\"3747\">Dieser Plan basiert auf <strong data-start=\"3601\" data-end=\"3656\">\u00fcber 20 Jahren Erfahrung im ganzheitlichen Coaching<\/strong>,<br data-start=\"3657\" data-end=\"3660\" \/>in dem Bewegung, Gelenkgesundheit, Stoffwechsel und Nervensystem immer zusammengeh\u00f6ren.<\/p>\n<p data-start=\"3749\" data-end=\"3827\">F\u00fcr einen <strong data-start=\"3759\" data-end=\"3826\">beweglichen, entspannten und gesunden K\u00f6rper \u2013 von Fu\u00df bis Kopf<\/strong>.<\/p>\n<hr data-start=\"3829\" data-end=\"3832\" \/>\n<\/div>\n<\/div>\n<\/div>\n<\/div>\n<\/div>\n<\/div>\n<\/article>\n<\/div>\n<\/div>\n<div id=\"thread-bottom-container\" class=\"sticky bottom-0 group\/thread-bottom-container relative isolate z-10 w-full basis-auto has-data-has-thread-error:pt-2 has-data-has-thread-error:[box-shadow:var(--sharp-edge-bottom-shadow)] md:border-transparent md:pt-0 dark:border-white\/20 md:dark:border-transparent print:hidden content-fade single-line flex flex-col\">\n<div id=\"thread-bottom\">\n<div class=\"text-base mx-auto [--thread-content-margin:--spacing(4)] @w-sm\/main:[--thread-content-margin:--spacing(6)] @w-lg\/main:[--thread-content-margin:--spacing(16)] px-(--thread-content-margin)\">\n<div class=\"[--thread-content-max-width:40rem] @w-lg\/main:[--thread-content-max-width:48rem] mx-auto max-w-(--thread-content-max-width) flex-1 mb-4\">\n<div class=\"pointer-events-auto relative z-1 flex h-(--composer-container-height,100%) max-w-full flex-(--composer-container-flex,1) flex-col\">\n<form class=\"group\/composer w-full\" data-type=\"unified-composer\">\n<div class=\"\">\n<div class=\"bg-token-bg-primary corner-superellipse\/1.1 cursor-text overflow-clip bg-clip-padding p-2.5 contain-inline-size motion-safe:transition-colors motion-safe:duration-200 motion-safe:ease-in-out dark:bg-[#303030] grid grid-cols-[auto_1fr_auto] [grid-template-areas:'header_header_header'_'leading_primary_trailing'_'._footer_.'] group-data-expanded\/composer:[grid-template-areas:'header_header_header'_'primary_primary_primary'_'leading_footer_trailing'] shadow-short\" data-composer-surface=\"true\">\n<div class=\"-my-2.5 flex min-h-14 items-center overflow-x-hidden px-1.5 [grid-area:primary] group-data-expanded\/composer:mb-0 group-data-expanded\/composer:px-2.5\">\n<div class=\"wcDTda_prosemirror-parent text-token-text-primary max-h-[max(30svh,5rem)] max-h-52 min-h-[var(--deep-research-composer-extra-height,unset)] flex-1 overflow-auto [scrollbar-width:thin] default-browser vertical-scroll-fade-mask\"><\/div>\n<\/div>\n<\/div>\n<\/div>\n<\/form>\n<\/div>\n<\/div>\n<\/div>\n<\/div>\n<\/div>\n","protected":false},"excerpt":{"rendered":"<p><strong data-start=\"570\" data-end=\"599\">Mobility von Fu\u00df bis Kopf<\/strong> ist ein ganzheitlicher Online-Trainingsplan f\u00fcr geschmeidige Gelenke, bessere Beweglichkeit und mehr Leichtigkeit im Alltag.<br data-start=\"724\" data-end=\"727\" \/>Mit klaren Video-Anleitungen, kurzen Flows und gezielten Mobility-\u00dcbungen bis hin zum Erlernen der tiefen Hocke, unterst\u00fctzt dich dieses Programm dabei, deinen K\u00f6rper von unten nach oben wieder in Bewegung zu bringen \u2013 einfach, alltagstauglich und ohne Ger\u00e4te.<\/p>","protected":false},"featured_media":6236,"comment_status":"open","ping_status":"closed","template":"","meta":[],"product_brand":[],"product_cat":[171],"product_tag":[51,176],"class_list":{"0":"post-6233","1":"product","2":"type-product","3":"status-publish","4":"has-post-thumbnail","6":"product_cat-mobilitytraining","7":"product_tag-mobility","8":"product_tag-176","10":"first","11":"instock","12":"featured","13":"downloadable","14":"virtual","15":"purchasable","16":"product-type-simple"},"yoast_head":"<!-- This site is optimized with the Yoast SEO plugin v27.3 - https:\/\/yoast.com\/product\/yoast-seo-wordpress\/ -->\n<title>Mobility-Flow Programm - Mobility von Fu\u00df bis Kopf<\/title>\n<meta name=\"description\" content=\"Mobility-Flow Programm; ein ganzheitlicher Online-Trainingsplan f\u00fcr geschmeidige Gelenke, bessere Beweglichkeit und mehr Leichtigkeit im Alltag.\" \/>\n<meta name=\"robots\" content=\"index, follow, max-snippet:-1, max-image-preview:large, max-video-preview:-1\" \/>\n<link rel=\"canonical\" href=\"https:\/\/nadinept.de\/en\/product\/mobility-flow-programm\/\" \/>\n<meta property=\"og:locale\" content=\"en_GB\" \/>\n<meta property=\"og:type\" content=\"article\" \/>\n<meta property=\"og:title\" content=\"Mobility-Flow Programm - Mobility von Fu\u00df bis Kopf\" \/>\n<meta property=\"og:description\" content=\"Mobility-Flow Programm; ein ganzheitlicher Online-Trainingsplan f\u00fcr geschmeidige Gelenke, bessere Beweglichkeit und mehr Leichtigkeit im Alltag.\" \/>\n<meta property=\"og:url\" content=\"https:\/\/nadinept.de\/en\/product\/mobility-flow-programm\/\" \/>\n<meta property=\"og:site_name\" content=\"Ern\u00e4hrungsberaterin Nadine Gina\" \/>\n<meta property=\"article:modified_time\" content=\"2026-03-30T12:52:27+00:00\" \/>\n<meta property=\"og:image\" content=\"https:\/\/nadinept.de\/wp-content\/uploads\/2026\/01\/Cover-Shop-2.png\" \/>\n\t<meta property=\"og:image:width\" content=\"1536\" \/>\n\t<meta property=\"og:image:height\" content=\"1024\" \/>\n\t<meta property=\"og:image:type\" content=\"image\/png\" \/>\n<meta name=\"twitter:card\" content=\"summary_large_image\" \/>\n<meta name=\"twitter:label1\" content=\"Estimated reading time\" \/>\n\t<meta name=\"twitter:data1\" content=\"3 minutes\" \/>\n<script type=\"application\/ld+json\" class=\"yoast-schema-graph\">{\"@context\":\"https:\\\/\\\/schema.org\",\"@graph\":[{\"@type\":\"WebPage\",\"@id\":\"https:\\\/\\\/nadinept.de\\\/produkt\\\/mobility-flow-programm\\\/\",\"url\":\"https:\\\/\\\/nadinept.de\\\/produkt\\\/mobility-flow-programm\\\/\",\"name\":\"Mobility-Flow Programm - Mobility von Fu\u00df bis Kopf\",\"isPartOf\":{\"@id\":\"https:\\\/\\\/nadinept.de\\\/#website\"},\"primaryImageOfPage\":{\"@id\":\"https:\\\/\\\/nadinept.de\\\/produkt\\\/mobility-flow-programm\\\/#primaryimage\"},\"image\":{\"@id\":\"https:\\\/\\\/nadinept.de\\\/produkt\\\/mobility-flow-programm\\\/#primaryimage\"},\"thumbnailUrl\":\"https:\\\/\\\/nadinept.de\\\/wp-content\\\/uploads\\\/2026\\\/01\\\/Cover-Shop-2.png\",\"datePublished\":\"2026-01-21T23:10:24+00:00\",\"dateModified\":\"2026-03-30T12:52:27+00:00\",\"description\":\"Mobility-Flow Programm; ein ganzheitlicher Online-Trainingsplan f\u00fcr geschmeidige Gelenke, bessere Beweglichkeit und mehr Leichtigkeit im Alltag.\",\"breadcrumb\":{\"@id\":\"https:\\\/\\\/nadinept.de\\\/produkt\\\/mobility-flow-programm\\\/#breadcrumb\"},\"inLanguage\":\"en-GB\",\"potentialAction\":[{\"@type\":\"ReadAction\",\"target\":[\"https:\\\/\\\/nadinept.de\\\/produkt\\\/mobility-flow-programm\\\/\"]}]},{\"@type\":\"ImageObject\",\"inLanguage\":\"en-GB\",\"@id\":\"https:\\\/\\\/nadinept.de\\\/produkt\\\/mobility-flow-programm\\\/#primaryimage\",\"url\":\"https:\\\/\\\/nadinept.de\\\/wp-content\\\/uploads\\\/2026\\\/01\\\/Cover-Shop-2.png\",\"contentUrl\":\"https:\\\/\\\/nadinept.de\\\/wp-content\\\/uploads\\\/2026\\\/01\\\/Cover-Shop-2.png\",\"width\":1536,\"height\":1024,\"caption\":\"Mobility von Fu\u00df bis Kopf\"},{\"@type\":\"BreadcrumbList\",\"@id\":\"https:\\\/\\\/nadinept.de\\\/produkt\\\/mobility-flow-programm\\\/#breadcrumb\",\"itemListElement\":[{\"@type\":\"ListItem\",\"position\":1,\"name\":\"Startseite\",\"item\":\"https:\\\/\\\/nadinept.de\\\/\"},{\"@type\":\"ListItem\",\"position\":2,\"name\":\"Shop\",\"item\":\"https:\\\/\\\/nadinept.de\\\/shop\\\/\"},{\"@type\":\"ListItem\",\"position\":3,\"name\":\"Mobility-Flow Programm\"}]},{\"@type\":\"WebSite\",\"@id\":\"https:\\\/\\\/nadinept.de\\\/#website\",\"url\":\"https:\\\/\\\/nadinept.de\\\/\",\"name\":\"Ern\u00e4hrungsberaterin Nadine Gina\",\"description\":\"Ich bringe Dich in Deine volle Energie und in einen stabilen Stoffwechsel. Bl\u00e4hbauch, Hautprobleme, M\u00fcdigkeit, Fett- und Wassereinlagerungen haben eine Ursache! Schon innerhalb von 4 Wochen kannst du sp\u00fcrbar mehr Lebensqualit\u00e4t erfahren.\",\"publisher\":{\"@id\":\"https:\\\/\\\/nadinept.de\\\/#\\\/schema\\\/person\\\/fa4a1aeb527f36d59c7294898a06956d\"},\"potentialAction\":[{\"@type\":\"SearchAction\",\"target\":{\"@type\":\"EntryPoint\",\"urlTemplate\":\"https:\\\/\\\/nadinept.de\\\/?s={search_term_string}\"},\"query-input\":{\"@type\":\"PropertyValueSpecification\",\"valueRequired\":true,\"valueName\":\"search_term_string\"}}],\"inLanguage\":\"en-GB\"},{\"@type\":[\"Person\",\"Organization\"],\"@id\":\"https:\\\/\\\/nadinept.de\\\/#\\\/schema\\\/person\\\/fa4a1aeb527f36d59c7294898a06956d\",\"name\":\"Nadine\",\"image\":{\"@type\":\"ImageObject\",\"inLanguage\":\"en-GB\",\"@id\":\"https:\\\/\\\/nadinept.de\\\/wp-content\\\/uploads\\\/2023\\\/08\\\/20220912_1347442-scaled-e1692357478941.jpg\",\"url\":\"https:\\\/\\\/nadinept.de\\\/wp-content\\\/uploads\\\/2023\\\/08\\\/20220912_1347442-scaled-e1692357478941.jpg\",\"contentUrl\":\"https:\\\/\\\/nadinept.de\\\/wp-content\\\/uploads\\\/2023\\\/08\\\/20220912_1347442-scaled-e1692357478941.jpg\",\"width\":1817,\"height\":2508,\"caption\":\"Nadine\"},\"logo\":{\"@id\":\"https:\\\/\\\/nadinept.de\\\/wp-content\\\/uploads\\\/2023\\\/08\\\/20220912_1347442-scaled-e1692357478941.jpg\"},\"description\":\"Als ehemalige Leistungssportlerin habe ich mich schon immer mit Sport, neuesten sportwissenschaftlichen Erkenntnissen, verschiedenen Trainingsmethoden und Ern\u00e4hrung besch\u00e4ftigt. Doch zum Gesundheitscoach wurde ich erst durch meine Geschichte. Gesundheit bedeutet nicht keine Krankheitssymptome zu haben, sondern Lebensenergie, Lebensqualit\u00e4t und Lebensfreude!\",\"sameAs\":[\"http:\\\/\\\/nadinept.de\",\"https:\\\/\\\/www.instagram.com\\\/darm_mit_plan\\\/\"]}]}<\/script>\n<!-- \/ Yoast SEO plugin. -->","yoast_head_json":{"title":"Mobility-Flow Programm - Mobility von Fu\u00df bis Kopf","description":"Mobility-Flow Programm; ein ganzheitlicher Online-Trainingsplan f\u00fcr geschmeidige Gelenke, bessere Beweglichkeit und mehr Leichtigkeit im Alltag.","robots":{"index":"index","follow":"follow","max-snippet":"max-snippet:-1","max-image-preview":"max-image-preview:large","max-video-preview":"max-video-preview:-1"},"canonical":"https:\/\/nadinept.de\/en\/product\/mobility-flow-programm\/","og_locale":"en_GB","og_type":"article","og_title":"Mobility-Flow Programm - Mobility von Fu\u00df bis Kopf","og_description":"Mobility-Flow Programm; ein ganzheitlicher Online-Trainingsplan f\u00fcr geschmeidige Gelenke, bessere Beweglichkeit und mehr Leichtigkeit im Alltag.","og_url":"https:\/\/nadinept.de\/en\/product\/mobility-flow-programm\/","og_site_name":"Ern\u00e4hrungsberaterin Nadine Gina","article_modified_time":"2026-03-30T12:52:27+00:00","og_image":[{"width":1536,"height":1024,"url":"https:\/\/nadinept.de\/wp-content\/uploads\/2026\/01\/Cover-Shop-2.png","type":"image\/png"}],"twitter_card":"summary_large_image","twitter_misc":{"Estimated reading time":"3 minutes"},"schema":{"@context":"https:\/\/schema.org","@graph":[{"@type":"WebPage","@id":"https:\/\/nadinept.de\/produkt\/mobility-flow-programm\/","url":"https:\/\/nadinept.de\/produkt\/mobility-flow-programm\/","name":"Mobility-Flow Programm - Mobility von Fu\u00df bis Kopf","isPartOf":{"@id":"https:\/\/nadinept.de\/#website"},"primaryImageOfPage":{"@id":"https:\/\/nadinept.de\/produkt\/mobility-flow-programm\/#primaryimage"},"image":{"@id":"https:\/\/nadinept.de\/produkt\/mobility-flow-programm\/#primaryimage"},"thumbnailUrl":"https:\/\/nadinept.de\/wp-content\/uploads\/2026\/01\/Cover-Shop-2.png","datePublished":"2026-01-21T23:10:24+00:00","dateModified":"2026-03-30T12:52:27+00:00","description":"Mobility-Flow Programm; ein ganzheitlicher Online-Trainingsplan f\u00fcr geschmeidige Gelenke, bessere Beweglichkeit und mehr Leichtigkeit im Alltag.","breadcrumb":{"@id":"https:\/\/nadinept.de\/produkt\/mobility-flow-programm\/#breadcrumb"},"inLanguage":"en-GB","potentialAction":[{"@type":"ReadAction","target":["https:\/\/nadinept.de\/produkt\/mobility-flow-programm\/"]}]},{"@type":"ImageObject","inLanguage":"en-GB","@id":"https:\/\/nadinept.de\/produkt\/mobility-flow-programm\/#primaryimage","url":"https:\/\/nadinept.de\/wp-content\/uploads\/2026\/01\/Cover-Shop-2.png","contentUrl":"https:\/\/nadinept.de\/wp-content\/uploads\/2026\/01\/Cover-Shop-2.png","width":1536,"height":1024,"caption":"Mobility von Fu\u00df bis Kopf"},{"@type":"BreadcrumbList","@id":"https:\/\/nadinept.de\/produkt\/mobility-flow-programm\/#breadcrumb","itemListElement":[{"@type":"ListItem","position":1,"name":"Startseite","item":"https:\/\/nadinept.de\/"},{"@type":"ListItem","position":2,"name":"Shop","item":"https:\/\/nadinept.de\/shop\/"},{"@type":"ListItem","position":3,"name":"Mobility-Flow Programm"}]},{"@type":"WebSite","@id":"https:\/\/nadinept.de\/#website","url":"https:\/\/nadinept.de\/","name":"Ern\u00e4hrungsberaterin Nadine Gina","description":"I will bring you to your full energy and a stable metabolism. Bloating, skin problems, fatigue, fat and water retention have a cause! Within 4 weeks you can experience a noticeably better quality of life.","publisher":{"@id":"https:\/\/nadinept.de\/#\/schema\/person\/fa4a1aeb527f36d59c7294898a06956d"},"potentialAction":[{"@type":"SearchAction","target":{"@type":"EntryPoint","urlTemplate":"https:\/\/nadinept.de\/?s={search_term_string}"},"query-input":{"@type":"PropertyValueSpecification","valueRequired":true,"valueName":"search_term_string"}}],"inLanguage":"en-GB"},{"@type":["Person","Organization"],"@id":"https:\/\/nadinept.de\/#\/schema\/person\/fa4a1aeb527f36d59c7294898a06956d","name":"Nadine","image":{"@type":"ImageObject","inLanguage":"en-GB","@id":"https:\/\/nadinept.de\/wp-content\/uploads\/2023\/08\/20220912_1347442-scaled-e1692357478941.jpg","url":"https:\/\/nadinept.de\/wp-content\/uploads\/2023\/08\/20220912_1347442-scaled-e1692357478941.jpg","contentUrl":"https:\/\/nadinept.de\/wp-content\/uploads\/2023\/08\/20220912_1347442-scaled-e1692357478941.jpg","width":1817,"height":2508,"caption":"Nadine"},"logo":{"@id":"https:\/\/nadinept.de\/wp-content\/uploads\/2023\/08\/20220912_1347442-scaled-e1692357478941.jpg"},"description":"Als ehemalige Leistungssportlerin habe ich mich schon immer mit Sport, neuesten sportwissenschaftlichen Erkenntnissen, verschiedenen Trainingsmethoden und Ern\u00e4hrung besch\u00e4ftigt. Doch zum Gesundheitscoach wurde ich erst durch meine Geschichte. Gesundheit bedeutet nicht keine Krankheitssymptome zu haben, sondern Lebensenergie, Lebensqualit\u00e4t und Lebensfreude!","sameAs":["http:\/\/nadinept.de","https:\/\/www.instagram.com\/darm_mit_plan\/"]}]}},"_links":{"self":[{"href":"https:\/\/nadinept.de\/en\/wp-json\/wp\/v2\/product\/6233","targetHints":{"allow":["GET"]}}],"collection":[{"href":"https:\/\/nadinept.de\/en\/wp-json\/wp\/v2\/product"}],"about":[{"href":"https:\/\/nadinept.de\/en\/wp-json\/wp\/v2\/types\/product"}],"replies":[{"embeddable":true,"href":"https:\/\/nadinept.de\/en\/wp-json\/wp\/v2\/comments?post=6233"}],"wp:featuredmedia":[{"embeddable":true,"href":"https:\/\/nadinept.de\/en\/wp-json\/wp\/v2\/media\/6236"}],"wp:attachment":[{"href":"https:\/\/nadinept.de\/en\/wp-json\/wp\/v2\/media?parent=6233"}],"wp:term":[{"taxonomy":"product_brand","embeddable":true,"href":"https:\/\/nadinept.de\/en\/wp-json\/wp\/v2\/product_brand?post=6233"},{"taxonomy":"product_cat","embeddable":true,"href":"https:\/\/nadinept.de\/en\/wp-json\/wp\/v2\/product_cat?post=6233"},{"taxonomy":"product_tag","embeddable":true,"href":"https:\/\/nadinept.de\/en\/wp-json\/wp\/v2\/product_tag?post=6233"}],"curies":[{"name":"wp","href":"https:\/\/api.w.org\/{rel}","templated":true}]}}